{"id":58319,"date":"2025-10-05T22:23:33","date_gmt":"2025-10-05T20:23:33","guid":{"rendered":"https:\/\/www.alpibiellesi.eu\/tourisme-pour-tous-sentiers\/"},"modified":"2025-10-05T22:23:35","modified_gmt":"2025-10-05T20:23:35","slug":"tourisme-pour-tous-sentiers","status":"publish","type":"page","link":"https:\/\/www.alpibiellesi.eu\/fr\/tourisme-pour-tous-sentiers\/","title":{"rendered":"Tourisme pour tous &#8211; Sentiers"},"content":{"rendered":"<p><div class=\"fusion-fullwidth fullwidth-box fusion-builder-row-1 fusion-flex-container has-pattern-background has-mask-background nonhundred-percent-fullwidth non-hundred-percent-height-scrolling\" style=\"--awb-border-radius-top-left:0px;--awb-border-radius-top-right:0px;--awb-border-radius-bottom-right:0px;--awb-border-radius-bottom-left:0px;--awb-flex-wrap:wrap;\" ><div class=\"fusion-builder-row fusion-row fusion-flex-align-items-flex-start fusion-flex-content-wrap\" style=\"max-width:1144px;margin-left: calc(-4% \/ 2 );margin-right: calc(-4% \/ 2 );\"><div class=\"fusion-layout-column fusion_builder_column fusion-builder-column-0 fusion_builder_column_1_1 1_1 fusion-flex-column\" style=\"--awb-bg-size:cover;--awb-width-large:100%;--awb-margin-top-large:0px;--awb-spacing-right-large:1.92%;--awb-margin-bottom-large:20px;--awb-spacing-left-large:1.92%;--awb-width-medium:100%;--awb-order-medium:0;--awb-spacing-right-medium:1.92%;--awb-spacing-left-medium:1.92%;--awb-width-small:100%;--awb-order-small:0;--awb-spacing-right-small:1.92%;--awb-spacing-left-small:1.92%;\"><div class=\"fusion-column-wrapper fusion-column-has-shadow fusion-flex-justify-content-flex-start fusion-content-layout-column\"><div class=\"fusion-image-element \" style=\"--awb-caption-title-font-family:var(--h2_typography-font-family);--awb-caption-title-font-weight:var(--h2_typography-font-weight);--awb-caption-title-font-style:var(--h2_typography-font-style);--awb-caption-title-size:var(--h2_typography-font-size);--awb-caption-title-transform:var(--h2_typography-text-transform);--awb-caption-title-line-height:var(--h2_typography-line-height);--awb-caption-title-letter-spacing:var(--h2_typography-letter-spacing);\"><span class=\" fusion-imageframe imageframe-none imageframe-1 hover-type-none\"><img decoding=\"async\" width=\"1920\" height=\"700\" title=\"1920 x 700 collage 3-3\" src=\"https:\/\/www.alpibiellesi.eu\/wp-content\/uploads\/2024\/10\/1920-x-700-collage-3-3.jpg\" alt class=\"img-responsive wp-image-49395\" srcset=\"https:\/\/www.alpibiellesi.eu\/wp-content\/uploads\/2024\/10\/1920-x-700-collage-3-3-200x73.jpg 200w, https:\/\/www.alpibiellesi.eu\/wp-content\/uploads\/2024\/10\/1920-x-700-collage-3-3-400x146.jpg 400w, https:\/\/www.alpibiellesi.eu\/wp-content\/uploads\/2024\/10\/1920-x-700-collage-3-3-600x219.jpg 600w, https:\/\/www.alpibiellesi.eu\/wp-content\/uploads\/2024\/10\/1920-x-700-collage-3-3-800x292.jpg 800w, https:\/\/www.alpibiellesi.eu\/wp-content\/uploads\/2024\/10\/1920-x-700-collage-3-3-1200x438.jpg 1200w, https:\/\/www.alpibiellesi.eu\/wp-content\/uploads\/2024\/10\/1920-x-700-collage-3-3.jpg 1920w\" sizes=\"(max-width: 1024px) 100vw, (max-width: 640px) 100vw, 1200px\" \/><\/span><\/div><\/div><\/div><\/div><\/div><div class=\"fusion-fullwidth fullwidth-box fusion-builder-row-2 fusion-flex-container nonhundred-percent-fullwidth non-hundred-percent-height-scrolling\" style=\"--awb-border-radius-top-left:0px;--awb-border-radius-top-right:0px;--awb-border-radius-bottom-right:0px;--awb-border-radius-bottom-left:0px;--awb-flex-wrap:wrap;\" ><div class=\"fusion-builder-row fusion-row fusion-flex-align-items-flex-start fusion-flex-content-wrap\" style=\"max-width:1144px;margin-left: calc(-4% \/ 2 );margin-right: calc(-4% \/ 2 );\"><div class=\"fusion-layout-column fusion_builder_column fusion-builder-column-1 fusion_builder_column_2_3 2_3 fusion-flex-column\" style=\"--awb-bg-size:cover;--awb-width-large:66.666666666667%;--awb-margin-top-large:0px;--awb-spacing-right-large:2.88%;--awb-margin-bottom-large:20px;--awb-spacing-left-large:2.88%;--awb-width-medium:100%;--awb-spacing-right-medium:1.92%;--awb-spacing-left-medium:1.92%;--awb-width-small:100%;--awb-spacing-right-small:1.92%;--awb-spacing-left-small:1.92%;\"><div class=\"fusion-column-wrapper fusion-flex-justify-content-flex-start fusion-content-layout-column\"><div class=\"fusion-title title fusion-title-1 fusion-title-text fusion-title-size-two\"><div class=\"title-sep-container title-sep-container-left fusion-no-large-visibility fusion-no-medium-visibility fusion-no-small-visibility\"><div class=\"title-sep sep-double sep-solid\" style=\"border-color:#e0dede;\"><\/div><\/div><span class=\"awb-title-spacer fusion-no-large-visibility fusion-no-medium-visibility fusion-no-small-visibility\"><\/span><h2 class=\"fusion-title-heading title-heading-left fusion-responsive-typography-calculated\" style=\"margin:0;--fontSize:18;--minFontSize:18;line-height:1.5;\">Sentiers<\/h2><span class=\"awb-title-spacer\"><\/span><div class=\"title-sep-container title-sep-container-right\"><div class=\"title-sep sep-double sep-solid\" style=\"border-color:#e0dede;\"><\/div><\/div><\/div><div class=\"fusion-text fusion-text-1\"><p>Pour les familles, les seniors, les sportifs confirm\u00e9s et les personnes \u00e0 mobilit\u00e9 r\u00e9duite.<\/p>\n<p>La route panoramique Zegna est le point de d\u00e9part principal des sentiers qui sillonnent notre territoire.<\/p>\n<p>On y trouve un r\u00e9seau dense de sentiers faciles con\u00e7us pour les familles, d&rsquo;itin\u00e9raires plus exigeants pour les randonneurs exp\u00e9riment\u00e9s et de longs itin\u00e9raires panoramiques pour les plus sportifs, incluant des chemins muletiers et des randonn\u00e9es sur les cr\u00eates, offrant des vues imprenables et balis\u00e9s par des panneaux didactiques et une signal\u00e9tique \u00e9co-con\u00e7ue.<\/p>\n<p>Il est \u00e9galement possible de rejoindre des p\u00e2turages et des alpages \u00e0 diff\u00e9rentes altitudes et de d\u00e9guster des produits locaux typiques.<\/p>\n<p>Dans la Conca dei Rododendri, les personnes \u00e0 mobilit\u00e9 r\u00e9duite disposent de trois places de parking, d&rsquo;une aire de pique-nique enti\u00e8rement \u00e9quip\u00e9e et d&rsquo;un sentier confortable et facile de 45 minutes avec des sections plates et des zones de repos. Les installations d&rsquo;accueil et les points de ravitaillement de l&rsquo;Oasi Zegna sont \u00e9galement con\u00e7us pour le tourisme accessible.<\/p>\n<\/div><\/div><\/div><div class=\"fusion-layout-column fusion_builder_column fusion-builder-column-2 fusion_builder_column_1_3 1_3 fusion-flex-column\" style=\"--awb-bg-size:cover;--awb-width-large:33.333333333333%;--awb-margin-top-large:0px;--awb-spacing-right-large:5.76%;--awb-margin-bottom-large:20px;--awb-spacing-left-large:5.76%;--awb-width-medium:100%;--awb-spacing-right-medium:1.92%;--awb-spacing-left-medium:1.92%;--awb-width-small:100%;--awb-spacing-right-small:1.92%;--awb-spacing-left-small:1.92%;\"><div class=\"fusion-column-wrapper fusion-flex-justify-content-flex-start fusion-content-layout-column\"><div class=\"fusion-title title fusion-title-2 fusion-title-text fusion-title-size-two\"><div class=\"title-sep-container title-sep-container-left fusion-no-large-visibility fusion-no-medium-visibility fusion-no-small-visibility\"><div class=\"title-sep sep-double sep-solid\" style=\"border-color:#e0dede;\"><\/div><\/div><span class=\"awb-title-spacer fusion-no-large-visibility fusion-no-medium-visibility fusion-no-small-visibility\"><\/span><h2 class=\"fusion-title-heading title-heading-left fusion-responsive-typography-calculated\" style=\"margin:0;--fontSize:18;--minFontSize:18;line-height:1.5;\">D\u00e9tails<\/h2><span class=\"awb-title-spacer\"><\/span><div class=\"title-sep-container title-sep-container-right\"><div class=\"title-sep sep-double sep-solid\" style=\"border-color:#e0dede;\"><\/div><\/div><\/div><div class=\"accordian fusion-accordian\" style=\"--awb-border-size:1px;--awb-icon-size:13px;--awb-content-font-size:13px;--awb-icon-alignment:left;--awb-hover-color:#f9f9f9;--awb-border-color:#cccccc;--awb-background-color:#ffffff;--awb-divider-color:#e0dede;--awb-divider-hover-color:#e0dede;--awb-icon-color:#ffffff;--awb-title-color:#333333;--awb-content-color:#747474;--awb-icon-box-color:#333333;--awb-toggle-hover-accent-color:#a0ce4e;--awb-title-font-family:&quot;Roboto Slab&quot;;--awb-title-font-weight:300;--awb-title-font-style:normal;--awb-title-font-size:14px;--awb-content-font-family:&quot;PT Sans&quot;;--awb-content-font-style:normal;--awb-content-font-weight:400;\"><div class=\"panel-group fusion-toggle-icon-boxed\" id=\"accordion-58319-1\"><div class=\"fusion-panel panel-default panel-ecdce85c4a0e5ae16 fusion-toggle-has-divider\"><div class=\"panel-heading\"><h4 class=\"panel-title toggle\" id=\"toggle_ecdce85c4a0e5ae16\"><a class=\"active\" aria-expanded=\"true\" aria-controls=\"ecdce85c4a0e5ae16\" role=\"button\" data-toggle=\"collapse\" data-parent=\"#accordion-58319-1\" data-target=\"#ecdce85c4a0e5ae16\" href=\"#ecdce85c4a0e5ae16\"><span class=\"fusion-toggle-icon-wrapper\" aria-hidden=\"true\"><i class=\"fa-fusion-box active-icon awb-icon-minus\" aria-hidden=\"true\"><\/i><i class=\"fa-fusion-box inactive-icon awb-icon-plus\" aria-hidden=\"true\"><\/i><\/span><span class=\"fusion-toggle-heading\">Typologie<\/span><\/a><\/h4><\/div><div id=\"ecdce85c4a0e5ae16\" class=\"panel-collapse collapse in\" aria-labelledby=\"toggle_ecdce85c4a0e5ae16\"><div class=\"panel-body toggle-content fusion-clearfix\">\n<p>Promenades<br \/>Avec les amis<br \/>Avec la\u00a0 famille<\/p>\n<\/div><\/div><\/div><div class=\"fusion-panel panel-default panel-29de86092a6ee9c60 fusion-toggle-has-divider\" style=\"--awb-title-color:#333333;--awb-content-color:#747474;\"><div class=\"panel-heading\"><h4 class=\"panel-title toggle\" id=\"toggle_29de86092a6ee9c60\"><a aria-expanded=\"false\" aria-controls=\"29de86092a6ee9c60\" role=\"button\" data-toggle=\"collapse\" data-parent=\"#accordion-58319-1\" data-target=\"#29de86092a6ee9c60\" href=\"#29de86092a6ee9c60\"><span class=\"fusion-toggle-icon-wrapper\" aria-hidden=\"true\"><i class=\"fa-fusion-box active-icon awb-icon-minus\" aria-hidden=\"true\"><\/i><i class=\"fa-fusion-box inactive-icon awb-icon-plus\" aria-hidden=\"true\"><\/i><\/span><span class=\"fusion-toggle-heading\">Localit\u00e9<\/span><\/a><\/h4><\/div><div id=\"29de86092a6ee9c60\" class=\"panel-collapse collapse \" aria-labelledby=\"toggle_29de86092a6ee9c60\"><div class=\"panel-body toggle-content fusion-clearfix\">\n<p>Valdilana<\/p>\n<\/div><\/div><\/div><div class=\"fusion-panel panel-default panel-6d736168cd0b54a16 fusion-toggle-has-divider\" style=\"--awb-title-color:#333333;--awb-content-color:#747474;\"><div class=\"panel-heading\"><h4 class=\"panel-title toggle\" id=\"toggle_6d736168cd0b54a16\"><a aria-expanded=\"false\" aria-controls=\"6d736168cd0b54a16\" role=\"button\" data-toggle=\"collapse\" data-parent=\"#accordion-58319-1\" data-target=\"#6d736168cd0b54a16\" href=\"#6d736168cd0b54a16\"><span class=\"fusion-toggle-icon-wrapper\" aria-hidden=\"true\"><i class=\"fa-fusion-box active-icon awb-icon-minus\" aria-hidden=\"true\"><\/i><i class=\"fa-fusion-box inactive-icon awb-icon-plus\" aria-hidden=\"true\"><\/i><\/span><span class=\"fusion-toggle-heading\">Contact<\/span><\/a><\/h4><\/div><div id=\"6d736168cd0b54a16\" class=\"panel-collapse collapse \" aria-labelledby=\"toggle_6d736168cd0b54a16\"><div class=\"panel-body toggle-content fusion-clearfix\">+39 +39 015.9248084<br \/>servizi.valdilana@ptb.provincia.biella.it<\/div><\/div><\/div><div class=\"fusion-panel panel-default panel-d9741e70c50d0feb2 fusion-toggle-has-divider\"><div class=\"panel-heading\"><h4 class=\"panel-title toggle\" id=\"toggle_d9741e70c50d0feb2\"><a aria-expanded=\"false\" aria-controls=\"d9741e70c50d0feb2\" role=\"button\" data-toggle=\"collapse\" data-parent=\"#accordion-58319-1\" data-target=\"#d9741e70c50d0feb2\" href=\"#d9741e70c50d0feb2\"><span class=\"fusion-toggle-icon-wrapper\" aria-hidden=\"true\"><i class=\"fa-fusion-box active-icon awb-icon-minus\" aria-hidden=\"true\"><\/i><i class=\"fa-fusion-box inactive-icon awb-icon-plus\" aria-hidden=\"true\"><\/i><\/span><span class=\"fusion-toggle-heading\">Web<\/span><\/a><\/h4><\/div><div id=\"d9741e70c50d0feb2\" class=\"panel-collapse collapse \" aria-labelledby=\"toggle_d9741e70c50d0feb2\"><div class=\"panel-body toggle-content fusion-clearfix\">\n<p>info@prolocotrivero.it<\/p>\n<\/div><\/div><\/div><\/div><\/div><div style=\"text-align:center;\"><a class=\"fusion-button button-flat button-large button-custom fusion-button-default button-1 fusion-button-default-span fusion-button-default-type custom-button-richiedi-informazioni\" style=\"--button_accent_color:rgba(255,255,255,.8);--button_accent_hover_color:rgba(255,255,255,.9);--button_border_hover_color:rgba(255,255,255,.9);--button_gradient_top_color:#006959;--button_gradient_bottom_color:#006959;--button_gradient_top_color_hover:#363839;--button_gradient_bottom_color_hover:#363839;\" target=\"_self\" href=\"https:\/\/www.alpibiellesi.eu\/contatti\/\"><span class=\"fusion-button-text awb-button__text awb-button__text--default\">Richiedi Informazioni<\/span><\/a><\/div><\/div><\/div><div class=\"fusion-layout-column fusion_builder_column fusion-builder-column-3 fusion_builder_column_1_1 1_1 fusion-flex-column\" style=\"--awb-bg-size:cover;--awb-width-large:100%;--awb-margin-top-large:0px;--awb-spacing-right-large:1.92%;--awb-margin-bottom-large:20px;--awb-spacing-left-large:1.92%;--awb-width-medium:100%;--awb-spacing-right-medium:1.92%;--awb-spacing-left-medium:1.92%;--awb-width-small:100%;--awb-spacing-right-small:1.92%;--awb-spacing-left-small:1.92%;\"><div class=\"fusion-column-wrapper fusion-flex-justify-content-flex-start fusion-content-layout-column\"><div class=\"fusion-image-carousel fusion-image-carousel-auto fusion-image-carousel-1 lightbox-enabled fusion-carousel-border\"><div class=\"awb-carousel awb-swiper awb-swiper-carousel awb-carousel--carousel awb-swiper-dots-position-bottom\" data-layout=\"carousel\" data-autoplay=\"no\" data-autoplayspeed=\"2500\" data-autoplaypause=\"no\" data-columns=\"3\" data-columnsmedium=\"1\" data-columnssmall=\"1\" data-itemmargin=\"13\" data-itemwidth=\"180\" data-touchscroll=\"no\" data-freemode=\"no\" data-imagesize=\"auto\" data-scrollitems=\"0\" data-centeredslides=\"no\" data-rotationangle=\"50\" data-depth=\"100\" data-speed=\"500\" data-shadow=\"no\" data-pagination=\"bullets\" style=\"--awb-columns:3;--awb-border-width:1px;--awb-border-color:#e9eaee;\"><div class=\"swiper-wrapper awb-image-carousel-wrapper fusion-flex-align-items-center\"><div class=\"swiper-slide\"><div class=\"fusion-carousel-item-wrapper\"><div class=\"fusion-image-wrapper hover-type-zoomin\"><a data-rel=\"iLightbox[image_carousel_1]\" data-caption=\"Oasi Zegna - Sentieri\" data-title=\"Oasi Zegna &#8211; Sentieri\" aria-label=\"Oasi Zegna &#8211; Sentieri\" href=\"https:\/\/www.alpibiellesi.eu\/wp-content\/uploads\/2017\/10\/Oasi-Zegna_Sentieri_1.jpg\" target=\"_self\"><img decoding=\"async\" width=\"800\" height=\"600\" src=\"https:\/\/www.alpibiellesi.eu\/wp-content\/uploads\/2017\/10\/Oasi-Zegna_Sentieri_1.jpg\" class=\"attachment-full size-full\" alt=\"Oasi Zegna - Sentieri\" srcset=\"https:\/\/www.alpibiellesi.eu\/wp-content\/uploads\/2017\/10\/Oasi-Zegna_Sentieri_1-200x150.jpg 200w, https:\/\/www.alpibiellesi.eu\/wp-content\/uploads\/2017\/10\/Oasi-Zegna_Sentieri_1-400x300.jpg 400w, https:\/\/www.alpibiellesi.eu\/wp-content\/uploads\/2017\/10\/Oasi-Zegna_Sentieri_1-600x450.jpg 600w, https:\/\/www.alpibiellesi.eu\/wp-content\/uploads\/2017\/10\/Oasi-Zegna_Sentieri_1.jpg 800w\" sizes=\"(min-width: 2200px) 100vw, (min-width: 824px) 358px, (min-width: 732px) 537px, (min-width: 640px) 732px, \" \/><\/a><\/div><\/div><\/div><div class=\"swiper-slide\"><div class=\"fusion-carousel-item-wrapper\"><div class=\"fusion-image-wrapper hover-type-zoomin\"><a data-rel=\"iLightbox[image_carousel_1]\" data-caption=\"Oasi Zegna - Sentieri\" data-title=\"Oasi Zegna &#8211; Sentieri\" aria-label=\"Oasi Zegna &#8211; Sentieri\" href=\"https:\/\/www.alpibiellesi.eu\/wp-content\/uploads\/2017\/10\/Oasi-Zegna_Sentieri_2.jpg\" target=\"_self\"><img decoding=\"async\" width=\"800\" height=\"600\" src=\"https:\/\/www.alpibiellesi.eu\/wp-content\/uploads\/2017\/10\/Oasi-Zegna_Sentieri_2.jpg\" class=\"attachment-full size-full\" alt=\"Oasi Zegna - Sentieri\" srcset=\"https:\/\/www.alpibiellesi.eu\/wp-content\/uploads\/2017\/10\/Oasi-Zegna_Sentieri_2-200x150.jpg 200w, https:\/\/www.alpibiellesi.eu\/wp-content\/uploads\/2017\/10\/Oasi-Zegna_Sentieri_2-400x300.jpg 400w, https:\/\/www.alpibiellesi.eu\/wp-content\/uploads\/2017\/10\/Oasi-Zegna_Sentieri_2-600x450.jpg 600w, https:\/\/www.alpibiellesi.eu\/wp-content\/uploads\/2017\/10\/Oasi-Zegna_Sentieri_2.jpg 800w\" sizes=\"(min-width: 2200px) 100vw, (min-width: 824px) 358px, (min-width: 732px) 537px, (min-width: 640px) 732px, \" \/><\/a><\/div><\/div><\/div><div class=\"swiper-slide\"><div class=\"fusion-carousel-item-wrapper\"><div class=\"fusion-image-wrapper hover-type-zoomin\"><a data-rel=\"iLightbox[image_carousel_1]\" data-caption=\"Oasi Zegna - Sentieri\" data-title=\"Oasi Zegna &#8211; Sentieri\" aria-label=\"Oasi Zegna &#8211; Sentieri\" href=\"https:\/\/www.alpibiellesi.eu\/wp-content\/uploads\/2017\/10\/Oasi-Zegna_Sentieri_3.jpg\" target=\"_self\"><img decoding=\"async\" width=\"800\" height=\"600\" src=\"https:\/\/www.alpibiellesi.eu\/wp-content\/uploads\/2017\/10\/Oasi-Zegna_Sentieri_3.jpg\" class=\"attachment-full size-full\" alt=\"Oasi Zegna - Sentieri\" srcset=\"https:\/\/www.alpibiellesi.eu\/wp-content\/uploads\/2017\/10\/Oasi-Zegna_Sentieri_3-200x150.jpg 200w, https:\/\/www.alpibiellesi.eu\/wp-content\/uploads\/2017\/10\/Oasi-Zegna_Sentieri_3-400x300.jpg 400w, https:\/\/www.alpibiellesi.eu\/wp-content\/uploads\/2017\/10\/Oasi-Zegna_Sentieri_3-600x450.jpg 600w, https:\/\/www.alpibiellesi.eu\/wp-content\/uploads\/2017\/10\/Oasi-Zegna_Sentieri_3.jpg 800w\" sizes=\"(min-width: 2200px) 100vw, (min-width: 824px) 358px, (min-width: 732px) 537px, (min-width: 640px) 732px, \" \/><\/a><\/div><\/div><\/div><\/div><div class=\"awb-swiper-button awb-swiper-button-prev\"><i class=\"awb-icon-angle-left\" aria-hidden=\"true\"><\/i><\/div><div class=\"awb-swiper-button awb-swiper-button-next\"><i class=\"awb-icon-angle-right\" aria-hidden=\"true\"><\/i><\/div><\/div><\/div><\/div><\/div><\/div><\/div><div class=\"fusion-fullwidth fullwidth-box fusion-builder-row-3 fusion-flex-container green-lantern nonhundred-percent-fullwidth non-hundred-percent-height-scrolling\" style=\"--awb-border-radius-top-left:0px;--awb-border-radius-top-right:0px;--awb-border-radius-bottom-right:0px;--awb-border-radius-bottom-left:0px;--awb-padding-top:20px;--awb-padding-bottom:10px;--awb-background-color:#085d50;--awb-flex-wrap:wrap;\" ><div class=\"fusion-builder-row fusion-row fusion-flex-align-items-flex-start fusion-flex-content-wrap\" style=\"max-width:1144px;margin-left: calc(-4% \/ 2 );margin-right: calc(-4% \/ 2 );\"><div class=\"fusion-layout-column fusion_builder_column fusion-builder-column-4 fusion_builder_column_3_4 3_4 fusion-flex-column fusion-flex-align-self-flex-start no-margin fusion-column-no-min-height\" style=\"--awb-bg-color:#085d50;--awb-bg-color-hover:#085d50;--awb-bg-size:cover;--awb-width-large:75%;--awb-margin-top-large:0px;--awb-spacing-right-large:3.84%;--awb-margin-bottom-large:0px;--awb-spacing-left-large:2.56%;--awb-width-medium:100%;--awb-spacing-right-medium:1.92%;--awb-spacing-left-medium:1.92%;--awb-width-small:100%;--awb-spacing-right-small:1.92%;--awb-spacing-left-small:1.92%;\"><div class=\"fusion-column-wrapper fusion-flex-justify-content-flex-start fusion-content-layout-column\"><div class=\"fusion-text fusion-text-2\"><p style=\"text-align: center;\">Iscriviti per ricevere tutte le novit\u00e0 sull\u2019ospitalit\u00e0, gli eventi e le esperienze da vivere nel nostro territorio<\/p>\n<p>\n<\/div><\/div><\/div><div class=\"fusion-layout-column fusion_builder_column fusion-builder-column-5 fusion_builder_column_1_4 1_4 fusion-flex-column fusion-flex-align-self-flex-start no-margin fusion-column-no-min-height\" style=\"--awb-bg-color:#085d50;--awb-bg-color-hover:#085d50;--awb-bg-size:cover;--awb-width-large:25%;--awb-margin-top-large:15px;--awb-spacing-right-large:7.68%;--awb-margin-bottom-large:0px;--awb-spacing-left-large:3.84%;--awb-width-medium:100%;--awb-spacing-right-medium:1.92%;--awb-spacing-left-medium:1.92%;--awb-width-small:100%;--awb-spacing-right-small:1.92%;--awb-spacing-left-small:1.92%;\"><div class=\"fusion-column-wrapper fusion-flex-justify-content-flex-start fusion-content-layout-column\"><div style=\"text-align:center;\"><a class=\"fusion-button button-flat button-xlarge button-custom fusion-button-default button-2 fusion-button-default-span fusion-animated\" style=\"--button_accent_color:rgba(255,255,255,.8);--button_accent_hover_color:#ffffff;--button_border_hover_color:#ffffff;--button_border_width-top:2px;--button_border_width-right:2px;--button_border_width-bottom:2px;--button_border_width-left:2px;--button_gradient_top_color:rgba(255,255,255,.1);--button_gradient_bottom_color:rgba(255,255,255,.1);--button_gradient_top_color_hover:rgba(255, 255, 255, 0.25);--button_gradient_bottom_color_hover:rgba(255, 255, 255, 0.25);\" data-animationType=\"fadeInUp\" data-animationDuration=\"0.1\" data-animationOffset=\"top-into-view\" target=\"_blank\" rel=\"noopener noreferrer\" href=\"#\"><span class=\"fusion-button-text awb-button__text awb-button__text--default\">Iscriviti<\/span><\/a><\/div><\/div><\/div><\/div><\/div><\/p>\n","protected":false},"excerpt":{"rendered":"","protected":false},"author":38,"featured_media":0,"parent":0,"menu_order":0,"comment_status":"closed","ping_status":"closed","template":"100-width.php","meta":{"footnotes":""},"class_list":["post-58319","page","type-page","status-publish","hentry"],"aioseo_notices":[],"_links":{"self":[{"href":"https:\/\/www.alpibiellesi.eu\/fr\/wp-json\/wp\/v2\/pages\/58319","targetHints":{"allow":["GET"]}}],"collection":[{"href":"https:\/\/www.alpibiellesi.eu\/fr\/wp-json\/wp\/v2\/pages"}],"about":[{"href":"https:\/\/www.alpibiellesi.eu\/fr\/wp-json\/wp\/v2\/types\/page"}],"author":[{"embeddable":true,"href":"https:\/\/www.alpibiellesi.eu\/fr\/wp-json\/wp\/v2\/users\/38"}],"replies":[{"embeddable":true,"href":"https:\/\/www.alpibiellesi.eu\/fr\/wp-json\/wp\/v2\/comments?post=58319"}],"version-history":[{"count":1,"href":"https:\/\/www.alpibiellesi.eu\/fr\/wp-json\/wp\/v2\/pages\/58319\/revisions"}],"predecessor-version":[{"id":58357,"href":"https:\/\/www.alpibiellesi.eu\/fr\/wp-json\/wp\/v2\/pages\/58319\/revisions\/58357"}],"wp:attachment":[{"href":"https:\/\/www.alpibiellesi.eu\/fr\/wp-json\/wp\/v2\/media?parent=58319"}],"curies":[{"name":"wp","href":"https:\/\/api.w.org\/{rel}","templated":true}]}}