{"id":58280,"date":"2025-10-05T18:04:13","date_gmt":"2025-10-05T16:04:13","guid":{"rendered":"https:\/\/www.alpibiellesi.eu\/mesente-ie-projet\/"},"modified":"2025-10-05T20:37:58","modified_gmt":"2025-10-05T18:37:58","slug":"mesente-ie-projet","status":"publish","type":"page","link":"https:\/\/www.alpibiellesi.eu\/fr\/mesente-ie-projet\/","title":{"rendered":"M\u00e9sent\u00e9 ie projet"},"content":{"rendered":"<p><div class=\"fusion-fullwidth fullwidth-box fusion-builder-row-1 fusion-flex-container has-pattern-background has-mask-background nonhundred-percent-fullwidth non-hundred-percent-height-scrolling\" style=\"--awb-border-radius-top-left:0px;--awb-border-radius-top-right:0px;--awb-border-radius-bottom-right:0px;--awb-border-radius-bottom-left:0px;--awb-flex-wrap:wrap;\" ><div class=\"fusion-builder-row fusion-row fusion-flex-align-items-flex-start fusion-flex-content-wrap\" style=\"max-width:1144px;margin-left: calc(-4% \/ 2 );margin-right: calc(-4% \/ 2 );\"><div class=\"fusion-layout-column fusion_builder_column fusion-builder-column-0 fusion_builder_column_1_1 1_1 fusion-flex-column\" style=\"--awb-bg-size:cover;--awb-width-large:100%;--awb-margin-top-large:0px;--awb-spacing-right-large:1.92%;--awb-margin-bottom-large:20px;--awb-spacing-left-large:1.92%;--awb-width-medium:100%;--awb-order-medium:0;--awb-spacing-right-medium:1.92%;--awb-spacing-left-medium:1.92%;--awb-width-small:100%;--awb-order-small:0;--awb-spacing-right-small:1.92%;--awb-spacing-left-small:1.92%;\"><div class=\"fusion-column-wrapper fusion-column-has-shadow fusion-flex-justify-content-flex-start fusion-content-layout-column\"><div class=\"fusion-image-element \" style=\"--awb-caption-title-font-family:var(--h2_typography-font-family);--awb-caption-title-font-weight:var(--h2_typography-font-weight);--awb-caption-title-font-style:var(--h2_typography-font-style);--awb-caption-title-size:var(--h2_typography-font-size);--awb-caption-title-transform:var(--h2_typography-text-transform);--awb-caption-title-line-height:var(--h2_typography-line-height);--awb-caption-title-letter-spacing:var(--h2_typography-letter-spacing);\"><span class=\" fusion-imageframe imageframe-none imageframe-1 hover-type-none\"><img decoding=\"async\" width=\"1920\" height=\"700\" title=\"TurismoPerTutti 1920 x 700\" src=\"https:\/\/www.alpibiellesi.eu\/wp-content\/uploads\/2023\/01\/TurismoPerTutti-1920-x-700-.jpg\" alt class=\"img-responsive wp-image-40612\" srcset=\"https:\/\/www.alpibiellesi.eu\/wp-content\/uploads\/2023\/01\/TurismoPerTutti-1920-x-700--200x73.jpg 200w, https:\/\/www.alpibiellesi.eu\/wp-content\/uploads\/2023\/01\/TurismoPerTutti-1920-x-700--400x146.jpg 400w, https:\/\/www.alpibiellesi.eu\/wp-content\/uploads\/2023\/01\/TurismoPerTutti-1920-x-700--600x219.jpg 600w, https:\/\/www.alpibiellesi.eu\/wp-content\/uploads\/2023\/01\/TurismoPerTutti-1920-x-700--800x292.jpg 800w, https:\/\/www.alpibiellesi.eu\/wp-content\/uploads\/2023\/01\/TurismoPerTutti-1920-x-700--1200x438.jpg 1200w, https:\/\/www.alpibiellesi.eu\/wp-content\/uploads\/2023\/01\/TurismoPerTutti-1920-x-700-.jpg 1920w\" sizes=\"(max-width: 1024px) 100vw, (max-width: 640px) 100vw, 1200px\" \/><\/span><\/div><\/div><\/div><\/div><\/div><div class=\"fusion-fullwidth fullwidth-box fusion-builder-row-2 fusion-flex-container green-lantern ottodic nonhundred-percent-fullwidth non-hundred-percent-height-scrolling\" style=\"--awb-border-radius-top-left:0px;--awb-border-radius-top-right:0px;--awb-border-radius-bottom-right:0px;--awb-border-radius-bottom-left:0px;--awb-padding-bottom:15px;--awb-margin-top:0px;--awb-background-color:#085d50;--awb-flex-wrap:wrap;\" ><div class=\"fusion-builder-row fusion-row fusion-flex-align-items-flex-start fusion-flex-content-wrap\" style=\"max-width:1144px;margin-left: calc(-4% \/ 2 );margin-right: calc(-4% \/ 2 );\"><div class=\"fusion-layout-column fusion_builder_column fusion-builder-column-1 fusion_builder_column_1_1 1_1 fusion-flex-column fusion-flex-align-self-flex-start fusion-column-no-min-height\" style=\"--awb-bg-color:#085d50;--awb-bg-color-hover:#085d50;--awb-bg-size:cover;--awb-width-large:100%;--awb-margin-top-large:10px;--awb-spacing-right-large:1.92%;--awb-margin-bottom-large:0px;--awb-spacing-left-large:1.92%;--awb-width-medium:100%;--awb-spacing-right-medium:1.92%;--awb-spacing-left-medium:1.92%;--awb-width-small:100%;--awb-spacing-right-small:1.92%;--awb-spacing-left-small:1.92%;\"><div class=\"fusion-column-wrapper fusion-flex-justify-content-flex-start fusion-content-layout-column\"><div class=\"fusion-text fusion-text-1\"><p>Un nouveau projet de d\u00e9veloppement touristique pour les montagnes du Pi\u00e9mont<\/p>\n<\/div><\/div><\/div><\/div><\/div><div class=\"fusion-fullwidth fullwidth-box fusion-builder-row-3 fusion-flex-container hundred-percent-fullwidth non-hundred-percent-height-scrolling\" style=\"--awb-border-radius-top-left:0px;--awb-border-radius-top-right:0px;--awb-border-radius-bottom-right:0px;--awb-border-radius-bottom-left:0px;--awb-padding-right:0px;--awb-padding-left:0px;--awb-background-color:#f2f2f2;--awb-flex-wrap:wrap;\" ><div class=\"fusion-builder-row fusion-row fusion-flex-align-items-stretch fusion-flex-content-wrap\" style=\"width:calc( 100% + 0px ) !important;max-width:calc( 100% + 0px ) !important;margin-left: calc(-0px \/ 2 );margin-right: calc(-0px \/ 2 );\"><div class=\"fusion-layout-column fusion_builder_column fusion-builder-column-2 fusion_builder_column_1_3 1_3 fusion-flex-column\" style=\"--awb-padding-top:60px;--awb-padding-right:50px;--awb-padding-bottom:70px;--awb-padding-left:10px;--awb-bg-color:#f2f2f2;--awb-bg-color-hover:#f2f2f2;--awb-bg-size:cover;--awb-width-large:33.333333333333%;--awb-margin-top-large:0px;--awb-spacing-right-large:0px;--awb-margin-bottom-large:0px;--awb-spacing-left-large:0px;--awb-width-medium:100%;--awb-spacing-right-medium:0px;--awb-spacing-left-medium:0px;--awb-width-small:100%;--awb-spacing-right-small:0px;--awb-spacing-left-small:0px;\"><div class=\"fusion-column-wrapper fusion-flex-justify-content-flex-start fusion-content-layout-column\"><div class=\"fusion-image-element \" style=\"text-align:center;--awb-caption-title-font-family:var(--h2_typography-font-family);--awb-caption-title-font-weight:var(--h2_typography-font-weight);--awb-caption-title-font-style:var(--h2_typography-font-style);--awb-caption-title-size:var(--h2_typography-font-size);--awb-caption-title-transform:var(--h2_typography-text-transform);--awb-caption-title-line-height:var(--h2_typography-line-height);--awb-caption-title-letter-spacing:var(--h2_typography-letter-spacing);\"><span class=\" fusion-imageframe imageframe-none imageframe-2 hover-type-none\"><a class=\"fusion-no-lightbox\" href=\"https:\/\/www.alpibiellesi.eu\/alpi-biellesi-experience\/\" target=\"_self\"><img decoding=\"async\" src=\"https:\/\/www.alpibiellesi.eu\/wp-content\/uploads\/2022\/06\/LOGO_n.jpeg\" alt class=\"img-responsive wp-image-36277\"\/><\/a><\/span><\/div><\/div><\/div><div class=\"fusion-layout-column fusion_builder_column fusion-builder-column-3 fusion_builder_column_2_3 2_3 fusion-flex-column\" style=\"--awb-padding-top:60px;--awb-padding-right:150px;--awb-padding-bottom:20px;--awb-padding-left:60px;--awb-bg-color:#e2e2e2;--awb-bg-color-hover:#e2e2e2;--awb-bg-size:cover;--awb-width-large:66.666666666667%;--awb-margin-top-large:0px;--awb-spacing-right-large:0px;--awb-margin-bottom-large:0px;--awb-spacing-left-large:0px;--awb-width-medium:100%;--awb-spacing-right-medium:0px;--awb-spacing-left-medium:0px;--awb-width-small:100%;--awb-spacing-right-small:0px;--awb-spacing-left-small:0px;\"><div class=\"fusion-column-wrapper fusion-flex-justify-content-flex-start fusion-content-layout-column\"><div class=\"fusion-title title fusion-title-1 fusion-sep-none fusion-title-text fusion-title-size-one\" style=\"--awb-margin-bottom:20px;\"><h1 class=\"fusion-title-heading title-heading-left fusion-responsive-typography-calculated\" style=\"margin:0;--fontSize:33;line-height:1.45;\"><strong>Le projet\u00a0M\u00e8Sent\u00e9<\/strong><\/h1><\/div><div class=\"fusion-text fusion-text-2\"><p>Dans les Alpes de Biella, ce projet vise \u00e0 cr\u00e9er un r\u00e9seau touristique inclusif en montagne.<br \/>Notre consortium touristique participe activement au projet \u00ab\u00a0M\u00e8Sent\u00e9\u00a0\u00bb (\u00ab\u00a0mes chemins\u00a0\u00bb en dialecte pi\u00e9montais), financ\u00e9 par trois GAL pi\u00e9montais (Vall\u00e9e de Lanzo, Vall\u00e9es du Canavese et Monts de Biella) en coop\u00e9ration avec le CPD (Conseil consultatif du handicap) et li\u00e9 \u00e0 l&rsquo;initiative \u00ab\u00a0Turismabile\u00a0\u00bb promue par la R\u00e9gion Pi\u00e9mont.<br \/>L&rsquo;objectif du projet est de cr\u00e9er un r\u00e9seau touristique inclusif d\u00e9di\u00e9 \u00e0 l&rsquo;accueil des personnes pr\u00e9sentant tous types de handicap.<br \/>Le projet a d\u00e9but\u00e9 par la formation des op\u00e9rateurs \u00e0 la communication, afin de mieux faire conna\u00eetre l&rsquo;exp\u00e9rience de la montagne aux futurs usagers.<br \/>Il se poursuivra par la modernisation des installations participantes, qui seront configur\u00e9es de mani\u00e8re \u00e0 ne pr\u00e9senter aucun obstacle aux visiteurs, garantissant ainsi une inclusion \u00e0 360 degr\u00e9s.<br \/>M\u00e8sent\u00e9 est une r\u00e9gion inclusive, accessible \u00e0 tous, o\u00f9 la culture, le sport et les loisirs ne connaissent aucune limite.<\/p>\n<\/div><div style=\"text-align:center;\"><a class=\"fusion-button button-flat fusion-button-default-size button-custom fusion-button-default button-1 fusion-button-default-span fusion-button-default-type fusion-has-button-gradient\" style=\"--button_accent_color:rgba(255,255,255,.8);--button_accent_hover_color:rgba(255,255,255,.9);--button_border_hover_color:rgba(255,255,255,.9);--button_gradient_top_color:#163a26;--button_gradient_bottom_color:#a0ce4e;--button_gradient_top_color_hover:#96c346;--button_gradient_bottom_color_hover:#96c346;\" target=\"_self\" href=\"https:\/\/www.alpibiellesi.eu\/mesente-gli-attori\/\"><span class=\"fusion-button-text awb-button__text awb-button__text--default\">Les acteurs de notre consortium<\/span><\/a><\/div><\/div><\/div><\/div><\/div><div class=\"fusion-fullwidth fullwidth-box fusion-builder-row-4 fusion-flex-container nonhundred-percent-fullwidth non-hundred-percent-height-scrolling\" style=\"--awb-border-radius-top-left:0px;--awb-border-radius-top-right:0px;--awb-border-radius-bottom-right:0px;--awb-border-radius-bottom-left:0px;--awb-flex-wrap:wrap;\" ><div class=\"fusion-builder-row fusion-row fusion-flex-align-items-flex-start fusion-flex-content-wrap\" style=\"max-width:1144px;margin-left: calc(-4% \/ 2 );margin-right: calc(-4% \/ 2 );\"><div class=\"fusion-layout-column fusion_builder_column fusion-builder-column-4 fusion_builder_column_1_1 1_1 fusion-flex-column\" style=\"--awb-bg-size:cover;--awb-width-large:100%;--awb-margin-top-large:0px;--awb-spacing-right-large:1.92%;--awb-margin-bottom-large:20px;--awb-spacing-left-large:1.92%;--awb-width-medium:100%;--awb-spacing-right-medium:1.92%;--awb-spacing-left-medium:1.92%;--awb-width-small:100%;--awb-spacing-right-small:1.92%;--awb-spacing-left-small:1.92%;\"><div class=\"fusion-column-wrapper fusion-flex-justify-content-flex-start fusion-content-layout-column\"><div class=\"fusion-image-element \" style=\"text-align:center;--awb-caption-title-font-family:var(--h2_typography-font-family);--awb-caption-title-font-weight:var(--h2_typography-font-weight);--awb-caption-title-font-style:var(--h2_typography-font-style);--awb-caption-title-size:var(--h2_typography-font-size);--awb-caption-title-transform:var(--h2_typography-text-transform);--awb-caption-title-line-height:var(--h2_typography-line-height);--awb-caption-title-letter-spacing:var(--h2_typography-letter-spacing);\"><span class=\" fusion-imageframe imageframe-none imageframe-3 hover-type-none\"><img decoding=\"async\" width=\"2000\" height=\"396\" title=\"Loghi Gal porogetto M\u00e8sent\u00e9\" src=\"https:\/\/www.alpibiellesi.eu\/wp-content\/uploads\/2022\/06\/Loghi-Gal-porogetto-Me\u0300sente\u0301.jpg\" alt class=\"img-responsive wp-image-36384\" srcset=\"https:\/\/www.alpibiellesi.eu\/wp-content\/uploads\/2022\/06\/Loghi-Gal-porogetto-Me\u0300sente\u0301-200x40.jpg 200w, https:\/\/www.alpibiellesi.eu\/wp-content\/uploads\/2022\/06\/Loghi-Gal-porogetto-Me\u0300sente\u0301-400x79.jpg 400w, https:\/\/www.alpibiellesi.eu\/wp-content\/uploads\/2022\/06\/Loghi-Gal-porogetto-Me\u0300sente\u0301-600x119.jpg 600w, https:\/\/www.alpibiellesi.eu\/wp-content\/uploads\/2022\/06\/Loghi-Gal-porogetto-Me\u0300sente\u0301-800x158.jpg 800w, https:\/\/www.alpibiellesi.eu\/wp-content\/uploads\/2022\/06\/Loghi-Gal-porogetto-Me\u0300sente\u0301-1200x238.jpg 1200w, https:\/\/www.alpibiellesi.eu\/wp-content\/uploads\/2022\/06\/Loghi-Gal-porogetto-Me\u0300sente\u0301.jpg 2000w\" sizes=\"(max-width: 1024px) 100vw, (max-width: 640px) 100vw, 1200px\" \/><\/span><\/div><\/div><\/div><\/div><\/div><\/p>\n","protected":false},"excerpt":{"rendered":"","protected":false},"author":38,"featured_media":0,"parent":0,"menu_order":0,"comment_status":"open","ping_status":"closed","template":"100-width.php","meta":{"footnotes":""},"class_list":["post-58280","page","type-page","status-publish","hentry"],"aioseo_notices":[],"_links":{"self":[{"href":"https:\/\/www.alpibiellesi.eu\/fr\/wp-json\/wp\/v2\/pages\/58280","targetHints":{"allow":["GET"]}}],"collection":[{"href":"https:\/\/www.alpibiellesi.eu\/fr\/wp-json\/wp\/v2\/pages"}],"about":[{"href":"https:\/\/www.alpibiellesi.eu\/fr\/wp-json\/wp\/v2\/types\/page"}],"author":[{"embeddable":true,"href":"https:\/\/www.alpibiellesi.eu\/fr\/wp-json\/wp\/v2\/users\/38"}],"replies":[{"embeddable":true,"href":"https:\/\/www.alpibiellesi.eu\/fr\/wp-json\/wp\/v2\/comments?post=58280"}],"version-history":[{"count":0,"href":"https:\/\/www.alpibiellesi.eu\/fr\/wp-json\/wp\/v2\/pages\/58280\/revisions"}],"wp:attachment":[{"href":"https:\/\/www.alpibiellesi.eu\/fr\/wp-json\/wp\/v2\/media?parent=58280"}],"curies":[{"name":"wp","href":"https:\/\/api.w.org\/{rel}","templated":true}]}}