{"id":58262,"date":"2025-10-05T11:51:13","date_gmt":"2025-10-05T09:51:13","guid":{"rendered":"https:\/\/www.alpibiellesi.eu\/tourisme-tour-tous\/tourisme-pour-tous-hospitalite\/"},"modified":"2026-03-25T10:27:57","modified_gmt":"2026-03-25T09:27:57","slug":"tourisme-pour-tous-hospitalite","status":"publish","type":"page","link":"https:\/\/www.alpibiellesi.eu\/fr\/tourisme-pour-tous\/tourisme-pour-tous-hospitalite\/","title":{"rendered":"Tourisme pour tous &#8211; Hospitalit\u00e9"},"content":{"rendered":"<div class=\"fusion-fullwidth fullwidth-box fusion-builder-row-1 fusion-flex-container has-pattern-background has-mask-background nonhundred-percent-fullwidth non-hundred-percent-height-scrolling\" style=\"--awb-border-radius-top-left:0px;--awb-border-radius-top-right:0px;--awb-border-radius-bottom-right:0px;--awb-border-radius-bottom-left:0px;--awb-flex-wrap:wrap;\" ><div class=\"fusion-builder-row fusion-row fusion-flex-align-items-flex-start fusion-flex-content-wrap\" style=\"max-width:1144px;margin-left: calc(-4% \/ 2 );margin-right: calc(-4% \/ 2 );\"><div class=\"fusion-layout-column fusion_builder_column fusion-builder-column-0 fusion_builder_column_1_1 1_1 fusion-flex-column\" style=\"--awb-bg-blend:overlay;--awb-bg-size:cover;--awb-width-large:100%;--awb-margin-top-large:0px;--awb-spacing-right-large:1.92%;--awb-margin-bottom-large:20px;--awb-spacing-left-large:1.92%;--awb-width-medium:100%;--awb-spacing-right-medium:1.92%;--awb-spacing-left-medium:1.92%;--awb-width-small:100%;--awb-spacing-right-small:1.92%;--awb-spacing-left-small:1.92%;\"><div class=\"fusion-column-wrapper fusion-flex-justify-content-flex-start fusion-content-layout-column\"><div class=\"fusion-title title fusion-title-1 fusion-sep-none fusion-title-text fusion-title-size-one\"><h1 class=\"fusion-title-heading title-heading-left fusion-responsive-typography-calculated\" style=\"margin:0;--fontSize:33;line-height:1.45;\">Hospitalit\u00e9<\/h1><\/div><div class=\"fusion-text fusion-text-1\" style=\"--awb-font-size:22px;\"><p>H\u00e9bergement accessible aux personnes \u00e0 mobilit\u00e9 r\u00e9duite<\/p>\n<\/div><\/div><\/div><div class=\"fusion-layout-column fusion_builder_column fusion-builder-column-1 fusion_builder_column_1_3 1_3 fusion-flex-column\" style=\"--awb-bg-blend:overlay;--awb-bg-size:cover;--awb-width-large:33.333333333333%;--awb-margin-top-large:0px;--awb-spacing-right-large:5.76%;--awb-margin-bottom-large:20px;--awb-spacing-left-large:5.76%;--awb-width-medium:100%;--awb-spacing-right-medium:1.92%;--awb-spacing-left-medium:1.92%;--awb-width-small:100%;--awb-spacing-right-small:1.92%;--awb-spacing-left-small:1.92%;\"><div class=\"fusion-column-wrapper fusion-flex-justify-content-flex-start fusion-content-layout-column\"><div class=\"fusion-text fusion-text-2\"><p><img decoding=\"async\" class=\"alignnone wp-image-55892 size-full\" src=\"https:\/\/www.alpibiellesi.eu\/wp-content\/uploads\/2025\/04\/BucaneveDal-Drone-380x241-1.jpg\" alt=\"\" width=\"380\" height=\"241\" srcset=\"https:\/\/www.alpibiellesi.eu\/wp-content\/uploads\/2025\/04\/BucaneveDal-Drone-380x241-1-200x127.jpg 200w, https:\/\/www.alpibiellesi.eu\/wp-content\/uploads\/2025\/04\/BucaneveDal-Drone-380x241-1-300x190.jpg 300w, https:\/\/www.alpibiellesi.eu\/wp-content\/uploads\/2025\/04\/BucaneveDal-Drone-380x241-1-320x202.jpg 320w, https:\/\/www.alpibiellesi.eu\/wp-content\/uploads\/2025\/04\/BucaneveDal-Drone-380x241-1.jpg 380w\" sizes=\"(max-width: 380px) 100vw, 380px\" \/><\/p>\n<\/div><div class=\"fusion-text fusion-text-3\"><p>H\u00f4tel restaurant Bucaneve<\/p>\n<\/div><div class=\"fusion-text fusion-text-4\"><p>A Bielmonte, l&rsquo;h\u00f4tel est situ\u00e9 dans une splendide position panoramique \u00e0 1 500 m\u00e8tres d&rsquo;altitude.<\/p>\n<\/div><\/div><\/div><div class=\"fusion-layout-column fusion_builder_column fusion-builder-column-2 fusion_builder_column_1_3 1_3 fusion-flex-column\" style=\"--awb-bg-blend:overlay;--awb-bg-size:cover;--awb-width-large:33.333333333333%;--awb-margin-top-large:0px;--awb-spacing-right-large:5.76%;--awb-margin-bottom-large:20px;--awb-spacing-left-large:5.76%;--awb-width-medium:100%;--awb-spacing-right-medium:1.92%;--awb-spacing-left-medium:1.92%;--awb-width-small:100%;--awb-spacing-right-small:1.92%;--awb-spacing-left-small:1.92%;\"><div class=\"fusion-column-wrapper fusion-flex-justify-content-flex-start fusion-content-layout-column\"><div class=\"fusion-text fusion-text-5\"><p><a title=\"Relais Cascina Era 2\" href=\"https:\/\/www.alpibiellesi.eu\/turismo-per-tutti-relais-cascina-era\/\"><img decoding=\"async\" class=\"alignnone wp-image-30461 size-full\" src=\"https:\/\/www.alpibiellesi.eu\/wp-content\/uploads\/2020\/06\/Esterno-0ddf99b3-587f-40c5-8f5a-312b5f709af1-380x241.jpg\" alt=\"\" width=\"380\" height=\"241\" srcset=\"https:\/\/www.alpibiellesi.eu\/wp-content\/uploads\/2020\/06\/Esterno-0ddf99b3-587f-40c5-8f5a-312b5f709af1-380x241-200x127.jpg 200w, https:\/\/www.alpibiellesi.eu\/wp-content\/uploads\/2020\/06\/Esterno-0ddf99b3-587f-40c5-8f5a-312b5f709af1-380x241-300x190.jpg 300w, https:\/\/www.alpibiellesi.eu\/wp-content\/uploads\/2020\/06\/Esterno-0ddf99b3-587f-40c5-8f5a-312b5f709af1-380x241-320x202.jpg 320w, https:\/\/www.alpibiellesi.eu\/wp-content\/uploads\/2020\/06\/Esterno-0ddf99b3-587f-40c5-8f5a-312b5f709af1-380x241.jpg 380w\" sizes=\"(max-width: 380px) 100vw, 380px\" \/><\/a><\/p>\n<\/div><div class=\"fusion-text fusion-text-6\"><p><strong>Relais Cascina Era<\/strong><\/p>\n<\/div><div class=\"fusion-text fusion-text-7\"><p>Cascina Era \u00e0 Sandigliano se trouve dans l&rsquo;ancien Ricetto m\u00e9di\u00e9val, \u00e0 c\u00f4t\u00e9 du ch\u00e2teau.<\/p>\n<\/div><\/div><\/div><div class=\"fusion-layout-column fusion_builder_column fusion-builder-column-3 fusion_builder_column_1_3 1_3 fusion-flex-column\" style=\"--awb-bg-blend:overlay;--awb-bg-size:cover;--awb-width-large:33.333333333333%;--awb-margin-top-large:0px;--awb-spacing-right-large:5.76%;--awb-margin-bottom-large:20px;--awb-spacing-left-large:5.76%;--awb-width-medium:100%;--awb-spacing-right-medium:1.92%;--awb-spacing-left-medium:1.92%;--awb-width-small:100%;--awb-spacing-right-small:1.92%;--awb-spacing-left-small:1.92%;\"><div class=\"fusion-column-wrapper fusion-flex-justify-content-flex-start fusion-content-layout-column\"><div class=\"fusion-text fusion-text-8\"><p><a title=\"Turismo per tutti: Antica Cascina del Medico\" href=\"https:\/\/www.alpibiellesi.eu\/turismo-per-tutti-antica-cascina-del-medico\/\"><img decoding=\"async\" class=\"alignnone wp-image-37999 size-full\" src=\"https:\/\/www.alpibiellesi.eu\/wp-content\/uploads\/2022\/09\/esterno-380x241-1.jpg\" alt=\"\" width=\"380\" height=\"241\" srcset=\"https:\/\/www.alpibiellesi.eu\/wp-content\/uploads\/2022\/09\/esterno-380x241-1-200x127.jpg 200w, https:\/\/www.alpibiellesi.eu\/wp-content\/uploads\/2022\/09\/esterno-380x241-1-300x190.jpg 300w, https:\/\/www.alpibiellesi.eu\/wp-content\/uploads\/2022\/09\/esterno-380x241-1-320x202.jpg 320w, https:\/\/www.alpibiellesi.eu\/wp-content\/uploads\/2022\/09\/esterno-380x241-1.jpg 380w\" sizes=\"(max-width: 380px) 100vw, 380px\" \/><\/a><\/p>\n<\/div><div class=\"fusion-text fusion-text-9\"><p><strong>Antica Cascina del Medico<\/strong><\/p>\n<\/div><div class=\"fusion-text fusion-text-10\"><p>\u00c0 Muzzano, l&rsquo;Antica Cascina del Medico b\u00e9n\u00e9ficie d&rsquo;un paysage magnifique.<\/p>\n<\/div><\/div><\/div><div class=\"fusion-layout-column fusion_builder_column fusion-builder-column-4 fusion_builder_column_1_3 1_3 fusion-flex-column\" style=\"--awb-bg-blend:overlay;--awb-bg-size:cover;--awb-width-large:33.333333333333%;--awb-margin-top-large:0px;--awb-spacing-right-large:5.76%;--awb-margin-bottom-large:20px;--awb-spacing-left-large:5.76%;--awb-width-medium:100%;--awb-spacing-right-medium:1.92%;--awb-spacing-left-medium:1.92%;--awb-width-small:100%;--awb-spacing-right-small:1.92%;--awb-spacing-left-small:1.92%;\"><div class=\"fusion-column-wrapper fusion-flex-justify-content-flex-start fusion-content-layout-column\"><div class=\"fusion-text fusion-text-11\"><p><a title=\"Turismo per tutti: Santuario di Oropa\" href=\"https:\/\/www.alpibiellesi.eu\/turismo-per-tutti-santuario-di-oropa\/\"><img decoding=\"async\" class=\"alignnone wp-image-43971 size-full\" src=\"https:\/\/www.alpibiellesi.eu\/wp-content\/uploads\/2023\/09\/Oropa2Basiliche-380-x-241.jpg\" alt=\"\" width=\"380\" height=\"241\" srcset=\"https:\/\/www.alpibiellesi.eu\/wp-content\/uploads\/2023\/09\/Oropa2Basiliche-380-x-241-200x127.jpg 200w, https:\/\/www.alpibiellesi.eu\/wp-content\/uploads\/2023\/09\/Oropa2Basiliche-380-x-241-300x190.jpg 300w, https:\/\/www.alpibiellesi.eu\/wp-content\/uploads\/2023\/09\/Oropa2Basiliche-380-x-241-320x202.jpg 320w, https:\/\/www.alpibiellesi.eu\/wp-content\/uploads\/2023\/09\/Oropa2Basiliche-380-x-241.jpg 380w\" sizes=\"(max-width: 380px) 100vw, 380px\" \/><\/a><\/p>\n<\/div><div class=\"fusion-text fusion-text-12\"><p>Sanctuaire de Oropa<\/p>\n<\/div><div class=\"fusion-text fusion-text-13\"><p>Le sanctuaire est un complexe majestueux, entour\u00e9 de montagnes.<\/p>\n<\/div><\/div><\/div><div class=\"fusion-layout-column fusion_builder_column fusion-builder-column-5 fusion_builder_column_1_3 1_3 fusion-flex-column\" style=\"--awb-bg-blend:overlay;--awb-bg-size:cover;--awb-width-large:33.333333333333%;--awb-margin-top-large:0px;--awb-spacing-right-large:5.76%;--awb-margin-bottom-large:20px;--awb-spacing-left-large:5.76%;--awb-width-medium:100%;--awb-spacing-right-medium:1.92%;--awb-spacing-left-medium:1.92%;--awb-width-small:100%;--awb-spacing-right-small:1.92%;--awb-spacing-left-small:1.92%;\"><div class=\"fusion-column-wrapper fusion-flex-justify-content-flex-start fusion-content-layout-column\"><div class=\"fusion-text fusion-text-14\"><p><a title=\"Turismo per tutti: Locanda del Santuario di San Giovanni d\u2019Andorno\" href=\"https:\/\/www.alpibiellesi.eu\/turismo-per-tutti-locanda-del-santuario-di-san-giovanni-dandorno\/\"><img decoding=\"async\" class=\"alignnone wp-image-37389 size-full\" src=\"https:\/\/www.alpibiellesi.eu\/wp-content\/uploads\/2022\/08\/TE_0634-esterno-380x241-1.jpg\" alt=\"\" width=\"380\" height=\"241\" srcset=\"https:\/\/www.alpibiellesi.eu\/wp-content\/uploads\/2022\/08\/TE_0634-esterno-380x241-1-200x127.jpg 200w, https:\/\/www.alpibiellesi.eu\/wp-content\/uploads\/2022\/08\/TE_0634-esterno-380x241-1-300x190.jpg 300w, https:\/\/www.alpibiellesi.eu\/wp-content\/uploads\/2022\/08\/TE_0634-esterno-380x241-1-320x202.jpg 320w, https:\/\/www.alpibiellesi.eu\/wp-content\/uploads\/2022\/08\/TE_0634-esterno-380x241-1.jpg 380w\" sizes=\"(max-width: 380px) 100vw, 380px\" \/><\/a><\/p>\n<\/div><div class=\"fusion-text fusion-text-15\"><p>Auberge du Sanctuaire de San Giovanni d&rsquo;Andorno<\/p>\n<\/div><div class=\"fusion-text fusion-text-16\"><p>\u00c0 Campiglia, c&rsquo;est un lieu id\u00e9al pour se ressourcer, nich\u00e9 dans l&rsquo;architecture accueillante du sanctuaire.<\/p>\n<\/div><\/div><\/div><div class=\"fusion-layout-column fusion_builder_column fusion-builder-column-6 fusion_builder_column_1_3 1_3 fusion-flex-column\" style=\"--awb-bg-blend:overlay;--awb-bg-size:cover;--awb-width-large:33.333333333333%;--awb-margin-top-large:0px;--awb-spacing-right-large:5.76%;--awb-margin-bottom-large:20px;--awb-spacing-left-large:5.76%;--awb-width-medium:100%;--awb-spacing-right-medium:1.92%;--awb-spacing-left-medium:1.92%;--awb-width-small:100%;--awb-spacing-right-small:1.92%;--awb-spacing-left-small:1.92%;\"><div class=\"fusion-column-wrapper fusion-flex-justify-content-flex-start fusion-content-layout-column\"><div class=\"fusion-text fusion-text-17\"><p><a title=\"Turismo per tutti: Foresteria e Ostello del Santuario di Graglia\" href=\"https:\/\/www.alpibiellesi.eu\/foresteria-e-ostello-del-santuario-di-graglia\/\"><img decoding=\"async\" class=\"alignnone wp-image-43859 size-full\" src=\"https:\/\/www.alpibiellesi.eu\/wp-content\/uploads\/2023\/09\/GragliaEsterno-380x241-1.jpg\" alt=\"\" width=\"380\" height=\"241\" srcset=\"https:\/\/www.alpibiellesi.eu\/wp-content\/uploads\/2023\/09\/GragliaEsterno-380x241-1-200x127.jpg 200w, https:\/\/www.alpibiellesi.eu\/wp-content\/uploads\/2023\/09\/GragliaEsterno-380x241-1-300x190.jpg 300w, https:\/\/www.alpibiellesi.eu\/wp-content\/uploads\/2023\/09\/GragliaEsterno-380x241-1-320x202.jpg 320w, https:\/\/www.alpibiellesi.eu\/wp-content\/uploads\/2023\/09\/GragliaEsterno-380x241-1.jpg 380w\" sizes=\"(max-width: 380px) 100vw, 380px\" \/><\/a><\/p>\n<\/div><div class=\"fusion-text fusion-text-18\"><p>H\u00f4tel et auberge du Sanctuaire de Graglia<\/p>\n<\/div><div class=\"fusion-text fusion-text-19\"><p>L&rsquo;\u00e9tablissement d&rsquo;accueil du sanctuaire, en position panoramique, est \u00e0 la fois un h\u00f4tel et une auberge.<\/p>\n<\/div><\/div><\/div><div class=\"fusion-layout-column fusion_builder_column fusion-builder-column-7 fusion_builder_column_1_3 1_3 fusion-flex-column\" style=\"--awb-bg-blend:overlay;--awb-bg-size:cover;--awb-width-large:33.333333333333%;--awb-margin-top-large:0px;--awb-spacing-right-large:5.76%;--awb-margin-bottom-large:20px;--awb-spacing-left-large:5.76%;--awb-width-medium:100%;--awb-spacing-right-medium:1.92%;--awb-spacing-left-medium:1.92%;--awb-width-small:100%;--awb-spacing-right-small:1.92%;--awb-spacing-left-small:1.92%;\"><div class=\"fusion-column-wrapper fusion-flex-justify-content-flex-start fusion-content-layout-column\"><div class=\"fusion-text fusion-text-20\"><p><a title=\"Turismo per tutti: Foresteria di Villa Piazzo\" href=\"https:\/\/www.alpibiellesi.eu\/turismo-per-tutti-foresteria-di-villa-piazzo\/\"><img decoding=\"async\" class=\"alignnone wp-image-41950 size-full\" src=\"https:\/\/www.alpibiellesi.eu\/wp-content\/uploads\/2023\/03\/ForesteriaVillaPiazzo380-x-241-.jpg\" alt=\"\" width=\"380\" height=\"241\" srcset=\"https:\/\/www.alpibiellesi.eu\/wp-content\/uploads\/2023\/03\/ForesteriaVillaPiazzo380-x-241--200x127.jpg 200w, https:\/\/www.alpibiellesi.eu\/wp-content\/uploads\/2023\/03\/ForesteriaVillaPiazzo380-x-241--300x190.jpg 300w, https:\/\/www.alpibiellesi.eu\/wp-content\/uploads\/2023\/03\/ForesteriaVillaPiazzo380-x-241--320x202.jpg 320w, https:\/\/www.alpibiellesi.eu\/wp-content\/uploads\/2023\/03\/ForesteriaVillaPiazzo380-x-241-.jpg 380w\" sizes=\"(max-width: 380px) 100vw, 380px\" \/><\/a><\/p>\n<\/div><div class=\"fusion-text fusion-text-21\"><p>Maison d&rsquo;h\u00f4tes Villa Piazzo<\/p>\n<\/div><div class=\"fusion-text fusion-text-22\"><p>A Pettinengo, dans le grand parc d&rsquo;une villa d&rsquo;\u00e9poque, la maison d&rsquo;h\u00f4tes est enti\u00e8rement accessible.<\/p>\n<\/div><\/div><\/div><div class=\"fusion-layout-column fusion_builder_column fusion-builder-column-8 fusion_builder_column_1_3 1_3 fusion-flex-column\" style=\"--awb-bg-blend:overlay;--awb-bg-size:cover;--awb-width-large:33.333333333333%;--awb-margin-top-large:0px;--awb-spacing-right-large:5.76%;--awb-margin-bottom-large:20px;--awb-spacing-left-large:5.76%;--awb-width-medium:100%;--awb-spacing-right-medium:1.92%;--awb-spacing-left-medium:1.92%;--awb-width-small:100%;--awb-spacing-right-small:1.92%;--awb-spacing-left-small:1.92%;\"><div class=\"fusion-column-wrapper fusion-flex-justify-content-flex-start fusion-content-layout-column\"><div class=\"fusion-text fusion-text-23\"><p><a title=\"B\u00a7B Villa Marylin\" href=\"\/?page_id=45857\"><img decoding=\"async\" class=\"alignnone wp-image-46588 size-full\" src=\"https:\/\/www.alpibiellesi.eu\/wp-content\/uploads\/2024\/02\/Villa-MarylinEsterno-380-x-241.jpg\" alt=\"\" width=\"380\" height=\"241\" \/><\/a><\/p>\n<\/div><div class=\"fusion-text fusion-text-24\"><p>Maison d&rsquo;h\u00f4tes Villa Marylin<\/p>\n<\/div><div class=\"fusion-text fusion-text-25\"><p>Situ\u00e9 au c\u0153ur de Muzzano, cet \u00e9l\u00e9gant immeuble b\u00e9n\u00e9ficie d&rsquo;un magnifique jardin.<\/p>\n<\/div><\/div><\/div><div class=\"fusion-layout-column fusion_builder_column fusion-builder-column-9 fusion_builder_column_1_3 1_3 fusion-flex-column\" style=\"--awb-bg-blend:overlay;--awb-bg-size:cover;--awb-width-large:33.333333333333%;--awb-margin-top-large:0px;--awb-spacing-right-large:5.76%;--awb-margin-bottom-large:20px;--awb-spacing-left-large:5.76%;--awb-width-medium:100%;--awb-spacing-right-medium:1.92%;--awb-spacing-left-medium:1.92%;--awb-width-small:100%;--awb-spacing-right-small:1.92%;--awb-spacing-left-small:1.92%;\"><div class=\"fusion-column-wrapper fusion-flex-justify-content-flex-start fusion-content-layout-column\"><div class=\"fusion-text fusion-text-26\"><p><img decoding=\"async\" class=\"alignnone wp-image-42389 size-full\" src=\"https:\/\/www.alpibiellesi.eu\/wp-content\/uploads\/2023\/04\/AlloggiInAffitto380-x-241-.jpg\" alt=\"\" width=\"380\" height=\"241\" srcset=\"https:\/\/www.alpibiellesi.eu\/wp-content\/uploads\/2023\/04\/AlloggiInAffitto380-x-241--200x127.jpg 200w, https:\/\/www.alpibiellesi.eu\/wp-content\/uploads\/2023\/04\/AlloggiInAffitto380-x-241--300x190.jpg 300w, https:\/\/www.alpibiellesi.eu\/wp-content\/uploads\/2023\/04\/AlloggiInAffitto380-x-241--320x202.jpg 320w, https:\/\/www.alpibiellesi.eu\/wp-content\/uploads\/2023\/04\/AlloggiInAffitto380-x-241-.jpg 380w\" sizes=\"(max-width: 380px) 100vw, 380px\" \/><\/p>\n<\/div><div class=\"fusion-text fusion-text-27\"><p>Logement \u00e0 louer<\/p>\n<\/div><div class=\"fusion-text fusion-text-28\"><p>\u00c0 Bielmonte, la copropri\u00e9t\u00e9 Mirto b\u00e9n\u00e9ficie d&rsquo;une vue magnifique, car elle donne sur la plaine.<\/p>\n<\/div><\/div><\/div><div class=\"fusion-layout-column fusion_builder_column fusion-builder-column-10 fusion_builder_column_1_3 1_3 fusion-flex-column\" style=\"--awb-bg-blend:overlay;--awb-bg-size:cover;--awb-width-large:33.333333333333%;--awb-margin-top-large:0px;--awb-spacing-right-large:5.76%;--awb-margin-bottom-large:20px;--awb-spacing-left-large:5.76%;--awb-width-medium:100%;--awb-spacing-right-medium:1.92%;--awb-spacing-left-medium:1.92%;--awb-width-small:100%;--awb-spacing-right-small:1.92%;--awb-spacing-left-small:1.92%;\"><div class=\"fusion-column-wrapper fusion-flex-justify-content-flex-start fusion-content-layout-column\"><div class=\"fusion-text fusion-text-29\"><p><a title=\"Turismo per tutti: Camping Future is nature\" href=\"https:\/\/www.alpibiellesi.eu\/turismo-per-tutti-camping-future-is-nature\/\"><img decoding=\"async\" class=\"alignnone wp-image-43857 size-full\" src=\"https:\/\/www.alpibiellesi.eu\/wp-content\/uploads\/2023\/09\/FutureIsNatureEsterno-380-x-241.jpg\" alt=\"\" width=\"380\" height=\"241\" srcset=\"https:\/\/www.alpibiellesi.eu\/wp-content\/uploads\/2023\/09\/FutureIsNatureEsterno-380-x-241-200x127.jpg 200w, https:\/\/www.alpibiellesi.eu\/wp-content\/uploads\/2023\/09\/FutureIsNatureEsterno-380-x-241-300x190.jpg 300w, https:\/\/www.alpibiellesi.eu\/wp-content\/uploads\/2023\/09\/FutureIsNatureEsterno-380-x-241-320x202.jpg 320w, https:\/\/www.alpibiellesi.eu\/wp-content\/uploads\/2023\/09\/FutureIsNatureEsterno-380-x-241.jpg 380w\" sizes=\"(max-width: 380px) 100vw, 380px\" \/><\/a><\/p>\n<\/div><div class=\"fusion-text fusion-text-30\"><p><strong>Camping Future Is Nature<\/strong><\/p>\n<\/div><div class=\"fusion-text fusion-text-31\"><p>A Sala, ce camping est situ\u00e9 dans une belle et vaste r\u00e9gion vallonn\u00e9e et verdoyante<\/p>\n<\/div><\/div><\/div><div class=\"fusion-layout-column fusion_builder_column fusion-builder-column-11 fusion_builder_column_1_3 1_3 fusion-flex-column\" style=\"--awb-bg-blend:overlay;--awb-bg-size:cover;--awb-width-large:33.333333333333%;--awb-margin-top-large:0px;--awb-spacing-right-large:5.76%;--awb-margin-bottom-large:20px;--awb-spacing-left-large:5.76%;--awb-width-medium:100%;--awb-spacing-right-medium:1.92%;--awb-spacing-left-medium:1.92%;--awb-width-small:100%;--awb-spacing-right-small:1.92%;--awb-spacing-left-small:1.92%;\"><div class=\"fusion-column-wrapper fusion-flex-justify-content-flex-start fusion-content-layout-column\"><div class=\"fusion-image-element \" style=\"--awb-aspect-ratio: 100 \/ 64;--awb-object-position:36% 59%;--awb-margin-bottom:15px;--awb-caption-title-font-family:var(--h2_typography-font-family);--awb-caption-title-font-weight:var(--h2_typography-font-weight);--awb-caption-title-font-style:var(--h2_typography-font-style);--awb-caption-title-size:var(--h2_typography-font-size);--awb-caption-title-transform:var(--h2_typography-text-transform);--awb-caption-title-line-height:var(--h2_typography-line-height);--awb-caption-title-letter-spacing:var(--h2_typography-letter-spacing);\"><span class=\" fusion-imageframe imageframe-none imageframe-1 hover-type-none has-aspect-ratio\"><a class=\"fusion-no-lightbox\" href=\"https:\/\/www.alpibiellesi.eu\/turismo-per-tutti-aree-camper\/\" target=\"_self\" aria-label=\"Copertina-AreaCamper\"><img decoding=\"async\" width=\"1920\" height=\"700\" src=\"https:\/\/www.alpibiellesi.eu\/wp-content\/uploads\/2022\/11\/Copertina-AreaCamper.jpg\" class=\"img-responsive wp-image-52978 img-with-aspect-ratio\" data-parent-fit=\"cover\" data-parent-container=\".fusion-image-element\" alt srcset=\"https:\/\/www.alpibiellesi.eu\/wp-content\/uploads\/2022\/11\/Copertina-AreaCamper-200x73.jpg 200w, https:\/\/www.alpibiellesi.eu\/wp-content\/uploads\/2022\/11\/Copertina-AreaCamper-400x146.jpg 400w, https:\/\/www.alpibiellesi.eu\/wp-content\/uploads\/2022\/11\/Copertina-AreaCamper-600x219.jpg 600w, https:\/\/www.alpibiellesi.eu\/wp-content\/uploads\/2022\/11\/Copertina-AreaCamper-800x292.jpg 800w, https:\/\/www.alpibiellesi.eu\/wp-content\/uploads\/2022\/11\/Copertina-AreaCamper-1200x438.jpg 1200w, https:\/\/www.alpibiellesi.eu\/wp-content\/uploads\/2022\/11\/Copertina-AreaCamper.jpg 1920w\" sizes=\"(max-width: 1024px) 100vw, (max-width: 640px) 100vw, 400px\" \/><\/a><\/span><\/div><div class=\"fusion-text fusion-text-32\"><p>Aires de camping-cars<\/p>\n<\/div><div class=\"fusion-text fusion-text-33\"><p>Il y a deux aires de camping-car \u00e9quip\u00e9es : \u00e0 Oropa et dans l&rsquo;Oasi Zegna \u00e0 Piazzale 2 \u00e0 Bielmonte.<\/p>\n<\/div><\/div><\/div><div class=\"fusion-layout-column fusion_builder_column fusion-builder-column-12 fusion_builder_column_1_1 1_1 fusion-flex-column\" style=\"--awb-bg-blend:overlay;--awb-bg-size:cover;--awb-width-large:100%;--awb-margin-top-large:0px;--awb-spacing-right-large:1.92%;--awb-margin-bottom-large:20px;--awb-spacing-left-large:1.92%;--awb-width-medium:100%;--awb-spacing-right-medium:1.92%;--awb-spacing-left-medium:1.92%;--awb-width-small:100%;--awb-spacing-right-small:1.92%;--awb-spacing-left-small:1.92%;\"><div class=\"fusion-column-wrapper fusion-flex-justify-content-flex-start fusion-content-layout-column\"><iframe src=\"https:\/\/www.google.com\/maps\/d\/embed?mid=1dCHIrGeQAcECK4pJlvYO3d_uP6gwIAQ&amp;ehbc=2E312F\" width=\"100%\" height=\"480\"><\/iframe><\/div><\/div><\/div><\/div>\n","protected":false},"excerpt":{"rendered":"","protected":false},"author":38,"featured_media":0,"parent":58249,"menu_order":0,"comment_status":"closed","ping_status":"closed","template":"100-width.php","meta":{"footnotes":""},"class_list":["post-58262","page","type-page","status-publish","hentry"],"aioseo_notices":[],"_links":{"self":[{"href":"https:\/\/www.alpibiellesi.eu\/fr\/wp-json\/wp\/v2\/pages\/58262","targetHints":{"allow":["GET"]}}],"collection":[{"href":"https:\/\/www.alpibiellesi.eu\/fr\/wp-json\/wp\/v2\/pages"}],"about":[{"href":"https:\/\/www.alpibiellesi.eu\/fr\/wp-json\/wp\/v2\/types\/page"}],"author":[{"embeddable":true,"href":"https:\/\/www.alpibiellesi.eu\/fr\/wp-json\/wp\/v2\/users\/38"}],"replies":[{"embeddable":true,"href":"https:\/\/www.alpibiellesi.eu\/fr\/wp-json\/wp\/v2\/comments?post=58262"}],"version-history":[{"count":4,"href":"https:\/\/www.alpibiellesi.eu\/fr\/wp-json\/wp\/v2\/pages\/58262\/revisions"}],"predecessor-version":[{"id":60734,"href":"https:\/\/www.alpibiellesi.eu\/fr\/wp-json\/wp\/v2\/pages\/58262\/revisions\/60734"}],"up":[{"embeddable":true,"href":"https:\/\/www.alpibiellesi.eu\/fr\/wp-json\/wp\/v2\/pages\/58249"}],"wp:attachment":[{"href":"https:\/\/www.alpibiellesi.eu\/fr\/wp-json\/wp\/v2\/media?parent=58262"}],"curies":[{"name":"wp","href":"https:\/\/api.w.org\/{rel}","templated":true}]}}