{"id":57890,"date":"2025-09-22T17:48:57","date_gmt":"2025-09-22T15:48:57","guid":{"rendered":"https:\/\/www.alpibiellesi.eu\/loasis-zegna\/"},"modified":"2025-10-03T15:47:37","modified_gmt":"2025-10-03T13:47:37","slug":"loasis-zegna","status":"publish","type":"page","link":"https:\/\/www.alpibiellesi.eu\/fr\/loasis-zegna\/","title":{"rendered":"L&rsquo;Oasis Zegna"},"content":{"rendered":"<p><div class=\"fusion-fullwidth fullwidth-box fusion-builder-row-1 fusion-flex-container has-pattern-background has-mask-background hundred-percent-fullwidth non-hundred-percent-height-scrolling\" style=\"--awb-border-radius-top-left:0px;--awb-border-radius-top-right:0px;--awb-border-radius-bottom-right:0px;--awb-border-radius-bottom-left:0px;--awb-padding-top:0px;--awb-padding-right:0px;--awb-padding-bottom:0px;--awb-padding-left:0px;--awb-margin-top:0px;--awb-margin-bottom:0px;--awb-flex-wrap:wrap;\" ><div class=\"fusion-builder-row fusion-row fusion-flex-align-items-flex-start fusion-flex-content-wrap\" style=\"width:104% !important;max-width:104% !important;margin-left: calc(-4% \/ 2 );margin-right: calc(-4% \/ 2 );\"><div class=\"fusion-layout-column fusion_builder_column fusion-builder-column-0 fusion_builder_column_1_1 1_1 fusion-flex-column\" style=\"--awb-bg-size:cover;--awb-width-large:100%;--awb-margin-top-large:0px;--awb-spacing-right-large:1.92%;--awb-margin-bottom-large:20px;--awb-spacing-left-large:1.92%;--awb-width-medium:100%;--awb-order-medium:0;--awb-spacing-right-medium:1.92%;--awb-spacing-left-medium:1.92%;--awb-width-small:100%;--awb-order-small:0;--awb-spacing-right-small:1.92%;--awb-spacing-left-small:1.92%;\"><div class=\"fusion-column-wrapper fusion-column-has-shadow fusion-flex-justify-content-flex-start fusion-content-layout-column\"><div class=\"fusion-image-element \" style=\"--awb-caption-title-font-family:var(--h2_typography-font-family);--awb-caption-title-font-weight:var(--h2_typography-font-weight);--awb-caption-title-font-style:var(--h2_typography-font-style);--awb-caption-title-size:var(--h2_typography-font-size);--awb-caption-title-transform:var(--h2_typography-text-transform);--awb-caption-title-line-height:var(--h2_typography-line-height);--awb-caption-title-letter-spacing:var(--h2_typography-letter-spacing);\"><span class=\" fusion-imageframe imageframe-none imageframe-1 hover-type-none\"><img decoding=\"async\" width=\"1311\" height=\"791\" alt=\"Oasi Zegna - Cartina Verde\" title=\"Oasi Zegna &#8211; Cartina Verde\" src=\"https:\/\/www.alpibiellesi.eu\/wp-content\/uploads\/2017\/06\/oasi-zegna-mappa.jpg\" class=\"img-responsive wp-image-14478\" srcset=\"https:\/\/www.alpibiellesi.eu\/wp-content\/uploads\/2017\/06\/oasi-zegna-mappa-200x121.jpg 200w, https:\/\/www.alpibiellesi.eu\/wp-content\/uploads\/2017\/06\/oasi-zegna-mappa-400x241.jpg 400w, https:\/\/www.alpibiellesi.eu\/wp-content\/uploads\/2017\/06\/oasi-zegna-mappa-600x362.jpg 600w, https:\/\/www.alpibiellesi.eu\/wp-content\/uploads\/2017\/06\/oasi-zegna-mappa-800x483.jpg 800w, https:\/\/www.alpibiellesi.eu\/wp-content\/uploads\/2017\/06\/oasi-zegna-mappa-1200x724.jpg 1200w, https:\/\/www.alpibiellesi.eu\/wp-content\/uploads\/2017\/06\/oasi-zegna-mappa.jpg 1311w\" sizes=\"(max-width: 1024px) 100vw, (max-width: 640px) 100vw, 1200px\" \/><\/span><\/div><\/div><\/div><\/div><\/div><div class=\"fusion-fullwidth fullwidth-box fusion-builder-row-2 fusion-flex-container nonhundred-percent-fullwidth non-hundred-percent-height-scrolling\" style=\"--awb-border-radius-top-left:0px;--awb-border-radius-top-right:0px;--awb-border-radius-bottom-right:0px;--awb-border-radius-bottom-left:0px;--awb-flex-wrap:wrap;\" ><div class=\"fusion-builder-row fusion-row fusion-flex-align-items-flex-start fusion-flex-content-wrap\" style=\"max-width:1144px;margin-left: calc(-4% \/ 2 );margin-right: calc(-4% \/ 2 );\"><div class=\"fusion-layout-column fusion_builder_column fusion-builder-column-1 fusion_builder_column_2_3 2_3 fusion-flex-column\" style=\"--awb-bg-blend:overlay;--awb-bg-size:cover;--awb-width-large:66.666666666667%;--awb-margin-top-large:0px;--awb-spacing-right-large:2.88%;--awb-margin-bottom-large:20px;--awb-spacing-left-large:2.88%;--awb-width-medium:100%;--awb-spacing-right-medium:1.92%;--awb-spacing-left-medium:1.92%;--awb-width-small:100%;--awb-spacing-right-small:1.92%;--awb-spacing-left-small:1.92%;\"><div class=\"fusion-column-wrapper fusion-flex-justify-content-flex-start fusion-content-layout-column\"><div class=\"fusion-text fusion-text-1\"><p>L&rsquo;Oasi Zegna est une zone de montagne prot\u00e9g\u00e9e et ouverte au public, qui s&rsquo;\u00e9tend sur environ 100 kilom\u00e8tres carr\u00e9s dans le Pi\u00e9mont, dans les Alpes de Biella, du Val Mosso au Val Cervo.<\/p>\n<p>Ses origines remontent aux ann\u00e9es 1930, lorsque l&rsquo;entrepreneur Ermenegildo Zegna, fondateur de Lanificio Zegna, apr\u00e8s avoir fond\u00e9 l&rsquo;entreprise qui porte son nom \u00e0 Trivero Valdilana, se consacra \u00e0 la revitalisation des montagnes environnantes.<\/p>\n<p>Le projet de l&rsquo;entrepreneur comprenait le reboisement des pentes avec 500\u00a0000 \u00e9pic\u00e9as, ainsi que des centaines de rhododendrons et d&rsquo;hortensias, et la construction d&rsquo;une route, la \u00ab\u00a0Panoramica Zegna\u00a0\u00bb, permettant aux habitants et aux touristes de profiter du cadre naturel des \u00ab\u00a0hauts plateaux\u00a0\u00bb.<\/p>\n<p>Aujourd&rsquo;hui, l&rsquo;Oasi Zegna est un laboratoire \u00e0 ciel ouvert pour les nouvelles g\u00e9n\u00e9rations et un lieu id\u00e9al pour les familles, les enfants et les sportifs qui souhaitent profiter d&rsquo;activit\u00e9s tout au long de l&rsquo;ann\u00e9e en contact avec la nature, dans le respect total des \u00e9cosyst\u00e8mes.<\/p>\n<p>C&rsquo;est le lieu id\u00e9al pour le trekking et la randonn\u00e9e, avec son dense r\u00e9seau de sentiers, le VTT, l&rsquo;\u00e9quitation, le ski et les sports d&rsquo;hiver dans la ville de Bielmonte.<\/p>\n<p>La r\u00e9gion abrite \u00e9galement des sites d&rsquo;une grande beaut\u00e9, comme la c\u00e9l\u00e8bre Conca dei Rhododendri, qui s&rsquo;illumine de couleurs vibrantes au printemps, et le Bosco del Sorriso (For\u00eat du Sourire), un sentier sensoriel qui invite \u00e0 renouer avec la nature. Une visite au sanctuaire de Nostra Signora della Brughiera et au sanctuaire de San Bernardo, v\u00e9ritables joyaux d&rsquo;architecture et de spiritualit\u00e9, est incontournable.<\/p>\n<p>L&rsquo;engagement de l&rsquo;Oasi Zegna ne se limite pas \u00e0 la promotion du tourisme, mais s&rsquo;\u00e9tend \u00e9galement \u00e0 la protection de l&rsquo;environnement.<\/p>\n<p>Ce territoire est un laboratoire \u00e0 ciel ouvert pour des projets innovants tels que la For\u00eat Zegna, un plan de sauvegarde du patrimoine forestier, et le laboratoire Outer EduCampus, qui vise \u00e0 sensibiliser les jeunes g\u00e9n\u00e9rations \u00e0 l&rsquo;importance de l&rsquo;\u00e9quilibre entre l&rsquo;homme et la nature.<\/p>\n<p>La r\u00e9cente certification FSC, obtenue en 2022, t\u00e9moigne d&rsquo;un engagement s\u00e9rieux et constant en faveur d&rsquo;une gestion foresti\u00e8re durable.<\/p>\n<p>Ce projet, qui allie \u00e9conomie et nature, a \u00e9t\u00e9 r\u00e9compens\u00e9 en 2014 par le soutien du FAI (Fonds italien pour l&rsquo;environnement).<\/p>\n<p>Oasi Zegna est un exemple vertueux de cohabitation harmonieuse entre nature, culture et tourisme, cr\u00e9ant ainsi un mod\u00e8le de d\u00e9veloppement unique et avant-gardiste.<\/p>\n<p>Pour plus d&rsquo;informations\u00a0: www.oasizegna.com<\/p>\n<\/div><\/div><\/div><div class=\"fusion-layout-column fusion_builder_column fusion-builder-column-2 fusion_builder_column_1_3 1_3 fusion-flex-column\" style=\"--awb-padding-top:25px;--awb-padding-right:18px;--awb-padding-left:16px;--awb-overflow:hidden;--awb-bg-color:hsla(var(--awb-color4-h),var(--awb-color4-s),var(--awb-color4-l),calc(var(--awb-color4-a) - 80%));--awb-bg-color-hover:hsla(var(--awb-color4-h),var(--awb-color4-s),var(--awb-color4-l),calc(var(--awb-color4-a) - 80%));--awb-bg-blend:overlay;--awb-bg-size:cover;--awb-border-color:var(--awb-color6);--awb-border-top:1px;--awb-border-right:1px;--awb-border-bottom:1px;--awb-border-left:1px;--awb-border-style:solid;--awb-border-radius:15px 15px 15px 15px;--awb-width-large:33.333333333333%;--awb-margin-top-large:24px;--awb-spacing-right-large:5.76%;--awb-margin-bottom-large:20px;--awb-spacing-left-large:5.76%;--awb-width-medium:100%;--awb-spacing-right-medium:1.92%;--awb-spacing-left-medium:1.92%;--awb-width-small:100%;--awb-spacing-right-small:1.92%;--awb-spacing-left-small:1.92%;\"><div class=\"fusion-column-wrapper fusion-flex-justify-content-flex-start fusion-content-layout-column\"><div class=\"fusion-builder-row fusion-builder-row-inner fusion-row fusion-flex-align-items-flex-start fusion-flex-content-wrap\" style=\"width:104% !important;max-width:104% !important;margin-left: calc(-4% \/ 2 );margin-right: calc(-4% \/ 2 );\"><div class=\"fusion-layout-column fusion_builder_column_inner fusion-builder-nested-column-0 fusion_builder_column_inner_1_6 1_6 fusion-flex-column\" style=\"--awb-bg-size:cover;--awb-width-large:16.666666666667%;--awb-margin-top-large:0px;--awb-spacing-right-large:11.52%;--awb-margin-bottom-large:20px;--awb-spacing-left-large:11.52%;--awb-width-medium:100%;--awb-order-medium:0;--awb-spacing-right-medium:1.92%;--awb-spacing-left-medium:1.92%;--awb-width-small:16.666666666667%;--awb-order-small:0;--awb-spacing-right-small:11.52%;--awb-spacing-left-small:11.52%;\"><div class=\"fusion-column-wrapper fusion-column-has-shadow fusion-flex-justify-content-flex-start fusion-content-layout-column\"><i class=\"fb-icon-element-1 fb-icon-element fontawesome-icon fa-map-signs fas circle-no fusion-text-flow\" style=\"--awb-iconcolor:var(--awb-color7);--awb-iconcolor-hover:var(--awb-color7);--awb-font-size:25px;--awb-margin-right:12.5px;\"><\/i><\/div><\/div><div class=\"fusion-layout-column fusion_builder_column_inner fusion-builder-nested-column-1 fusion_builder_column_inner_5_6 5_6 fusion-flex-column\" style=\"--awb-bg-size:cover;--awb-width-large:83.333333333333%;--awb-margin-top-large:0px;--awb-spacing-right-large:2.304%;--awb-margin-bottom-large:20px;--awb-spacing-left-large:2.304%;--awb-width-medium:100%;--awb-order-medium:0;--awb-spacing-right-medium:1.92%;--awb-spacing-left-medium:1.92%;--awb-width-small:83.333333333333%;--awb-order-small:0;--awb-spacing-right-small:2.304%;--awb-spacing-left-small:2.304%;\"><div class=\"fusion-column-wrapper fusion-column-has-shadow fusion-flex-justify-content-flex-start fusion-content-layout-column\"><div class=\"fusion-text fusion-text-2 fusion-text-no-margin\"><p><strong>Adresse<br \/>\n<\/strong>Dans la vall\u00e9e du Mosso<br \/>\n<b>LIEN <\/b><a href=\"https:\/\/www.google.com\/maps\/place\/Oasi+Zegna\/@45.6698368,8.1546849,17z\/data=!3m1!4b1!4m6!3m5!1s0x478619a033d6e2d3:0x88ebc2468426a2ef!8m2!3d45.6698368!4d8.1572598!16s%2Fg%2F120_gbxm?authuser=0&amp;entry=ttu&amp;g_ep=EgoyMDI1MDkwNy4wIKXMDSoASAFQAw%3D%3D\" target=\"_blank\" rel=\"noopener\">Google Maps<\/a><\/p>\n<\/div><\/div><\/div><\/div><div class=\"fusion-builder-row fusion-builder-row-inner fusion-row fusion-flex-align-items-flex-start fusion-flex-content-wrap\" style=\"width:104% !important;max-width:104% !important;margin-left: calc(-4% \/ 2 );margin-right: calc(-4% \/ 2 );\"><div class=\"fusion-layout-column fusion_builder_column_inner fusion-builder-nested-column-2 fusion_builder_column_inner_1_6 1_6 fusion-flex-column\" style=\"--awb-bg-size:cover;--awb-width-large:16.666666666667%;--awb-margin-top-large:0px;--awb-spacing-right-large:11.52%;--awb-margin-bottom-large:20px;--awb-spacing-left-large:11.52%;--awb-width-medium:100%;--awb-order-medium:0;--awb-spacing-right-medium:1.92%;--awb-spacing-left-medium:1.92%;--awb-width-small:16.666666666667%;--awb-order-small:0;--awb-spacing-right-small:11.52%;--awb-spacing-left-small:11.52%;\"><div class=\"fusion-column-wrapper fusion-column-has-shadow fusion-flex-justify-content-flex-start fusion-content-layout-column\"><i class=\"fb-icon-element-2 fb-icon-element fontawesome-icon fa-id-card fas circle-no fusion-text-flow\" style=\"--awb-iconcolor:var(--awb-color7);--awb-iconcolor-hover:var(--awb-color7);--awb-font-size:25px;--awb-margin-right:12.5px;\"><\/i><\/div><\/div><div class=\"fusion-layout-column fusion_builder_column_inner fusion-builder-nested-column-3 fusion_builder_column_inner_5_6 5_6 fusion-flex-column\" style=\"--awb-bg-size:cover;--awb-width-large:83.333333333333%;--awb-margin-top-large:0px;--awb-spacing-right-large:2.304%;--awb-margin-bottom-large:20px;--awb-spacing-left-large:2.304%;--awb-width-medium:100%;--awb-order-medium:0;--awb-spacing-right-medium:1.92%;--awb-spacing-left-medium:1.92%;--awb-width-small:83.333333333333%;--awb-order-small:0;--awb-spacing-right-small:2.304%;--awb-spacing-left-small:2.304%;\"><div class=\"fusion-column-wrapper fusion-column-has-shadow fusion-flex-justify-content-flex-start fusion-content-layout-column\"><div class=\"fusion-text fusion-text-3 fusion-text-no-margin\"><p>Contact<\/p>\n<\/div><\/div><\/div><\/div><div class=\"fusion-builder-row fusion-builder-row-inner fusion-row fusion-flex-align-items-flex-start fusion-flex-content-wrap\" style=\"width:104% !important;max-width:104% !important;margin-left: calc(-4% \/ 2 );margin-right: calc(-4% \/ 2 );\"><div class=\"fusion-layout-column fusion_builder_column_inner fusion-builder-nested-column-4 fusion_builder_column_inner_1_6 1_6 fusion-flex-column\" style=\"--awb-bg-size:cover;--awb-width-large:16.666666666667%;--awb-margin-top-large:0px;--awb-spacing-right-large:11.52%;--awb-margin-bottom-large:20px;--awb-spacing-left-large:11.52%;--awb-width-medium:100%;--awb-order-medium:0;--awb-spacing-right-medium:1.92%;--awb-spacing-left-medium:1.92%;--awb-width-small:16.666666666667%;--awb-order-small:0;--awb-spacing-right-small:11.52%;--awb-spacing-left-small:11.52%;\"><div class=\"fusion-column-wrapper fusion-column-has-shadow fusion-flex-justify-content-flex-start fusion-content-layout-column\"><i class=\"fb-icon-element-3 fb-icon-element fontawesome-icon fa-external-link-alt fas circle-no fusion-text-flow\" style=\"--awb-iconcolor:var(--awb-color7);--awb-iconcolor-hover:var(--awb-color7);--awb-font-size:25px;--awb-margin-right:12.5px;\"><\/i><\/div><\/div><div class=\"fusion-layout-column fusion_builder_column_inner fusion-builder-nested-column-5 fusion_builder_column_inner_5_6 5_6 fusion-flex-column\" style=\"--awb-bg-size:cover;--awb-width-large:83.333333333333%;--awb-margin-top-large:0px;--awb-spacing-right-large:2.304%;--awb-margin-bottom-large:20px;--awb-spacing-left-large:2.304%;--awb-width-medium:100%;--awb-order-medium:0;--awb-spacing-right-medium:1.92%;--awb-spacing-left-medium:1.92%;--awb-width-small:83.333333333333%;--awb-order-small:0;--awb-spacing-right-small:2.304%;--awb-spacing-left-small:2.304%;\"><div class=\"fusion-column-wrapper fusion-column-has-shadow fusion-flex-justify-content-flex-start fusion-content-layout-column\"><div class=\"fusion-text fusion-text-4 fusion-text-no-margin\"><p>Web<br \/>\nwww.oasizegna.com<\/p>\n<\/div><\/div><\/div><\/div><\/div><\/div><div class=\"fusion-layout-column fusion_builder_column fusion-builder-column-3 fusion_builder_column_1_1 1_1 fusion-flex-column\" style=\"--awb-bg-blend:overlay;--awb-bg-size:cover;--awb-width-large:100%;--awb-margin-top-large:0px;--awb-spacing-right-large:1.92%;--awb-margin-bottom-large:20px;--awb-spacing-left-large:1.92%;--awb-width-medium:100%;--awb-spacing-right-medium:1.92%;--awb-spacing-left-medium:1.92%;--awb-width-small:100%;--awb-spacing-right-small:1.92%;--awb-spacing-left-small:1.92%;\"><div class=\"fusion-column-wrapper fusion-flex-justify-content-flex-start fusion-content-layout-column\"><div class=\"fusion-title title fusion-title-1 fusion-title-text fusion-title-size-two\"><div class=\"title-sep-container title-sep-container-left fusion-no-large-visibility fusion-no-medium-visibility fusion-no-small-visibility\"><div class=\"title-sep sep-double sep-solid\" style=\"border-color:#e0dede;\"><\/div><\/div><span class=\"awb-title-spacer fusion-no-large-visibility fusion-no-medium-visibility fusion-no-small-visibility\"><\/span><h2 class=\"fusion-title-heading title-heading-left fusion-responsive-typography-calculated\" style=\"margin:0;--fontSize:18;--minFontSize:18;line-height:1.5;\">D\u00e9couvrez l&rsquo;Oasis<\/h2><span class=\"awb-title-spacer\"><\/span><div class=\"title-sep-container title-sep-container-right\"><div class=\"title-sep sep-double sep-solid\" style=\"border-color:#e0dede;\"><\/div><\/div><\/div><div class=\"fusion-image-carousel fusion-image-carousel-auto fusion-image-carousel-1 lightbox-enabled fusion-carousel-border\"><div class=\"awb-carousel awb-swiper awb-swiper-carousel awb-carousel--carousel awb-swiper-dots-position-bottom\" data-layout=\"carousel\" data-autoplay=\"no\" data-autoplayspeed=\"2500\" data-autoplaypause=\"no\" data-columns=\"3\" data-columnsmedium=\"1\" data-columnssmall=\"1\" data-itemmargin=\"13\" data-itemwidth=\"180\" data-touchscroll=\"no\" data-freemode=\"no\" data-imagesize=\"auto\" data-scrollitems=\"0\" data-centeredslides=\"no\" data-rotationangle=\"50\" data-depth=\"100\" data-speed=\"500\" data-shadow=\"no\" data-pagination=\"bullets\" style=\"--awb-columns:3;--awb-border-width:1px;--awb-border-color:#e9eaee;\"><div class=\"swiper-wrapper awb-image-carousel-wrapper fusion-flex-align-items-center\"><div class=\"swiper-slide\"><div class=\"fusion-carousel-item-wrapper\"><div class=\"fusion-image-wrapper hover-type-zoomin\"><a data-rel=\"iLightbox[image_carousel_1]\" data-title=\"Conca FIORITURE2 (Large)\" aria-label=\"Conca FIORITURE2 (Large)\" href=\"https:\/\/www.alpibiellesi.eu\/wp-content\/uploads\/2022\/05\/fotoFIORITURE2-Large.jpg\" target=\"_self\"><img decoding=\"async\" width=\"1441\" height=\"1080\" src=\"https:\/\/www.alpibiellesi.eu\/wp-content\/uploads\/2022\/05\/fotoFIORITURE2-Large.jpg\" class=\"attachment-full size-full\" alt=\"\" srcset=\"https:\/\/www.alpibiellesi.eu\/wp-content\/uploads\/2022\/05\/fotoFIORITURE2-Large-200x150.jpg 200w, https:\/\/www.alpibiellesi.eu\/wp-content\/uploads\/2022\/05\/fotoFIORITURE2-Large-400x300.jpg 400w, https:\/\/www.alpibiellesi.eu\/wp-content\/uploads\/2022\/05\/fotoFIORITURE2-Large-600x450.jpg 600w, https:\/\/www.alpibiellesi.eu\/wp-content\/uploads\/2022\/05\/fotoFIORITURE2-Large-800x600.jpg 800w, https:\/\/www.alpibiellesi.eu\/wp-content\/uploads\/2022\/05\/fotoFIORITURE2-Large-1200x899.jpg 1200w, https:\/\/www.alpibiellesi.eu\/wp-content\/uploads\/2022\/05\/fotoFIORITURE2-Large.jpg 1441w\" sizes=\"(min-width: 2200px) 100vw, (min-width: 824px) 358px, (min-width: 732px) 537px, (min-width: 640px) 732px, \" \/><\/a><\/div><\/div><\/div><div class=\"swiper-slide\"><div class=\"fusion-carousel-item-wrapper\"><div class=\"fusion-image-wrapper hover-type-zoomin\"><a data-rel=\"iLightbox[image_carousel_1]\" data-title=\"BoscoSorriso3 380&#215;241\" aria-label=\"BoscoSorriso3 380&#215;241\" href=\"https:\/\/www.alpibiellesi.eu\/wp-content\/uploads\/2024\/10\/BoscoSorriso3-380x241-1.jpg\" target=\"_self\"><img decoding=\"async\" width=\"380\" height=\"241\" src=\"https:\/\/www.alpibiellesi.eu\/wp-content\/uploads\/2024\/10\/BoscoSorriso3-380x241-1.jpg\" class=\"attachment-full size-full\" alt=\"\" srcset=\"https:\/\/www.alpibiellesi.eu\/wp-content\/uploads\/2024\/10\/BoscoSorriso3-380x241-1-200x127.jpg 200w, https:\/\/www.alpibiellesi.eu\/wp-content\/uploads\/2024\/10\/BoscoSorriso3-380x241-1.jpg 380w\" sizes=\"(min-width: 2200px) 100vw, (min-width: 824px) 358px, (min-width: 732px) 537px, (min-width: 640px) 732px, \" \/><\/a><\/div><\/div><\/div><div class=\"swiper-slide\"><div class=\"fusion-carousel-item-wrapper\"><div class=\"fusion-image-wrapper hover-type-zoomin\"><a data-rel=\"iLightbox[image_carousel_1]\" data-caption=\"Oasi Zegna - Ecomuseo\" data-title=\"Oasi Zegna &#8211; Ecomuseo\" aria-label=\"Oasi Zegna &#8211; Ecomuseo\" href=\"https:\/\/www.alpibiellesi.eu\/wp-content\/uploads\/2017\/10\/Oasi-Zegna_Ecomuseo_3.jpg\" target=\"_self\"><img decoding=\"async\" width=\"800\" height=\"600\" src=\"https:\/\/www.alpibiellesi.eu\/wp-content\/uploads\/2017\/10\/Oasi-Zegna_Ecomuseo_3.jpg\" class=\"attachment-full size-full\" alt=\"Oasi Zegna - Ecomuseo\" srcset=\"https:\/\/www.alpibiellesi.eu\/wp-content\/uploads\/2017\/10\/Oasi-Zegna_Ecomuseo_3-200x150.jpg 200w, https:\/\/www.alpibiellesi.eu\/wp-content\/uploads\/2017\/10\/Oasi-Zegna_Ecomuseo_3-400x300.jpg 400w, https:\/\/www.alpibiellesi.eu\/wp-content\/uploads\/2017\/10\/Oasi-Zegna_Ecomuseo_3-600x450.jpg 600w, https:\/\/www.alpibiellesi.eu\/wp-content\/uploads\/2017\/10\/Oasi-Zegna_Ecomuseo_3.jpg 800w\" sizes=\"(min-width: 2200px) 100vw, (min-width: 824px) 358px, (min-width: 732px) 537px, (min-width: 640px) 732px, \" \/><\/a><\/div><\/div><\/div><\/div><div class=\"awb-swiper-button awb-swiper-button-prev\"><i class=\"awb-icon-angle-left\" aria-hidden=\"true\"><\/i><\/div><div class=\"awb-swiper-button awb-swiper-button-next\"><i class=\"awb-icon-angle-right\" aria-hidden=\"true\"><\/i><\/div><\/div><\/div><div class=\"fusion-separator fusion-full-width-sep\" style=\"align-self: center;margin-left: auto;margin-right: auto;width:100%;\"><div class=\"fusion-separator-border sep-double\" style=\"--awb-height:20px;--awb-amount:20px;border-color:#e0dede;border-top-width:1px;border-bottom-width:1px;\"><\/div><\/div><div class=\"fusion-separator fusion-full-width-sep\" style=\"align-self: center;margin-left: auto;margin-right: auto;width:100%;\"><div class=\"fusion-separator-border sep-double sep-dashed\" style=\"--awb-height:20px;--awb-amount:20px;border-color:#e0dede;border-top-width:1px;border-bottom-width:1px;\"><\/div><\/div><div class=\"fusion-separator fusion-full-width-sep\" style=\"align-self: center;margin-left: auto;margin-right: auto;width:100%;\"><div class=\"fusion-separator-border sep-double sep-dashed\" style=\"--awb-height:20px;--awb-amount:20px;border-color:#e0dede;border-top-width:1px;border-bottom-width:1px;\"><\/div><\/div><\/div><\/div><\/div><\/div><\/p>\n","protected":false},"excerpt":{"rendered":"","protected":false},"author":38,"featured_media":0,"parent":0,"menu_order":0,"comment_status":"closed","ping_status":"closed","template":"100-width.php","meta":{"footnotes":""},"class_list":["post-57890","page","type-page","status-publish","hentry"],"aioseo_notices":[],"_links":{"self":[{"href":"https:\/\/www.alpibiellesi.eu\/fr\/wp-json\/wp\/v2\/pages\/57890","targetHints":{"allow":["GET"]}}],"collection":[{"href":"https:\/\/www.alpibiellesi.eu\/fr\/wp-json\/wp\/v2\/pages"}],"about":[{"href":"https:\/\/www.alpibiellesi.eu\/fr\/wp-json\/wp\/v2\/types\/page"}],"author":[{"embeddable":true,"href":"https:\/\/www.alpibiellesi.eu\/fr\/wp-json\/wp\/v2\/users\/38"}],"replies":[{"embeddable":true,"href":"https:\/\/www.alpibiellesi.eu\/fr\/wp-json\/wp\/v2\/comments?post=57890"}],"version-history":[{"count":0,"href":"https:\/\/www.alpibiellesi.eu\/fr\/wp-json\/wp\/v2\/pages\/57890\/revisions"}],"wp:attachment":[{"href":"https:\/\/www.alpibiellesi.eu\/fr\/wp-json\/wp\/v2\/media?parent=57890"}],"curies":[{"name":"wp","href":"https:\/\/api.w.org\/{rel}","templated":true}]}}