{"id":55161,"date":"2023-03-19T14:46:45","date_gmt":"2023-03-19T13:46:45","guid":{"rendered":"https:\/\/www.alpibiellesi.eu\/cyclotourisme\/cicloturismo-guide-e-tour-operator\/"},"modified":"2026-03-25T08:32:20","modified_gmt":"2026-03-25T07:32:20","slug":"cyclotourisme-guides-et-tour-operateurs","status":"publish","type":"page","link":"https:\/\/www.alpibiellesi.eu\/fr\/cyclotourisme\/cyclotourisme-guides-et-tour-operateurs\/","title":{"rendered":"Cyclotourisme &#8211; guides et tour-op\u00e9rateurs"},"content":{"rendered":"<p><div class=\"fusion-fullwidth fullwidth-box fusion-builder-row-1 fusion-flex-container has-pattern-background has-mask-background hundred-percent-fullwidth non-hundred-percent-height-scrolling\" style=\"--awb-border-radius-top-left:0px;--awb-border-radius-top-right:0px;--awb-border-radius-bottom-right:0px;--awb-border-radius-bottom-left:0px;--awb-padding-top:0px;--awb-padding-right:0px;--awb-padding-bottom:0px;--awb-padding-left:0px;--awb-margin-top:0px;--awb-margin-bottom:0px;--awb-flex-wrap:wrap;\" ><div class=\"fusion-builder-row fusion-row fusion-flex-align-items-flex-start fusion-flex-content-wrap\" style=\"width:104% !important;max-width:104% !important;margin-left: calc(-4% \/ 2 );margin-right: calc(-4% \/ 2 );\"><div class=\"fusion-layout-column fusion_builder_column fusion-builder-column-0 fusion_builder_column_1_1 1_1 fusion-flex-column\" style=\"--awb-bg-size:cover;--awb-width-large:100%;--awb-margin-top-large:0px;--awb-spacing-right-large:1.92%;--awb-margin-bottom-large:20px;--awb-spacing-left-large:1.92%;--awb-width-medium:100%;--awb-order-medium:0;--awb-spacing-right-medium:1.92%;--awb-spacing-left-medium:1.92%;--awb-width-small:100%;--awb-order-small:0;--awb-spacing-right-small:1.92%;--awb-spacing-left-small:1.92%;\"><div class=\"fusion-column-wrapper fusion-column-has-shadow fusion-flex-justify-content-flex-start fusion-content-layout-column\"><div class=\"fusion-image-element \" style=\"--awb-caption-title-font-family:var(--h2_typography-font-family);--awb-caption-title-font-weight:var(--h2_typography-font-weight);--awb-caption-title-font-style:var(--h2_typography-font-style);--awb-caption-title-size:var(--h2_typography-font-size);--awb-caption-title-transform:var(--h2_typography-text-transform);--awb-caption-title-line-height:var(--h2_typography-line-height);--awb-caption-title-letter-spacing:var(--h2_typography-letter-spacing);\"><span class=\" fusion-imageframe imageframe-none imageframe-1 hover-type-none\"><img decoding=\"async\" width=\"1920\" height=\"700\" title=\"CicloturismoGuide 1920 x 700\" src=\"https:\/\/www.alpibiellesi.eu\/wp-content\/uploads\/2023\/03\/CicloturismoGuide-1920-x-700-.jpg\" alt class=\"img-responsive wp-image-41602\" srcset=\"https:\/\/www.alpibiellesi.eu\/wp-content\/uploads\/2023\/03\/CicloturismoGuide-1920-x-700--200x73.jpg 200w, https:\/\/www.alpibiellesi.eu\/wp-content\/uploads\/2023\/03\/CicloturismoGuide-1920-x-700--400x146.jpg 400w, https:\/\/www.alpibiellesi.eu\/wp-content\/uploads\/2023\/03\/CicloturismoGuide-1920-x-700--600x219.jpg 600w, https:\/\/www.alpibiellesi.eu\/wp-content\/uploads\/2023\/03\/CicloturismoGuide-1920-x-700--800x292.jpg 800w, https:\/\/www.alpibiellesi.eu\/wp-content\/uploads\/2023\/03\/CicloturismoGuide-1920-x-700--1200x438.jpg 1200w, https:\/\/www.alpibiellesi.eu\/wp-content\/uploads\/2023\/03\/CicloturismoGuide-1920-x-700-.jpg 1920w\" sizes=\"(max-width: 1024px) 100vw, (max-width: 640px) 100vw, 1200px\" \/><\/span><\/div><\/div><\/div><\/div><\/div><div class=\"fusion-fullwidth fullwidth-box fusion-builder-row-2 fusion-flex-container has-pattern-background has-mask-background nonhundred-percent-fullwidth non-hundred-percent-height-scrolling\" style=\"--awb-border-radius-top-left:0px;--awb-border-radius-top-right:0px;--awb-border-radius-bottom-right:0px;--awb-border-radius-bottom-left:0px;--awb-flex-wrap:wrap;\" ><div class=\"fusion-builder-row fusion-row fusion-flex-align-items-flex-start fusion-flex-content-wrap\" style=\"max-width:1144px;margin-left: calc(-4% \/ 2 );margin-right: calc(-4% \/ 2 );\"><div class=\"fusion-layout-column fusion_builder_column fusion-builder-column-1 fusion_builder_column_1_1 1_1 fusion-flex-column\" style=\"--awb-bg-blend:overlay;--awb-bg-size:cover;--awb-width-large:100%;--awb-margin-top-large:0px;--awb-spacing-right-large:1.92%;--awb-margin-bottom-large:20px;--awb-spacing-left-large:1.92%;--awb-width-medium:100%;--awb-spacing-right-medium:1.92%;--awb-spacing-left-medium:1.92%;--awb-width-small:100%;--awb-spacing-right-small:1.92%;--awb-spacing-left-small:1.92%;\"><div class=\"fusion-column-wrapper fusion-flex-justify-content-center fusion-content-layout-column\"><div class=\"fusion-text fusion-text-1\"><h1 class=\"fusion-responsive-typography-calculated\" style=\"text-align: center; --fontsize: 33; line-height: 1.45;\" data-fontsize=\"33\" data-lineheight=\"47.85px\"><strong>Guides et tour-operateurs<\/strong><\/h1>\n<\/div><div class=\"fusion-separator fusion-full-width-sep\" style=\"align-self: center;margin-left: auto;margin-right: auto;width:100%;\"><div class=\"fusion-separator-border sep-shadow\" style=\"--awb-height:20px;--awb-amount:20px;background:radial-gradient(ellipse at 50% -50% , #e0dede 0px, rgba(255, 255, 255, 0) 80%) repeat scroll 0 0 rgba(0, 0, 0, 0);background:-webkit-radial-gradient(ellipse at 50% -50% , #e0dede 0px, rgba(255, 255, 255, 0) 80%) repeat scroll 0 0 rgba(0, 0, 0, 0);background:-moz-radial-gradient(ellipse at 50% -50% , #e0dede 0px, rgba(255, 255, 255, 0) 80%) repeat scroll 0 0 rgba(0, 0, 0, 0);background:-o-radial-gradient(ellipse at 50% -50% , #e0dede 0px, rgba(255, 255, 255, 0) 80%) repeat scroll 0 0 rgba(0, 0, 0, 0);\"><\/div><\/div><\/div><\/div><\/div><\/div><div id=\"menu\" class=\"fusion-container-anchor\"><div class=\"fusion-fullwidth fullwidth-box fusion-builder-row-3 fusion-flex-container has-pattern-background has-mask-background nonhundred-percent-fullwidth non-hundred-percent-height-scrolling\" style=\"--awb-border-radius-top-left:0px;--awb-border-radius-top-right:0px;--awb-border-radius-bottom-right:0px;--awb-border-radius-bottom-left:0px;--awb-margin-top:40px;--awb-flex-wrap:wrap;\" ><div class=\"fusion-builder-row fusion-row fusion-flex-align-items-flex-start fusion-flex-content-wrap\" style=\"max-width:1144px;margin-left: calc(-4% \/ 2 );margin-right: calc(-4% \/ 2 );\"><div class=\"fusion-layout-column fusion_builder_column fusion-builder-column-2 fusion_builder_column_1_2 1_2 fusion-flex-column\" style=\"--awb-bg-blend:overlay;--awb-bg-size:cover;--awb-width-large:50%;--awb-margin-top-large:0px;--awb-spacing-right-large:3.84%;--awb-margin-bottom-large:20px;--awb-spacing-left-large:3.84%;--awb-width-medium:100%;--awb-spacing-right-medium:1.92%;--awb-spacing-left-medium:1.92%;--awb-width-small:100%;--awb-spacing-right-small:1.92%;--awb-spacing-left-small:1.92%;\"><div class=\"fusion-column-wrapper fusion-flex-justify-content-flex-start fusion-content-layout-column\"><div class=\"fusion-image-element \" style=\"text-align:center;--awb-caption-title-font-family:var(--h2_typography-font-family);--awb-caption-title-font-weight:var(--h2_typography-font-weight);--awb-caption-title-font-style:var(--h2_typography-font-style);--awb-caption-title-size:var(--h2_typography-font-size);--awb-caption-title-transform:var(--h2_typography-text-transform);--awb-caption-title-line-height:var(--h2_typography-line-height);--awb-caption-title-letter-spacing:var(--h2_typography-letter-spacing);\"><span class=\" fusion-imageframe imageframe-none imageframe-2 hover-type-none\"><img decoding=\"async\" width=\"600\" height=\"270\" title=\"CiclutirismoGuideBizzocchi600 x 270\" src=\"https:\/\/www.alpibiellesi.eu\/wp-content\/uploads\/2023\/03\/CiclutirismoGuideBizzocchi600-x-270.jpg\" alt class=\"img-responsive wp-image-41593\" srcset=\"https:\/\/www.alpibiellesi.eu\/wp-content\/uploads\/2023\/03\/CiclutirismoGuideBizzocchi600-x-270-200x90.jpg 200w, https:\/\/www.alpibiellesi.eu\/wp-content\/uploads\/2023\/03\/CiclutirismoGuideBizzocchi600-x-270-400x180.jpg 400w, https:\/\/www.alpibiellesi.eu\/wp-content\/uploads\/2023\/03\/CiclutirismoGuideBizzocchi600-x-270.jpg 600w\" sizes=\"(max-width: 1024px) 100vw, (max-width: 640px) 100vw, 600px\" \/><\/span><\/div><div class=\"fusion-separator fusion-full-width-sep\" style=\"align-self: center;margin-left: auto;margin-right: auto;width:100%;\"><\/div><div class=\"fusion-text fusion-text-2\" style=\"--awb-content-alignment:center;--awb-font-size:22px;--awb-line-height:2;\"><p>Ludovico Bizzocchi<\/p>\n<\/div><div class=\"fusion-separator fusion-full-width-sep\" style=\"align-self: center;margin-left: auto;margin-right: auto;width:100%;\"><\/div><div class=\"fusion-separator fusion-full-width-sep\" style=\"align-self: center;margin-left: auto;margin-right: auto;margin-bottom:10px;width:100%;\"><div class=\"fusion-separator-border sep-single sep-solid\" style=\"--awb-height:20px;--awb-amount:20px;border-color:#e0dede;border-top-width:1px;\"><\/div><\/div><div class=\"fusion-text fusion-text-3\" style=\"--awb-font-size:20px;\"><p>Il est Ma\u00eetre Instructeur VTT de la F\u00e9d\u00e9ration Italienne de Cyclisme et Guide de Tourisme Cycliste Sportif.<br \/>\nIl est guide de cyclotourisme pour la r\u00e9gion Pi\u00e9mont<br \/>\nIl organise des journ\u00e9es de team building en entreprise, avec un focus sp\u00e9cifique sur les th\u00e9matiques demand\u00e9es (travail en \u00e9quipe, r\u00e9ussite, sortie de zone de confort, etc.).<br \/>\nIl a cr\u00e9\u00e9 BL.outdoor Srl, une startup innovante visant \u00e0 offrir des produits, des services et des conseils dans le secteur de l&rsquo;outdoor . En 2019, le premier produit de l&rsquo;entreprise a \u00e9t\u00e9 lanc\u00e9 : Skouty. Il s&rsquo;agit d&rsquo;une place de march\u00e9 permettant de r\u00e9server des exp\u00e9riences de sports de plein air avec un professionnel.<\/p>\n<\/div><div class=\"fusion-text fusion-text-4\"><p>Via Botto 4<br \/>\n13814 Pollone (BI)<\/p>\n<p>+39 348 2888040<\/p>\n<p>ludovico.bizzocchi@gmail.com<\/p>\n<\/div><div ><a class=\"fusion-button button-flat fusion-button-default-size button-custom fusion-button-default button-1 fusion-button-default-span fusion-button-default-type\" style=\"--button_accent_color:rgba(255,255,255,.8);--button_accent_hover_color:rgba(255,255,255,.9);--button_border_hover_color:rgba(255,255,255,.9);--button_gradient_top_color:var(--awb-color7);--button_gradient_bottom_color:var(--awb-color7);--button_gradient_top_color_hover:#96c346;--button_gradient_bottom_color_hover:#96c346;\" target=\"_self\" href=\"https:\/\/www.outdoor.skouty.com\"><span class=\"fusion-button-text awb-button__text awb-button__text--default\">Contactez le professionel<\/span><\/a><\/div><\/div><\/div><div class=\"fusion-layout-column fusion_builder_column fusion-builder-column-3 fusion_builder_column_1_2 1_2 fusion-flex-column\" style=\"--awb-bg-blend:overlay;--awb-bg-size:cover;--awb-width-large:50%;--awb-margin-top-large:0px;--awb-spacing-right-large:3.84%;--awb-margin-bottom-large:20px;--awb-spacing-left-large:3.84%;--awb-width-medium:100%;--awb-spacing-right-medium:1.92%;--awb-spacing-left-medium:1.92%;--awb-width-small:100%;--awb-spacing-right-small:1.92%;--awb-spacing-left-small:1.92%;\"><div class=\"fusion-column-wrapper fusion-flex-justify-content-flex-start fusion-content-layout-column\"><div class=\"fusion-image-element \" style=\"text-align:center;--awb-caption-title-font-family:var(--h2_typography-font-family);--awb-caption-title-font-weight:var(--h2_typography-font-weight);--awb-caption-title-font-style:var(--h2_typography-font-style);--awb-caption-title-size:var(--h2_typography-font-size);--awb-caption-title-transform:var(--h2_typography-text-transform);--awb-caption-title-line-height:var(--h2_typography-line-height);--awb-caption-title-letter-spacing:var(--h2_typography-letter-spacing);\"><span class=\" fusion-imageframe imageframe-none imageframe-3 hover-type-none\"><img decoding=\"async\" width=\"600\" height=\"270\" title=\"CicloturismoTOOverAlp 600 x 270\" src=\"https:\/\/www.alpibiellesi.eu\/wp-content\/uploads\/2023\/03\/CicloturismoTOOverAlp-600-x-270.jpg\" alt class=\"img-responsive wp-image-41597\" srcset=\"https:\/\/www.alpibiellesi.eu\/wp-content\/uploads\/2023\/03\/CicloturismoTOOverAlp-600-x-270-200x90.jpg 200w, https:\/\/www.alpibiellesi.eu\/wp-content\/uploads\/2023\/03\/CicloturismoTOOverAlp-600-x-270-400x180.jpg 400w, https:\/\/www.alpibiellesi.eu\/wp-content\/uploads\/2023\/03\/CicloturismoTOOverAlp-600-x-270.jpg 600w\" sizes=\"(max-width: 1024px) 100vw, (max-width: 640px) 100vw, 600px\" \/><\/span><\/div><div class=\"fusion-separator fusion-full-width-sep\" style=\"align-self: center;margin-left: auto;margin-right: auto;width:100%;\"><\/div><div class=\"fusion-separator fusion-full-width-sep\" style=\"align-self: center;margin-left: auto;margin-right: auto;width:100%;\"><\/div><div class=\"fusion-separator fusion-full-width-sep\" style=\"align-self: center;margin-left: auto;margin-right: auto;width:100%;\"><\/div><div class=\"fusion-text fusion-text-5\" style=\"--awb-content-alignment:center;--awb-font-size:22px;--awb-line-height:2;\"><p>Over Alp<\/p>\n<\/div><div class=\"fusion-separator fusion-full-width-sep\" style=\"align-self: center;margin-left: auto;margin-right: auto;width:100%;\"><\/div><div class=\"fusion-separator fusion-full-width-sep\" style=\"align-self: center;margin-left: auto;margin-right: auto;margin-bottom:10px;width:100%;\"><div class=\"fusion-separator-border sep-single sep-solid\" style=\"--awb-height:20px;--awb-amount:20px;border-color:#e0dede;border-top-width:1px;\"><\/div><\/div><div class=\"fusion-text fusion-text-6\" style=\"--awb-font-size:20px;\"><p>Les guides disponibles sont qualifi\u00e9s et assur\u00e9s.<br \/>\nAdapt\u00e9s aussi bien aux d\u00e9butants qu&rsquo;aux cyclistes exp\u00e9riment\u00e9s, les circuits Overalp sont l&rsquo;occasion id\u00e9ale de s&rsquo;amuser en p\u00e9dalant.<br \/>\nSport, territoire, nature et gastronomie : tels sont les \u00e9l\u00e9ments des circuits en v\u00e9lo \u00e9lectrique dans la r\u00e9gion de Biella.<br \/>\nD&rsquo;Oropa \u00e0 l&rsquo;Oasi Zegna, de Baraggia \u00e0 la Serra morenica d&rsquo;Ivrea, les itin\u00e9raires choisis vous conduiront \u00e0 la d\u00e9couverte du territoire pour profiter de vues imprenables sur les Alpes et la plaine.<\/p>\n<\/div><div class=\"fusion-text fusion-text-7\"><p>Tour Operator \u2022 Biella<br \/>\nMountain Guides Agency &amp; Outdoor Tour Operator<\/p>\n<p>+39 349 6252576<\/p>\n<p><a href=\"mailto:overalp@overalp.com\">overalp@overalp.com<\/a><br \/>\nwww.overalp.it<\/p>\n<\/div><div ><a class=\"fusion-button button-flat fusion-button-default-size button-custom fusion-button-default button-2 fusion-button-default-span fusion-button-default-type\" style=\"--button_accent_color:rgba(255,255,255,.8);--button_accent_hover_color:rgba(255,255,255,.9);--button_border_hover_color:rgba(255,255,255,.9);--button_gradient_top_color:var(--awb-color7);--button_gradient_bottom_color:var(--awb-color7);--button_gradient_top_color_hover:#96c346;--button_gradient_bottom_color_hover:#96c346;\" target=\"_self\" href=\"www.overalpi.it\"><span class=\"fusion-button-text awb-button__text awb-button__text--default\">Contactez Overalp<\/span><\/a><\/div><\/div><\/div><div class=\"fusion-layout-column fusion_builder_column fusion-builder-column-4 fusion_builder_column_1_1 1_1 fusion-flex-column\" style=\"--awb-bg-blend:overlay;--awb-bg-size:cover;--awb-width-large:100%;--awb-margin-top-large:0px;--awb-spacing-right-large:1.92%;--awb-margin-bottom-large:20px;--awb-spacing-left-large:1.92%;--awb-width-medium:100%;--awb-spacing-right-medium:1.92%;--awb-spacing-left-medium:1.92%;--awb-width-small:100%;--awb-spacing-right-small:1.92%;--awb-spacing-left-small:1.92%;\"><div class=\"fusion-column-wrapper fusion-flex-justify-content-flex-start fusion-content-layout-column\"><div class=\"fusion-separator fusion-full-width-sep\" style=\"align-self: center;margin-left: auto;margin-right: auto;margin-top:10px;width:100%;\"><\/div><div class=\"fusion-separator fusion-full-width-sep\" style=\"align-self: center;margin-left: auto;margin-right: auto;width:100%;\"><\/div><\/div><\/div><\/div><\/div><\/div><\/p>\n","protected":false},"excerpt":{"rendered":"","protected":false},"author":38,"featured_media":0,"parent":53192,"menu_order":0,"comment_status":"closed","ping_status":"closed","template":"100-width.php","meta":{"footnotes":""},"class_list":["post-55161","page","type-page","status-publish","hentry"],"aioseo_notices":[],"_links":{"self":[{"href":"https:\/\/www.alpibiellesi.eu\/fr\/wp-json\/wp\/v2\/pages\/55161","targetHints":{"allow":["GET"]}}],"collection":[{"href":"https:\/\/www.alpibiellesi.eu\/fr\/wp-json\/wp\/v2\/pages"}],"about":[{"href":"https:\/\/www.alpibiellesi.eu\/fr\/wp-json\/wp\/v2\/types\/page"}],"author":[{"embeddable":true,"href":"https:\/\/www.alpibiellesi.eu\/fr\/wp-json\/wp\/v2\/users\/38"}],"replies":[{"embeddable":true,"href":"https:\/\/www.alpibiellesi.eu\/fr\/wp-json\/wp\/v2\/comments?post=55161"}],"version-history":[{"count":1,"href":"https:\/\/www.alpibiellesi.eu\/fr\/wp-json\/wp\/v2\/pages\/55161\/revisions"}],"predecessor-version":[{"id":60731,"href":"https:\/\/www.alpibiellesi.eu\/fr\/wp-json\/wp\/v2\/pages\/55161\/revisions\/60731"}],"up":[{"embeddable":true,"href":"https:\/\/www.alpibiellesi.eu\/fr\/wp-json\/wp\/v2\/pages\/53192"}],"wp:attachment":[{"href":"https:\/\/www.alpibiellesi.eu\/fr\/wp-json\/wp\/v2\/media?parent=55161"}],"curies":[{"name":"wp","href":"https:\/\/api.w.org\/{rel}","templated":true}]}}