{"id":55005,"date":"2023-03-18T17:51:15","date_gmt":"2023-03-18T16:51:15","guid":{"rendered":"https:\/\/www.alpibiellesi.eu\/cyclotourisme\/cicloturismo-noleggi\/"},"modified":"2026-03-25T08:31:52","modified_gmt":"2026-03-25T07:31:52","slug":"location-et-boutique","status":"publish","type":"page","link":"https:\/\/www.alpibiellesi.eu\/fr\/cyclotourisme\/location-et-boutique\/","title":{"rendered":"Location et boutique"},"content":{"rendered":"<p><div class=\"fusion-fullwidth fullwidth-box fusion-builder-row-1 fusion-flex-container has-pattern-background has-mask-background hundred-percent-fullwidth non-hundred-percent-height-scrolling\" style=\"--awb-border-radius-top-left:0px;--awb-border-radius-top-right:0px;--awb-border-radius-bottom-right:0px;--awb-border-radius-bottom-left:0px;--awb-padding-top:0px;--awb-padding-right:0px;--awb-padding-bottom:0px;--awb-padding-left:0px;--awb-margin-top:0px;--awb-margin-bottom:0px;--awb-flex-wrap:wrap;\" ><div class=\"fusion-builder-row fusion-row fusion-flex-align-items-flex-start fusion-flex-content-wrap\" style=\"width:104% !important;max-width:104% !important;margin-left: calc(-4% \/ 2 );margin-right: calc(-4% \/ 2 );\"><div class=\"fusion-layout-column fusion_builder_column fusion-builder-column-0 fusion_builder_column_1_1 1_1 fusion-flex-column\" style=\"--awb-bg-size:cover;--awb-width-large:100%;--awb-margin-top-large:0px;--awb-spacing-right-large:1.92%;--awb-margin-bottom-large:20px;--awb-spacing-left-large:1.92%;--awb-width-medium:100%;--awb-order-medium:0;--awb-spacing-right-medium:1.92%;--awb-spacing-left-medium:1.92%;--awb-width-small:100%;--awb-order-small:0;--awb-spacing-right-small:1.92%;--awb-spacing-left-small:1.92%;\"><div class=\"fusion-column-wrapper fusion-column-has-shadow fusion-flex-justify-content-flex-start fusion-content-layout-column\"><div class=\"fusion-image-element \" style=\"--awb-caption-title-font-family:var(--h2_typography-font-family);--awb-caption-title-font-weight:var(--h2_typography-font-weight);--awb-caption-title-font-style:var(--h2_typography-font-style);--awb-caption-title-size:var(--h2_typography-font-size);--awb-caption-title-transform:var(--h2_typography-text-transform);--awb-caption-title-line-height:var(--h2_typography-line-height);--awb-caption-title-letter-spacing:var(--h2_typography-letter-spacing);\"><span class=\" fusion-imageframe imageframe-none imageframe-1 hover-type-none\"><img decoding=\"async\" width=\"1920\" height=\"700\" title=\"BikeNoleggio2025 1920c 700\" src=\"https:\/\/www.alpibiellesi.eu\/wp-content\/uploads\/2025\/06\/BikeNoleggio2025-1920c-700.jpg\" alt class=\"img-responsive wp-image-56969\" srcset=\"https:\/\/www.alpibiellesi.eu\/wp-content\/uploads\/2025\/06\/BikeNoleggio2025-1920c-700-200x73.jpg 200w, https:\/\/www.alpibiellesi.eu\/wp-content\/uploads\/2025\/06\/BikeNoleggio2025-1920c-700-400x146.jpg 400w, https:\/\/www.alpibiellesi.eu\/wp-content\/uploads\/2025\/06\/BikeNoleggio2025-1920c-700-600x219.jpg 600w, https:\/\/www.alpibiellesi.eu\/wp-content\/uploads\/2025\/06\/BikeNoleggio2025-1920c-700-800x292.jpg 800w, https:\/\/www.alpibiellesi.eu\/wp-content\/uploads\/2025\/06\/BikeNoleggio2025-1920c-700-1200x438.jpg 1200w, https:\/\/www.alpibiellesi.eu\/wp-content\/uploads\/2025\/06\/BikeNoleggio2025-1920c-700.jpg 1920w\" sizes=\"(max-width: 1024px) 100vw, (max-width: 640px) 100vw, 1200px\" \/><\/span><\/div><\/div><\/div><\/div><\/div><div class=\"fusion-fullwidth fullwidth-box fusion-builder-row-2 fusion-flex-container has-pattern-background has-mask-background nonhundred-percent-fullwidth non-hundred-percent-height-scrolling\" style=\"--awb-border-radius-top-left:0px;--awb-border-radius-top-right:0px;--awb-border-radius-bottom-right:0px;--awb-border-radius-bottom-left:0px;--awb-flex-wrap:wrap;\" ><div class=\"fusion-builder-row fusion-row fusion-flex-align-items-flex-start fusion-flex-content-wrap\" style=\"max-width:1144px;margin-left: calc(-4% \/ 2 );margin-right: calc(-4% \/ 2 );\"><div class=\"fusion-layout-column fusion_builder_column fusion-builder-column-1 fusion_builder_column_1_1 1_1 fusion-flex-column\" style=\"--awb-bg-blend:overlay;--awb-bg-size:cover;--awb-width-large:100%;--awb-margin-top-large:0px;--awb-spacing-right-large:1.92%;--awb-margin-bottom-large:20px;--awb-spacing-left-large:1.92%;--awb-width-medium:100%;--awb-spacing-right-medium:1.92%;--awb-spacing-left-medium:1.92%;--awb-width-small:100%;--awb-spacing-right-small:1.92%;--awb-spacing-left-small:1.92%;\"><div class=\"fusion-column-wrapper fusion-flex-justify-content-center fusion-content-layout-column\"><div class=\"fusion-text fusion-text-1\"><h1>\u00a0 \u00a0 \u00a0 \u00a0 \u00a0 \u00a0 \u00a0 \u00a0 \u00a0 \u00a0 \u00a0 \u00a0 \u00a0 \u00a0 \u00a0 \u00a0 \u00a0 \u00a0 \u00a0 \u00a0 \u00a0 \u00a0 \u00a0 \u00a0 \u00a0 Location et boutique<\/h1>\n<\/div><div class=\"fusion-separator fusion-full-width-sep\" style=\"align-self: center;margin-left: auto;margin-right: auto;width:100%;\"><div class=\"fusion-separator-border sep-shadow\" style=\"--awb-height:20px;--awb-amount:20px;background:radial-gradient(ellipse at 50% -50% , #e0dede 0px, rgba(255, 255, 255, 0) 80%) repeat scroll 0 0 rgba(0, 0, 0, 0);background:-webkit-radial-gradient(ellipse at 50% -50% , #e0dede 0px, rgba(255, 255, 255, 0) 80%) repeat scroll 0 0 rgba(0, 0, 0, 0);background:-moz-radial-gradient(ellipse at 50% -50% , #e0dede 0px, rgba(255, 255, 255, 0) 80%) repeat scroll 0 0 rgba(0, 0, 0, 0);background:-o-radial-gradient(ellipse at 50% -50% , #e0dede 0px, rgba(255, 255, 255, 0) 80%) repeat scroll 0 0 rgba(0, 0, 0, 0);\"><\/div><\/div><\/div><\/div><\/div><\/div><div id=\"menu\" class=\"fusion-container-anchor\"><div class=\"fusion-fullwidth fullwidth-box fusion-builder-row-3 fusion-flex-container has-pattern-background has-mask-background nonhundred-percent-fullwidth non-hundred-percent-height-scrolling\" style=\"--awb-border-radius-top-left:0px;--awb-border-radius-top-right:0px;--awb-border-radius-bottom-right:0px;--awb-border-radius-bottom-left:0px;--awb-margin-top:40px;--awb-flex-wrap:wrap;\" ><div class=\"fusion-builder-row fusion-row fusion-flex-align-items-flex-start fusion-flex-content-wrap\" style=\"max-width:1144px;margin-left: calc(-4% \/ 2 );margin-right: calc(-4% \/ 2 );\"><div class=\"fusion-layout-column fusion_builder_column fusion-builder-column-2 fusion_builder_column_1_3 1_3 fusion-flex-column\" style=\"--awb-bg-blend:overlay;--awb-bg-size:cover;--awb-width-large:33.333333333333%;--awb-margin-top-large:0px;--awb-spacing-right-large:5.76%;--awb-margin-bottom-large:20px;--awb-spacing-left-large:5.76%;--awb-width-medium:100%;--awb-spacing-right-medium:1.92%;--awb-spacing-left-medium:1.92%;--awb-width-small:100%;--awb-spacing-right-small:1.92%;--awb-spacing-left-small:1.92%;\"><div class=\"fusion-column-wrapper fusion-flex-justify-content-flex-start fusion-content-layout-column\"><div class=\"fusion-image-element \" style=\"text-align:center;--awb-caption-title-font-family:var(--h2_typography-font-family);--awb-caption-title-font-weight:var(--h2_typography-font-weight);--awb-caption-title-font-style:var(--h2_typography-font-style);--awb-caption-title-size:var(--h2_typography-font-size);--awb-caption-title-transform:var(--h2_typography-text-transform);--awb-caption-title-line-height:var(--h2_typography-line-height);--awb-caption-title-letter-spacing:var(--h2_typography-letter-spacing);\"><span class=\" fusion-imageframe imageframe-none imageframe-2 hover-type-none\"><img decoding=\"async\" width=\"900\" height=\"405\" title=\"CicloturismoNoleggioChalet900 x 405 home page\" src=\"https:\/\/www.alpibiellesi.eu\/wp-content\/uploads\/2023\/03\/CicloturismoNoleggioChalet900-x-405-home-page-.jpg\" alt class=\"img-responsive wp-image-41572\" srcset=\"https:\/\/www.alpibiellesi.eu\/wp-content\/uploads\/2023\/03\/CicloturismoNoleggioChalet900-x-405-home-page--200x90.jpg 200w, https:\/\/www.alpibiellesi.eu\/wp-content\/uploads\/2023\/03\/CicloturismoNoleggioChalet900-x-405-home-page--400x180.jpg 400w, https:\/\/www.alpibiellesi.eu\/wp-content\/uploads\/2023\/03\/CicloturismoNoleggioChalet900-x-405-home-page--600x270.jpg 600w, https:\/\/www.alpibiellesi.eu\/wp-content\/uploads\/2023\/03\/CicloturismoNoleggioChalet900-x-405-home-page--800x360.jpg 800w, https:\/\/www.alpibiellesi.eu\/wp-content\/uploads\/2023\/03\/CicloturismoNoleggioChalet900-x-405-home-page-.jpg 900w\" sizes=\"(max-width: 1024px) 100vw, (max-width: 640px) 100vw, 400px\" \/><\/span><\/div><div class=\"fusion-separator fusion-full-width-sep\" style=\"align-self: center;margin-left: auto;margin-right: auto;width:100%;\"><\/div><div class=\"fusion-text fusion-text-2\" style=\"--awb-content-alignment:center;--awb-font-size:22px;--awb-line-height:2;\"><p>Location Chalet Bielmonte<\/p>\n<\/div><div class=\"fusion-separator fusion-full-width-sep\" style=\"align-self: center;margin-left: auto;margin-right: auto;width:100%;\"><\/div><div class=\"fusion-separator fusion-full-width-sep\" style=\"align-self: center;margin-left: auto;margin-right: auto;margin-bottom:10px;width:100%;\"><div class=\"fusion-separator-border sep-single sep-solid\" style=\"--awb-height:20px;--awb-amount:20px;border-color:#e0dede;border-top-width:1px;\"><\/div><\/div><div class=\"fusion-text fusion-text-3\" style=\"--awb-font-size:20px;\"><p>A Bielmonte, le point de location se trouve au Bar Ristorante Chalet Bielmonte. Il dispose de 12 v\u00e9los \u00e9lectriques adultes et de 2 v\u00e9los \u00e9lectriques jeunes. Il dispose d&rsquo;un atelier de r\u00e9paration, d&rsquo;installations de lavage et de gonflage. Il est \u00e9quip\u00e9 d&rsquo;une colonne de charge. Possibilit\u00e9 de location de casque\u00a0 \u00a0 \u00a0 \u00a0 \u00a0 \u00a0 \u00a0 \u00a0 \u00a0 \u00a0 \u00a0 \u00a0 \u00a0 \u00a0 \u00a0 \u00a0 OUVERT JUSQU&rsquo;AU 26 OCTOBRE<\/p>\n<\/div><div class=\"fusion-text fusion-text-4\"><p>Localit\u00e0 Bielmonte, 1<br \/>\n13844 Piatto (BI)<\/p>\n<p>Tel+39 015 744126<\/p>\n<p><a href=\"mailto:monticchiosportecamere@gmail.com\">steu76@hotmail.it<br \/>\nwww.chalet-bielmonte.it<\/a><\/p>\n<\/div><div ><a class=\"fusion-button button-flat fusion-button-default-size button-custom fusion-button-default button-1 fusion-button-default-span fusion-button-default-type\" style=\"--button_accent_color:rgba(255,255,255,.8);--button_accent_hover_color:rgba(255,255,255,.9);--button_border_hover_color:rgba(255,255,255,.9);--button_gradient_top_color:var(--awb-color7);--button_gradient_bottom_color:var(--awb-color7);--button_gradient_top_color_hover:#96c346;--button_gradient_bottom_color_hover:#96c346;\" target=\"_self\" href=\"https:\/\/chaletbielmonte.it\/service\/\"><span class=\"fusion-button-text awb-button__text awb-button__text--default\">Contactez la structure<\/span><\/a><\/div><\/div><\/div><div class=\"fusion-layout-column fusion_builder_column fusion-builder-column-3 fusion_builder_column_1_3 1_3 fusion-flex-column\" style=\"--awb-bg-blend:overlay;--awb-bg-size:cover;--awb-width-large:33.333333333333%;--awb-margin-top-large:0px;--awb-spacing-right-large:5.76%;--awb-margin-bottom-large:20px;--awb-spacing-left-large:5.76%;--awb-width-medium:100%;--awb-spacing-right-medium:1.92%;--awb-spacing-left-medium:1.92%;--awb-width-small:100%;--awb-spacing-right-small:1.92%;--awb-spacing-left-small:1.92%;\"><div class=\"fusion-column-wrapper fusion-flex-justify-content-flex-start fusion-content-layout-column\"><div class=\"fusion-image-element \" style=\"text-align:center;--awb-caption-title-font-family:var(--h2_typography-font-family);--awb-caption-title-font-weight:var(--h2_typography-font-weight);--awb-caption-title-font-style:var(--h2_typography-font-style);--awb-caption-title-size:var(--h2_typography-font-size);--awb-caption-title-transform:var(--h2_typography-text-transform);--awb-caption-title-line-height:var(--h2_typography-line-height);--awb-caption-title-letter-spacing:var(--h2_typography-letter-spacing);\"><span class=\" fusion-imageframe imageframe-none imageframe-3 hover-type-none\"><img decoding=\"async\" width=\"900\" height=\"405\" title=\"MonticchioBike900 x 405\" src=\"https:\/\/www.alpibiellesi.eu\/wp-content\/uploads\/2023\/03\/MonticchioBike900-x-405-.jpg\" alt class=\"img-responsive wp-image-41560\" srcset=\"https:\/\/www.alpibiellesi.eu\/wp-content\/uploads\/2023\/03\/MonticchioBike900-x-405--200x90.jpg 200w, https:\/\/www.alpibiellesi.eu\/wp-content\/uploads\/2023\/03\/MonticchioBike900-x-405--400x180.jpg 400w, https:\/\/www.alpibiellesi.eu\/wp-content\/uploads\/2023\/03\/MonticchioBike900-x-405--600x270.jpg 600w, https:\/\/www.alpibiellesi.eu\/wp-content\/uploads\/2023\/03\/MonticchioBike900-x-405--800x360.jpg 800w, https:\/\/www.alpibiellesi.eu\/wp-content\/uploads\/2023\/03\/MonticchioBike900-x-405-.jpg 900w\" sizes=\"(max-width: 1024px) 100vw, (max-width: 640px) 100vw, 400px\" \/><\/span><\/div><div class=\"fusion-separator fusion-full-width-sep\" style=\"align-self: center;margin-left: auto;margin-right: auto;width:100%;\"><\/div><div class=\"fusion-text fusion-text-5\" style=\"--awb-content-alignment:center;--awb-font-size:22px;--awb-line-height:2;\"><p>Monticchio camere e sport<\/p>\n<\/div><div class=\"fusion-separator fusion-full-width-sep\" style=\"align-self: center;margin-left: auto;margin-right: auto;width:100%;\"><\/div><div class=\"fusion-separator fusion-full-width-sep\" style=\"align-self: center;margin-left: auto;margin-right: auto;margin-bottom:10px;width:100%;\"><div class=\"fusion-separator-border sep-single sep-solid\" style=\"--awb-height:20px;--awb-amount:20px;border-color:#e0dede;border-top-width:1px;\"><\/div><\/div><div class=\"fusion-text fusion-text-6\" style=\"--awb-font-size:20px;\"><p>\u00c0 Bocchetto Sessera, cette structure propose plusieurs types d&rsquo;h\u00e9bergement. Il poss\u00e8de 18 v\u00e9los \u00e9lectriques adultes tout suspendus Rossignol avec selle t\u00e9lescopique et transmission Shimano \u00e0 11 vitesses. C&rsquo;est un point de location de v\u00e9los sur r\u00e9servation, avec atelier de r\u00e9paration et stockage surveill\u00e9, possibilit\u00e9 de lavage et de gonflage. Il est \u00e9quip\u00e9 d&rsquo;une colonne de charge. Possibilit\u00e9 de location de casque\u00a0 \u00a0 \u00a0 \u00a0 \u00a0 \u00a0 \u00a0 \u00a0 \u00a0 \u00a0 \u00a0 \u00a0 \u00a0 ACTUELLEMENT FERM\u00c9<\/p>\n<\/div><div class=\"fusion-text fusion-text-7\"><p>Localit\u00e0 Bocchetto Sessera<br \/>\n13811 Tavigliano (BI)<\/p>\n<p>Tel +39 366 4690449\u00a0 \u00a0+39 320 9616218<\/p>\n<p><a href=\"mailto:monticchiosportecamere@gmail.com\">monticchiosportecamere@gmail.com<\/a><br \/>\nwww.monticchiosportecamere.it<\/p>\n<\/div><div ><a class=\"fusion-button button-flat fusion-button-default-size button-custom fusion-button-default button-2 fusion-button-default-span fusion-button-default-type\" style=\"--button_accent_color:rgba(255,255,255,.8);--button_accent_hover_color:rgba(255,255,255,.9);--button_border_hover_color:rgba(255,255,255,.9);--button_gradient_top_color:var(--awb-color7);--button_gradient_bottom_color:var(--awb-color7);--button_gradient_top_color_hover:#96c346;--button_gradient_bottom_color_hover:#96c346;\" target=\"_self\" href=\"https:\/\/www.monticchiosportecamere.it\/\"><span class=\"fusion-button-text awb-button__text awb-button__text--default\">Contactez la structure<\/span><\/a><\/div><\/div><\/div><div class=\"fusion-layout-column fusion_builder_column fusion-builder-column-4 fusion_builder_column_1_3 1_3 fusion-flex-column\" style=\"--awb-bg-blend:overlay;--awb-bg-size:cover;--awb-width-large:33.333333333333%;--awb-margin-top-large:0px;--awb-spacing-right-large:5.76%;--awb-margin-bottom-large:20px;--awb-spacing-left-large:5.76%;--awb-width-medium:100%;--awb-spacing-right-medium:1.92%;--awb-spacing-left-medium:1.92%;--awb-width-small:100%;--awb-spacing-right-small:1.92%;--awb-spacing-left-small:1.92%;\"><div class=\"fusion-column-wrapper fusion-flex-justify-content-flex-start fusion-content-layout-column\"><div class=\"fusion-image-element \" style=\"text-align:center;--awb-caption-title-font-family:var(--h2_typography-font-family);--awb-caption-title-font-weight:var(--h2_typography-font-weight);--awb-caption-title-font-style:var(--h2_typography-font-style);--awb-caption-title-size:var(--h2_typography-font-size);--awb-caption-title-transform:var(--h2_typography-text-transform);--awb-caption-title-line-height:var(--h2_typography-line-height);--awb-caption-title-letter-spacing:var(--h2_typography-letter-spacing);\"><span class=\" fusion-imageframe imageframe-none imageframe-4 hover-type-none\"><img decoding=\"async\" width=\"900\" height=\"405\" title=\"CentroE-bikeDellaSerra900 x 405\" src=\"https:\/\/www.alpibiellesi.eu\/wp-content\/uploads\/2023\/06\/CentroE-bikeDellaSerra900-x-405-.jpg\" alt class=\"img-responsive wp-image-43141\" srcset=\"https:\/\/www.alpibiellesi.eu\/wp-content\/uploads\/2023\/06\/CentroE-bikeDellaSerra900-x-405--200x90.jpg 200w, https:\/\/www.alpibiellesi.eu\/wp-content\/uploads\/2023\/06\/CentroE-bikeDellaSerra900-x-405--400x180.jpg 400w, https:\/\/www.alpibiellesi.eu\/wp-content\/uploads\/2023\/06\/CentroE-bikeDellaSerra900-x-405--600x270.jpg 600w, https:\/\/www.alpibiellesi.eu\/wp-content\/uploads\/2023\/06\/CentroE-bikeDellaSerra900-x-405--800x360.jpg 800w, https:\/\/www.alpibiellesi.eu\/wp-content\/uploads\/2023\/06\/CentroE-bikeDellaSerra900-x-405-.jpg 900w\" sizes=\"(max-width: 1024px) 100vw, (max-width: 640px) 100vw, 400px\" \/><\/span><\/div><div class=\"fusion-separator fusion-full-width-sep\" style=\"align-self: center;margin-left: auto;margin-right: auto;width:100%;\"><\/div><div class=\"fusion-text fusion-text-8\" style=\"--awb-content-alignment:center;--awb-font-size:22px;--awb-line-height:2;\"><p>Centre e-bike \u00e0 Viverone<\/p>\n<\/div><div class=\"fusion-separator fusion-full-width-sep\" style=\"align-self: center;margin-left: auto;margin-right: auto;width:100%;\"><\/div><div class=\"fusion-separator fusion-full-width-sep\" style=\"align-self: center;margin-left: auto;margin-right: auto;margin-bottom:10px;width:100%;\"><div class=\"fusion-separator-border sep-single sep-solid\" style=\"--awb-height:20px;--awb-amount:20px;border-color:#e0dede;border-top-width:1px;\"><\/div><\/div><div class=\"fusion-text fusion-text-9\" style=\"--awb-font-size:20px;\"><p>A Viverone location et vente de v\u00e9los \u00e9lectriques \/ EMTB.<br \/>\nEn magasin les meilleures offres sur le v\u00e9lo \u00e9lectrique Head<br \/>\nServices de location :<br \/>\nAccompagnement avec guide<br \/>\nAssistance crevaison<br \/>\nPossibilit\u00e9 de location de GPS avec 6 itin\u00e9raires comprenant le lac de Viverone et l&rsquo;anneau de Serra Morenica, tous deux d&rsquo;environ 50 km de difficult\u00e9 moyenne-difficile<br \/>\nPossibilit\u00e9 de location de casque<br \/>\nRestaurants affili\u00e9s pour le d\u00e9jeuner \u00e0 v\u00e9lo<\/p>\n<\/div><div class=\"fusion-text fusion-text-10\"><p>Strada Provinciale 54A<br \/>\n13886 Viverone\u00a0BI<\/p>\n<p>Tel:\u00a0+39 340 7338055<\/p>\n<p><a href=\"mailto:omar.trompeo@live.it\">omar.trompeo@live.it<\/a><br \/>\n<a href=\"http:\/\/www.ebikedellaserra.com\">http:\/\/www.ebikedellaserra.com<\/a><\/p>\n<\/div><div ><a class=\"fusion-button button-flat fusion-button-default-size button-custom fusion-button-default button-3 fusion-button-default-span fusion-button-default-type\" style=\"--button_accent_color:rgba(255,255,255,.8);--button_accent_hover_color:rgba(255,255,255,.9);--button_border_hover_color:rgba(255,255,255,.9);--button_gradient_top_color:var(--awb-color7);--button_gradient_bottom_color:var(--awb-color7);--button_gradient_top_color_hover:#96c346;--button_gradient_bottom_color_hover:#96c346;\" target=\"_self\" href=\"http:\/\/www.ebikedellaserra.com\/\"><span class=\"fusion-button-text awb-button__text awb-button__text--default\">Contactez la structure<\/span><\/a><\/div><\/div><\/div><div class=\"fusion-layout-column fusion_builder_column fusion-builder-column-5 fusion_builder_column_1_1 1_1 fusion-flex-column\" style=\"--awb-bg-blend:overlay;--awb-bg-size:cover;--awb-width-large:100%;--awb-margin-top-large:0px;--awb-spacing-right-large:1.92%;--awb-margin-bottom-large:20px;--awb-spacing-left-large:1.92%;--awb-width-medium:100%;--awb-spacing-right-medium:1.92%;--awb-spacing-left-medium:1.92%;--awb-width-small:100%;--awb-spacing-right-small:1.92%;--awb-spacing-left-small:1.92%;\"><div class=\"fusion-column-wrapper fusion-flex-justify-content-flex-start fusion-content-layout-column\"><div class=\"fusion-separator fusion-full-width-sep\" style=\"align-self: center;margin-left: auto;margin-right: auto;margin-top:10px;width:100%;\"><\/div><div class=\"fusion-separator fusion-full-width-sep\" style=\"align-self: center;margin-left: auto;margin-right: auto;width:100%;\"><\/div><\/div><\/div><\/div><\/div><\/div><\/p>\n","protected":false},"excerpt":{"rendered":"","protected":false},"author":38,"featured_media":0,"parent":53192,"menu_order":0,"comment_status":"closed","ping_status":"closed","template":"100-width.php","meta":{"footnotes":""},"class_list":["post-55005","page","type-page","status-publish","hentry"],"aioseo_notices":[],"_links":{"self":[{"href":"https:\/\/www.alpibiellesi.eu\/fr\/wp-json\/wp\/v2\/pages\/55005","targetHints":{"allow":["GET"]}}],"collection":[{"href":"https:\/\/www.alpibiellesi.eu\/fr\/wp-json\/wp\/v2\/pages"}],"about":[{"href":"https:\/\/www.alpibiellesi.eu\/fr\/wp-json\/wp\/v2\/types\/page"}],"author":[{"embeddable":true,"href":"https:\/\/www.alpibiellesi.eu\/fr\/wp-json\/wp\/v2\/users\/38"}],"replies":[{"embeddable":true,"href":"https:\/\/www.alpibiellesi.eu\/fr\/wp-json\/wp\/v2\/comments?post=55005"}],"version-history":[{"count":4,"href":"https:\/\/www.alpibiellesi.eu\/fr\/wp-json\/wp\/v2\/pages\/55005\/revisions"}],"predecessor-version":[{"id":60730,"href":"https:\/\/www.alpibiellesi.eu\/fr\/wp-json\/wp\/v2\/pages\/55005\/revisions\/60730"}],"up":[{"embeddable":true,"href":"https:\/\/www.alpibiellesi.eu\/fr\/wp-json\/wp\/v2\/pages\/53192"}],"wp:attachment":[{"href":"https:\/\/www.alpibiellesi.eu\/fr\/wp-json\/wp\/v2\/media?parent=55005"}],"curies":[{"name":"wp","href":"https:\/\/api.w.org\/{rel}","templated":true}]}}