{"id":54993,"date":"2023-03-18T14:38:53","date_gmt":"2023-03-18T13:38:53","guid":{"rendered":"https:\/\/www.alpibiellesi.eu\/cyclotourisme\/proposte-e-percorsi-cicloturistici\/"},"modified":"2026-03-24T09:11:58","modified_gmt":"2026-03-24T08:11:58","slug":"propositions-et-itineraires-de-cyclotourisme","status":"publish","type":"page","link":"https:\/\/www.alpibiellesi.eu\/fr\/cyclotourisme\/propositions-et-itineraires-de-cyclotourisme\/","title":{"rendered":"Propositions et itin\u00e9raires de cyclotourisme"},"content":{"rendered":"<p><div class=\"fusion-fullwidth fullwidth-box fusion-builder-row-1 fusion-flex-container has-pattern-background has-mask-background hundred-percent-fullwidth non-hundred-percent-height-scrolling\" style=\"--awb-border-radius-top-left:0px;--awb-border-radius-top-right:0px;--awb-border-radius-bottom-right:0px;--awb-border-radius-bottom-left:0px;--awb-padding-top:0px;--awb-padding-right:0px;--awb-padding-bottom:0px;--awb-padding-left:0px;--awb-margin-top:0px;--awb-margin-bottom:0px;--awb-flex-wrap:wrap;\" ><div class=\"fusion-builder-row fusion-row fusion-flex-align-items-flex-start fusion-flex-content-wrap\" style=\"width:104% !important;max-width:104% !important;margin-left: calc(-4% \/ 2 );margin-right: calc(-4% \/ 2 );\"><div class=\"fusion-layout-column fusion_builder_column fusion-builder-column-0 fusion_builder_column_1_1 1_1 fusion-flex-column\" style=\"--awb-bg-size:cover;--awb-width-large:100%;--awb-margin-top-large:0px;--awb-spacing-right-large:1.92%;--awb-margin-bottom-large:20px;--awb-spacing-left-large:1.92%;--awb-width-medium:100%;--awb-order-medium:0;--awb-spacing-right-medium:1.92%;--awb-spacing-left-medium:1.92%;--awb-width-small:100%;--awb-order-small:0;--awb-spacing-right-small:1.92%;--awb-spacing-left-small:1.92%;\"><div class=\"fusion-column-wrapper fusion-column-has-shadow fusion-flex-justify-content-flex-start fusion-content-layout-column\"><div class=\"fusion-image-element \" style=\"--awb-aspect-ratio: 100 \/ 20;--awb-caption-title-font-family:var(--h2_typography-font-family);--awb-caption-title-font-weight:var(--h2_typography-font-weight);--awb-caption-title-font-style:var(--h2_typography-font-style);--awb-caption-title-size:var(--h2_typography-font-size);--awb-caption-title-transform:var(--h2_typography-text-transform);--awb-caption-title-line-height:var(--h2_typography-line-height);--awb-caption-title-letter-spacing:var(--h2_typography-letter-spacing);\"><span class=\" fusion-imageframe imageframe-none imageframe-1 hover-type-none has-aspect-ratio\"><img decoding=\"async\" width=\"1920\" height=\"700\" alt=\"bici su strada\" title=\"Copertina-esperienze-BiciStrada\" src=\"https:\/\/www.alpibiellesi.eu\/wp-content\/uploads\/2022\/11\/Copertina-esperienze-BiciStrada.jpg\" class=\"img-responsive wp-image-39349 img-with-aspect-ratio\" data-parent-fit=\"cover\" data-parent-container=\".fusion-image-element\" srcset=\"https:\/\/www.alpibiellesi.eu\/wp-content\/uploads\/2022\/11\/Copertina-esperienze-BiciStrada-200x73.jpg 200w, https:\/\/www.alpibiellesi.eu\/wp-content\/uploads\/2022\/11\/Copertina-esperienze-BiciStrada-400x146.jpg 400w, https:\/\/www.alpibiellesi.eu\/wp-content\/uploads\/2022\/11\/Copertina-esperienze-BiciStrada-600x219.jpg 600w, https:\/\/www.alpibiellesi.eu\/wp-content\/uploads\/2022\/11\/Copertina-esperienze-BiciStrada-800x292.jpg 800w, https:\/\/www.alpibiellesi.eu\/wp-content\/uploads\/2022\/11\/Copertina-esperienze-BiciStrada-1200x438.jpg 1200w, https:\/\/www.alpibiellesi.eu\/wp-content\/uploads\/2022\/11\/Copertina-esperienze-BiciStrada.jpg 1920w\" sizes=\"(max-width: 1024px) 100vw, (max-width: 640px) 100vw, 1200px\" \/><\/span><\/div><div class=\"fusion-text fusion-text-1\" style=\"--awb-text-color:var(--awb-color6);\"><h1 class=\"fusion-responsive-typography-calculated\" style=\"text-align: center; --fontsize: 33; line-height: 1.45;\" data-fontsize=\"33\" data-lineheight=\"47.85px\">Propositions et itin\u00e9raires de cyclotourisme<\/h1>\n<h3 class=\"fusion-responsive-typography-calculated\" style=\"text-align: center; --fontsize: 33; line-height: 1.45;\" data-fontsize=\"33\" data-lineheight=\"47.85px\"><strong>Organis\u00e9 par OVERALP Tour Operator \u2022 Biella | Agence de guides de montagne et tour-op\u00e9rateur de plein air<\/strong><\/h3>\n<p style=\"text-align: center;\"><em>\u00a0<\/em><\/p>\n<\/div><\/div><\/div><\/div><\/div><div class=\"fusion-fullwidth fullwidth-box fusion-builder-row-2 fusion-flex-container has-pattern-background has-mask-background nonhundred-percent-fullwidth non-hundred-percent-height-scrolling\" style=\"--awb-border-radius-top-left:0px;--awb-border-radius-top-right:0px;--awb-border-radius-bottom-right:0px;--awb-border-radius-bottom-left:0px;--awb-padding-top:33px;--awb-margin-top:11px;--awb-margin-bottom:11px;--awb-flex-wrap:wrap;\" ><div class=\"fusion-builder-row fusion-row fusion-flex-align-items-stretch fusion-flex-content-wrap\" style=\"max-width:1144px;margin-left: calc(-4% \/ 2 );margin-right: calc(-4% \/ 2 );\"><div class=\"fusion-layout-column fusion_builder_column fusion-builder-column-1 fusion_builder_column_1_4 1_4 fusion-flex-column\" style=\"--awb-bg-image:url(&#039;https:\/\/www.alpibiellesi.eu\/wp-content\/uploads\/2022\/07\/foto-Alpe-di-mera-Alpe-di-Meggiana.jpeg&#039;);--awb-bg-position:center bottom;--awb-bg-size:cover;--awb-width-large:25%;--awb-margin-top-large:0px;--awb-spacing-right-large:7.68%;--awb-margin-bottom-large:20px;--awb-spacing-left-large:7.68%;--awb-width-medium:100%;--awb-order-medium:0;--awb-spacing-right-medium:1.92%;--awb-spacing-left-medium:1.92%;--awb-width-small:100%;--awb-order-small:0;--awb-spacing-right-small:1.92%;--awb-spacing-left-small:1.92%;\"><div class=\"fusion-column-wrapper fusion-column-has-shadow fusion-flex-justify-content-flex-start fusion-content-layout-column fusion-empty-column-bg-image fusion-column-has-bg-image\" data-bg-url=\"https:\/\/www.alpibiellesi.eu\/wp-content\/uploads\/2022\/07\/foto-Alpe-di-mera-Alpe-di-Meggiana.jpeg\"><img decoding=\"async\" class=\"fusion-empty-dims-img-placeholder fusion-no-large-visibility\" aria-label=\"bike BIZZOCCHI foto Alpe di mera-Alpe di Meggiana\" src=\"data:image\/svg+xml,%3Csvg%20xmlns%3D%27http%3A%2F%2Fwww.w3.org%2F2000%2Fsvg%27%20width%3D%271280%27%20height%3D%27960%27%20viewBox%3D%270%200%201280%20960%27%3E%3Crect%20width%3D%271280%27%20height%3D%27960%27%20fill-opacity%3D%220%22%2F%3E%3C%2Fsvg%3E\"><\/div><\/div><div class=\"fusion-layout-column fusion_builder_column fusion-builder-column-2 fusion_builder_column_3_4 3_4 fusion-flex-column\" style=\"--awb-bg-size:cover;--awb-width-large:75%;--awb-margin-top-large:0px;--awb-spacing-right-large:2.56%;--awb-margin-bottom-large:20px;--awb-spacing-left-large:2.56%;--awb-width-medium:100%;--awb-order-medium:0;--awb-spacing-right-medium:1.92%;--awb-spacing-left-medium:1.92%;--awb-width-small:100%;--awb-order-small:0;--awb-spacing-right-small:1.92%;--awb-spacing-left-small:1.92%;\"><div class=\"fusion-column-wrapper fusion-column-has-shadow fusion-flex-justify-content-flex-start fusion-content-layout-column\"><div class=\"fusion-title title fusion-title-1 sep-underline sep-dashed fusion-title-text fusion-title-size-two\" style=\"--awb-text-color:var(--awb-custom11);--awb-sep-color:var(--awb-custom11);--awb-font-size:22px;\"><h2 class=\"fusion-title-heading title-heading-left fusion-responsive-typography-calculated\" style=\"margin:0;font-size:1em;--fontSize:22;line-height:1.5;\">DANS OASIS ZEGNA<\/h2><\/div><div class=\"fusion-text fusion-text-2\"><p>Il est possible de s&rsquo;amuser sur notre territoire avec n&rsquo;importe quel type de v\u00e9lo<br \/>\nIl existe de nombreux itin\u00e9raires sugg\u00e9r\u00e9s pour les VTT, les v\u00e9los de route et les v\u00e9los \u00e9lectriques.<\/p>\n<p><a href=\"https:\/\/www.oasizegna.com\/it\/bike-oasi-zegna\/#cat=E-Bike&amp;filter=r-fullyTranslatedLangus-,r-openState-,sb-sortedBy-0&amp;zc=13.,8.10834,45.66876\">https:\/\/www.oasizegna.com\/it\/bike-oasi-zegna\/#cat=E-Bike&amp;filter=r-fullyTranslatedLangus-,r-openState-,sb-sortedBy-0&amp;zc=13.,8.10834,45.66876<\/a><\/p>\n<\/div><\/div><\/div><\/div><\/div><div class=\"fusion-fullwidth fullwidth-box fusion-builder-row-3 fusion-flex-container has-pattern-background has-mask-background nonhundred-percent-fullwidth non-hundred-percent-height-scrolling\" style=\"--awb-border-radius-top-left:0px;--awb-border-radius-top-right:0px;--awb-border-radius-bottom-right:0px;--awb-border-radius-bottom-left:0px;--awb-padding-top:33px;--awb-margin-top:11px;--awb-margin-bottom:11px;--awb-flex-wrap:wrap;\" ><div class=\"fusion-builder-row fusion-row fusion-flex-align-items-stretch fusion-flex-content-wrap\" style=\"max-width:1144px;margin-left: calc(-4% \/ 2 );margin-right: calc(-4% \/ 2 );\"><div class=\"fusion-layout-column fusion_builder_column fusion-builder-column-3 fusion_builder_column_1_4 1_4 fusion-flex-column\" style=\"--awb-bg-image:url(&#039;https:\/\/www.alpibiellesi.eu\/wp-content\/uploads\/2023\/02\/Bicicletta-strada-oropa.jpg&#039;);--awb-bg-position:center bottom;--awb-bg-size:cover;--awb-width-large:25%;--awb-margin-top-large:0px;--awb-spacing-right-large:7.68%;--awb-margin-bottom-large:20px;--awb-spacing-left-large:7.68%;--awb-width-medium:100%;--awb-order-medium:0;--awb-spacing-right-medium:1.92%;--awb-spacing-left-medium:1.92%;--awb-width-small:100%;--awb-order-small:0;--awb-spacing-right-small:1.92%;--awb-spacing-left-small:1.92%;\"><div class=\"fusion-column-wrapper fusion-column-has-shadow fusion-flex-justify-content-flex-start fusion-content-layout-column fusion-empty-column-bg-image fusion-column-has-bg-image\" data-bg-url=\"https:\/\/www.alpibiellesi.eu\/wp-content\/uploads\/2023\/02\/Bicicletta-strada-oropa.jpg\"><img decoding=\"async\" class=\"fusion-empty-dims-img-placeholder fusion-no-large-visibility\" aria-label=\"Bicicletta-strada-oropa\" src=\"data:image\/svg+xml,%3Csvg%20xmlns%3D%27http%3A%2F%2Fwww.w3.org%2F2000%2Fsvg%27%20width%3D%27380%27%20height%3D%27240%27%20viewBox%3D%270%200%20380%20240%27%3E%3Crect%20width%3D%27380%27%20height%3D%27240%27%20fill-opacity%3D%220%22%2F%3E%3C%2Fsvg%3E\"><\/div><\/div><div class=\"fusion-layout-column fusion_builder_column fusion-builder-column-4 fusion_builder_column_3_4 3_4 fusion-flex-column\" style=\"--awb-bg-size:cover;--awb-width-large:75%;--awb-margin-top-large:0px;--awb-spacing-right-large:2.56%;--awb-margin-bottom-large:20px;--awb-spacing-left-large:2.56%;--awb-width-medium:100%;--awb-order-medium:0;--awb-spacing-right-medium:1.92%;--awb-spacing-left-medium:1.92%;--awb-width-small:100%;--awb-order-small:0;--awb-spacing-right-small:1.92%;--awb-spacing-left-small:1.92%;\"><div class=\"fusion-column-wrapper fusion-column-has-shadow fusion-flex-justify-content-flex-start fusion-content-layout-column\"><div class=\"fusion-title title fusion-title-2 sep-underline sep-dashed fusion-title-text fusion-title-size-two\" style=\"--awb-text-color:var(--awb-custom11);--awb-sep-color:var(--awb-custom11);--awb-font-size:22px;\"><h2 class=\"fusion-title-heading title-heading-left fusion-responsive-typography-calculated\" style=\"margin:0;font-size:1em;--fontSize:22;line-height:1.5;\">LES PISTES CYCLABLES D&rsquo;OROPA<\/h2><\/div><div class=\"fusion-text fusion-text-3\"><p>Il s&rsquo;agit d&rsquo;itin\u00e9raires de deux jours ou plus sur des routes \u00e9galement ouvertes aux voitures, adapt\u00e9s aux cyclotouristes moins exp\u00e9riment\u00e9s avec des v\u00e9los \u00e9lectriques, et aux cyclotouristes plus entra\u00een\u00e9s avec des v\u00e9los muscl\u00e9s.<\/p>\n<p><u><a href=\"https:\/\/camminodioropa.it\/itinerari-in-bicicletta\/\">https:\/\/camminodioropa.it\/itinerari-in-bicicletta\/<\/a><\/u><\/p>\n<\/div><\/div><\/div><\/div><\/div><div class=\"fusion-fullwidth fullwidth-box fusion-builder-row-4 fusion-flex-container has-pattern-background has-mask-background nonhundred-percent-fullwidth non-hundred-percent-height-scrolling\" style=\"--awb-border-radius-top-left:0px;--awb-border-radius-top-right:0px;--awb-border-radius-bottom-right:0px;--awb-border-radius-bottom-left:0px;--awb-padding-top:33px;--awb-margin-top:11px;--awb-margin-bottom:11px;--awb-background-color:var(--awb-color2);--awb-flex-wrap:wrap;\" ><div class=\"fusion-builder-row fusion-row fusion-flex-align-items-flex-start fusion-flex-content-wrap\" style=\"max-width:1144px;margin-left: calc(-4% \/ 2 );margin-right: calc(-4% \/ 2 );\"><div class=\"fusion-layout-column fusion_builder_column fusion-builder-column-5 fusion_builder_column_1_4 1_4 fusion-flex-column fusion-flex-align-self-stretch\" style=\"--awb-bg-image:url(&#039;https:\/\/www.alpibiellesi.eu\/wp-content\/uploads\/2023\/01\/BiciSuStrada1920-x-700-px-.jpg&#039;);--awb-bg-position:center center;--awb-bg-size:cover;--awb-width-large:25%;--awb-margin-top-large:0px;--awb-spacing-right-large:7.68%;--awb-margin-bottom-large:20px;--awb-spacing-left-large:7.68%;--awb-width-medium:100%;--awb-order-medium:0;--awb-spacing-right-medium:1.92%;--awb-spacing-left-medium:1.92%;--awb-width-small:100%;--awb-order-small:0;--awb-spacing-right-small:1.92%;--awb-spacing-left-small:1.92%;\"><div class=\"fusion-column-wrapper fusion-column-has-shadow fusion-flex-justify-content-flex-start fusion-content-layout-column fusion-empty-column-bg-image fusion-column-has-bg-image\" data-bg-url=\"https:\/\/www.alpibiellesi.eu\/wp-content\/uploads\/2023\/01\/BiciSuStrada1920-x-700-px-.jpg\"><img decoding=\"async\" class=\"fusion-empty-dims-img-placeholder\" aria-label=\"BiciSuStrada1920 x 700 px\" src=\"data:image\/svg+xml,%3Csvg%20xmlns%3D%27http%3A%2F%2Fwww.w3.org%2F2000%2Fsvg%27%20width%3D%271920%27%20height%3D%27700%27%20viewBox%3D%270%200%201920%20700%27%3E%3Crect%20width%3D%271920%27%20height%3D%27700%27%20fill-opacity%3D%220%22%2F%3E%3C%2Fsvg%3E\"><\/div><\/div><div class=\"fusion-layout-column fusion_builder_column fusion-builder-column-6 fusion_builder_column_3_4 3_4 fusion-flex-column fusion-flex-align-self-stretch\" style=\"--awb-bg-size:cover;--awb-width-large:75%;--awb-margin-top-large:0px;--awb-spacing-right-large:2.56%;--awb-margin-bottom-large:20px;--awb-spacing-left-large:2.56%;--awb-width-medium:100%;--awb-order-medium:0;--awb-spacing-right-medium:1.92%;--awb-spacing-left-medium:1.92%;--awb-width-small:100%;--awb-order-small:0;--awb-spacing-right-small:1.92%;--awb-spacing-left-small:1.92%;\"><div class=\"fusion-column-wrapper fusion-column-has-shadow fusion-flex-justify-content-flex-start fusion-content-layout-column\"><div class=\"fusion-title title fusion-title-3 sep-underline sep-solid fusion-title-text fusion-title-size-two\" style=\"--awb-text-color:var(--awb-custom11);--awb-sep-color:var(--awb-custom11);--awb-font-size:22px;\"><h2 class=\"fusion-title-heading title-heading-left fusion-responsive-typography-calculated\" style=\"margin:0;font-size:1em;--fontSize:22;line-height:1.5;\">LA R\u00c9GION ROMANTIQUE DE BIELLA<\/h2><\/div><div class=\"fusion-text fusion-text-4\"><p>Dans un itin\u00e9raire tr\u00e8s simple, avec peu de d\u00e9nivel\u00e9, entre vues sur les Alpes de Biella et les Alpes ligures, nous parcourons le Tracciolino du Sanctuaire d&rsquo;Oropa jusqu&rsquo;\u00e0 la localit\u00e9 de \u00ab Bossola \u00bb, au-dessus du Sanctuaire de Graglia. Nous atteignons le Rifugio Pianetti et continuons vers la Trappa, un ancien couvent trappiste o\u00f9 nous pourrons d\u00e9guster des produits typiques locaux, avant de retourner \u00e0 Oropa.<\/p>\n<p>En juillet et septembre ou sur demande | Depuis &#8230;&#8230;<br \/>\nLongueur : 36 km | D\u00e9nivel\u00e9 : 700 m | Difficult\u00e9 : moyenne | P\u00e9riode : d&rsquo;avril \u00e0 octobre<\/p>\n<\/div><\/div><\/div><\/div><\/div><div class=\"fusion-fullwidth fullwidth-box fusion-builder-row-5 fusion-flex-container has-pattern-background has-mask-background nonhundred-percent-fullwidth non-hundred-percent-height-scrolling\" style=\"--awb-border-radius-top-left:0px;--awb-border-radius-top-right:0px;--awb-border-radius-bottom-right:0px;--awb-border-radius-bottom-left:0px;--awb-padding-top:33px;--awb-margin-top:11px;--awb-margin-bottom:11px;--awb-background-color:var(--awb-color2);--awb-flex-wrap:wrap;\" ><div class=\"fusion-builder-row fusion-row fusion-flex-align-items-stretch fusion-flex-content-wrap\" style=\"max-width:1144px;margin-left: calc(-4% \/ 2 );margin-right: calc(-4% \/ 2 );\"><div class=\"fusion-layout-column fusion_builder_column fusion-builder-column-7 fusion_builder_column_1_4 1_4 fusion-flex-column\" style=\"--awb-bg-image:url(&#039;https:\/\/www.alpibiellesi.eu\/wp-content\/uploads\/2022\/06\/bike-Small.jpeg&#039;);--awb-bg-position:center center;--awb-bg-size:cover;--awb-width-large:25%;--awb-margin-top-large:0px;--awb-spacing-right-large:7.68%;--awb-margin-bottom-large:20px;--awb-spacing-left-large:7.68%;--awb-width-medium:100%;--awb-order-medium:0;--awb-spacing-right-medium:1.92%;--awb-spacing-left-medium:1.92%;--awb-width-small:100%;--awb-order-small:0;--awb-spacing-right-small:1.92%;--awb-spacing-left-small:1.92%;\"><div class=\"fusion-column-wrapper fusion-column-has-shadow fusion-flex-justify-content-flex-start fusion-content-layout-column fusion-empty-column-bg-image fusion-column-has-bg-image\" data-bg-url=\"https:\/\/www.alpibiellesi.eu\/wp-content\/uploads\/2022\/06\/bike-Small.jpeg\"><img decoding=\"async\" class=\"fusion-empty-dims-img-placeholder fusion-no-large-visibility\" aria-label=\"bike (Small)\" src=\"data:image\/svg+xml,%3Csvg%20xmlns%3D%27http%3A%2F%2Fwww.w3.org%2F2000%2Fsvg%27%20width%3D%27720%27%20height%3D%27480%27%20viewBox%3D%270%200%20720%20480%27%3E%3Crect%20width%3D%27720%27%20height%3D%27480%27%20fill-opacity%3D%220%22%2F%3E%3C%2Fsvg%3E\"><\/div><\/div><div class=\"fusion-layout-column fusion_builder_column fusion-builder-column-8 fusion_builder_column_3_4 3_4 fusion-flex-column\" style=\"--awb-bg-size:cover;--awb-width-large:75%;--awb-margin-top-large:0px;--awb-spacing-right-large:2.56%;--awb-margin-bottom-large:20px;--awb-spacing-left-large:2.56%;--awb-width-medium:100%;--awb-order-medium:0;--awb-spacing-right-medium:1.92%;--awb-spacing-left-medium:1.92%;--awb-width-small:100%;--awb-order-small:0;--awb-spacing-right-small:1.92%;--awb-spacing-left-small:1.92%;\"><div class=\"fusion-column-wrapper fusion-column-has-shadow fusion-flex-justify-content-flex-start fusion-content-layout-column\"><div class=\"fusion-title title fusion-title-4 sep-underline sep-dashed fusion-title-text fusion-title-size-two\" style=\"--awb-text-color:var(--awb-custom11);--awb-sep-color:var(--awb-custom11);--awb-font-size:25px;\"><h2 class=\"fusion-title-heading title-heading-left fusion-responsive-typography-calculated\" style=\"margin:0;font-size:1em;--fontSize:25;line-height:1.5;\">V\u00c9LO \u00c9LECTRIQUE DANS LA BIELLA SAVANNAH<\/h2><\/div><div class=\"fusion-text fusion-text-5\"><p>D\u00e9couvrons la Baraggia Biellese, un plateau au pied des Alpes o\u00f9 les landes de foug\u00e8res alternent avec les prairies, donnant l&rsquo;impression d&rsquo;\u00eatre dans la savane africaine. De Cascina Foresto, nous partons en v\u00e9lo \u00e9lectrique sur des sentiers adapt\u00e9s \u00e0 tous, avec diff\u00e9rents degr\u00e9s de difficult\u00e9, et atteignons le Ricetto di Candelo, l&rsquo;un des meilleurs exemples de ricetti m\u00e9di\u00e9vaux conserv\u00e9s en Europe. Nous retournons au point de d\u00e9part pour laisser les v\u00e9los et nous rendre au ch\u00e2teau de Castellengo, o\u00f9 nous visiterons les caves et d\u00e9gusterons des vins et des produits locaux.<\/p>\n<p>En juin et septembre ou sur demande | Depuis &#8230;.<br \/>\nLongueur : 17-25 km | D\u00e9nivel\u00e9 : 200 m | Difficult\u00e9 : facile | P\u00e9riode : d&rsquo;avril \u00e0 octobre<\/p>\n<\/div><\/div><\/div><\/div><\/div><div class=\"fusion-fullwidth fullwidth-box fusion-builder-row-6 fusion-flex-container has-pattern-background has-mask-background nonhundred-percent-fullwidth non-hundred-percent-height-scrolling\" style=\"--awb-border-radius-top-left:0px;--awb-border-radius-top-right:0px;--awb-border-radius-bottom-right:0px;--awb-border-radius-bottom-left:0px;--awb-padding-top:33px;--awb-margin-top:11px;--awb-margin-bottom:11px;--awb-background-color:var(--awb-color1);--awb-flex-wrap:wrap;\" ><div class=\"fusion-builder-row fusion-row fusion-flex-align-items-stretch fusion-flex-content-wrap\" style=\"max-width:1144px;margin-left: calc(-4% \/ 2 );margin-right: calc(-4% \/ 2 );\"><div class=\"fusion-layout-column fusion_builder_column fusion-builder-column-9 fusion_builder_column_1_4 1_4 fusion-flex-column\" style=\"--awb-bg-image:url(&#039;https:\/\/www.alpibiellesi.eu\/wp-content\/uploads\/2019\/02\/dallealpialmare_alpibiellesi.jpg&#039;);--awb-bg-position:center center;--awb-bg-size:cover;--awb-width-large:25%;--awb-margin-top-large:0px;--awb-spacing-right-large:7.68%;--awb-margin-bottom-large:20px;--awb-spacing-left-large:7.68%;--awb-width-medium:100%;--awb-order-medium:0;--awb-spacing-right-medium:1.92%;--awb-spacing-left-medium:1.92%;--awb-width-small:100%;--awb-order-small:0;--awb-spacing-right-small:1.92%;--awb-spacing-left-small:1.92%;\"><div class=\"fusion-column-wrapper fusion-column-has-shadow fusion-flex-justify-content-flex-start fusion-content-layout-column fusion-empty-column-bg-image fusion-column-has-bg-image\" data-bg-url=\"https:\/\/www.alpibiellesi.eu\/wp-content\/uploads\/2019\/02\/dallealpialmare_alpibiellesi.jpg\"><img decoding=\"async\" class=\"fusion-empty-dims-img-placeholder fusion-no-large-visibility\" aria-label=\"bike dallealpialmare_alpibiellesi\" src=\"data:image\/svg+xml,%3Csvg%20xmlns%3D%27http%3A%2F%2Fwww.w3.org%2F2000%2Fsvg%27%20width%3D%27500%27%20height%3D%27500%27%20viewBox%3D%270%200%20500%20500%27%3E%3Crect%20width%3D%27500%27%20height%3D%27500%27%20fill-opacity%3D%220%22%2F%3E%3C%2Fsvg%3E\"><\/div><\/div><div class=\"fusion-layout-column fusion_builder_column fusion-builder-column-10 fusion_builder_column_3_4 3_4 fusion-flex-column\" style=\"--awb-bg-size:cover;--awb-width-large:75%;--awb-margin-top-large:0px;--awb-spacing-right-large:2.56%;--awb-margin-bottom-large:20px;--awb-spacing-left-large:2.56%;--awb-width-medium:100%;--awb-order-medium:0;--awb-spacing-right-medium:1.92%;--awb-spacing-left-medium:1.92%;--awb-width-small:100%;--awb-order-small:0;--awb-spacing-right-small:1.92%;--awb-spacing-left-small:1.92%;\"><div class=\"fusion-column-wrapper fusion-column-has-shadow fusion-flex-justify-content-flex-start fusion-content-layout-column\"><div class=\"fusion-title title fusion-title-5 sep-underline sep-dashed fusion-title-text fusion-title-size-two\" style=\"--awb-text-color:var(--awb-custom11);--awb-sep-color:var(--awb-custom11);--awb-font-size:25px;\"><h2 class=\"fusion-title-heading title-heading-left fusion-responsive-typography-calculated\" style=\"margin:0;font-size:1em;--fontSize:25;line-height:1.5;\">TOUR DES BI\u00c8RES \u00c0 V\u00c9LO<\/h2><\/div><div class=\"fusion-text fusion-text-6\"><p>Biella, terre de ma\u00eetres brasseurs, est le cadre id\u00e9al pour le Beer Bike Tour. Depuis la ville, nous partirons vers Camburzano et Casale Gatto, berceau de la brasserie Valle Elvo, o\u00f9 nous pourrons visiter le laboratoire et d\u00e9guster ses produits. Nous continuons vers le barrage d&rsquo;Ingagna et rejoignons les villages de Graglia, Muzzano, Sordevolo et Pollone, puis traversons le parc de Burcina. Nous continuons vers Pralungo et sa brasserie Un Terzo pour un arr\u00eat et une visite de son laboratoire. Nous retournons \u00e0 Biella en traversant les hameaux de Barazzetto et Vandorno, et profitons d&rsquo;une derni\u00e8re vue panoramique sur la plaine.<\/p>\n<p>En mai et juillet ou sur demande | Depuis &#8230;.<br \/>\nLongueur : 35 km | D\u00e9nivel\u00e9 : 750 m | Difficult\u00e9 : moyenne | P\u00e9riode : d&rsquo;avril \u00e0 octobre<\/p>\n<\/div><\/div><\/div><\/div><\/div><div class=\"fusion-fullwidth fullwidth-box fusion-builder-row-7 fusion-flex-container has-pattern-background has-mask-background nonhundred-percent-fullwidth non-hundred-percent-height-scrolling\" style=\"--awb-border-radius-top-left:0px;--awb-border-radius-top-right:0px;--awb-border-radius-bottom-right:0px;--awb-border-radius-bottom-left:0px;--awb-padding-top:33px;--awb-margin-top:11px;--awb-margin-bottom:11px;--awb-background-color:var(--awb-color2);--awb-flex-wrap:wrap;\" ><div class=\"fusion-builder-row fusion-row fusion-flex-align-items-stretch fusion-flex-content-wrap\" style=\"max-width:1144px;margin-left: calc(-4% \/ 2 );margin-right: calc(-4% \/ 2 );\"><div class=\"fusion-layout-column fusion_builder_column fusion-builder-column-11 fusion_builder_column_1_4 1_4 fusion-flex-column\" style=\"--awb-bg-image:url(&#039;https:\/\/www.alpibiellesi.eu\/wp-content\/uploads\/2022\/07\/Bertolazzi_220623_0325.jpg&#039;);--awb-bg-position:center center;--awb-bg-size:cover;--awb-width-large:25%;--awb-margin-top-large:0px;--awb-spacing-right-large:7.68%;--awb-margin-bottom-large:20px;--awb-spacing-left-large:7.68%;--awb-width-medium:100%;--awb-order-medium:0;--awb-spacing-right-medium:1.92%;--awb-spacing-left-medium:1.92%;--awb-width-small:100%;--awb-order-small:0;--awb-spacing-right-small:1.92%;--awb-spacing-left-small:1.92%;\"><div class=\"fusion-column-wrapper fusion-column-has-shadow fusion-flex-justify-content-flex-start fusion-content-layout-column fusion-empty-column-bg-image fusion-column-has-bg-image\" data-bg-url=\"https:\/\/www.alpibiellesi.eu\/wp-content\/uploads\/2022\/07\/Bertolazzi_220623_0325.jpg\"><img decoding=\"async\" class=\"fusion-empty-dims-img-placeholder fusion-no-large-visibility\" aria-label=\"bike Bizzocchi\" src=\"data:image\/svg+xml,%3Csvg%20xmlns%3D%27http%3A%2F%2Fwww.w3.org%2F2000%2Fsvg%27%20width%3D%271920%27%20height%3D%271280%27%20viewBox%3D%270%200%201920%201280%27%3E%3Crect%20width%3D%271920%27%20height%3D%271280%27%20fill-opacity%3D%220%22%2F%3E%3C%2Fsvg%3E\"><\/div><\/div><\/div><\/div><\/p>\n","protected":false},"excerpt":{"rendered":"","protected":false},"author":89,"featured_media":0,"parent":53192,"menu_order":0,"comment_status":"closed","ping_status":"closed","template":"100-width.php","meta":{"footnotes":""},"class_list":["post-54993","page","type-page","status-publish","hentry"],"aioseo_notices":[],"_links":{"self":[{"href":"https:\/\/www.alpibiellesi.eu\/fr\/wp-json\/wp\/v2\/pages\/54993","targetHints":{"allow":["GET"]}}],"collection":[{"href":"https:\/\/www.alpibiellesi.eu\/fr\/wp-json\/wp\/v2\/pages"}],"about":[{"href":"https:\/\/www.alpibiellesi.eu\/fr\/wp-json\/wp\/v2\/types\/page"}],"author":[{"embeddable":true,"href":"https:\/\/www.alpibiellesi.eu\/fr\/wp-json\/wp\/v2\/users\/89"}],"replies":[{"embeddable":true,"href":"https:\/\/www.alpibiellesi.eu\/fr\/wp-json\/wp\/v2\/comments?post=54993"}],"version-history":[{"count":1,"href":"https:\/\/www.alpibiellesi.eu\/fr\/wp-json\/wp\/v2\/pages\/54993\/revisions"}],"predecessor-version":[{"id":60712,"href":"https:\/\/www.alpibiellesi.eu\/fr\/wp-json\/wp\/v2\/pages\/54993\/revisions\/60712"}],"up":[{"embeddable":true,"href":"https:\/\/www.alpibiellesi.eu\/fr\/wp-json\/wp\/v2\/pages\/53192"}],"wp:attachment":[{"href":"https:\/\/www.alpibiellesi.eu\/fr\/wp-json\/wp\/v2\/media?parent=54993"}],"curies":[{"name":"wp","href":"https:\/\/api.w.org\/{rel}","templated":true}]}}