{"id":53298,"date":"2017-10-18T17:48:38","date_gmt":"2017-10-18T15:48:38","guid":{"rendered":"https:\/\/www.alpibiellesi.eu\/il-bosco-del-sorriso\/"},"modified":"2025-10-02T20:34:31","modified_gmt":"2025-10-02T18:34:31","slug":"la-foret-du-sourire","status":"publish","type":"page","link":"https:\/\/www.alpibiellesi.eu\/fr\/la-foret-du-sourire\/","title":{"rendered":"La for\u00eat du sourire"},"content":{"rendered":"<p><div class=\"fusion-fullwidth fullwidth-box fusion-builder-row-1 fusion-flex-container has-pattern-background has-mask-background hundred-percent-fullwidth non-hundred-percent-height-scrolling\" style=\"--awb-border-radius-top-left:0px;--awb-border-radius-top-right:0px;--awb-border-radius-bottom-right:0px;--awb-border-radius-bottom-left:0px;--awb-padding-top:0px;--awb-padding-right:0px;--awb-padding-bottom:0px;--awb-padding-left:0px;--awb-margin-top:0px;--awb-margin-bottom:0px;--awb-flex-wrap:wrap;\" ><div class=\"fusion-builder-row fusion-row fusion-flex-align-items-flex-start fusion-flex-content-wrap\" style=\"width:104% !important;max-width:104% !important;margin-left: calc(-4% \/ 2 );margin-right: calc(-4% \/ 2 );\"><div class=\"fusion-layout-column fusion_builder_column fusion-builder-column-0 fusion_builder_column_1_1 1_1 fusion-flex-column\" style=\"--awb-bg-size:cover;--awb-width-large:100%;--awb-margin-top-large:0px;--awb-spacing-right-large:1.92%;--awb-margin-bottom-large:20px;--awb-spacing-left-large:1.92%;--awb-width-medium:100%;--awb-order-medium:0;--awb-spacing-right-medium:1.92%;--awb-spacing-left-medium:1.92%;--awb-width-small:100%;--awb-order-small:0;--awb-spacing-right-small:1.92%;--awb-spacing-left-small:1.92%;\"><div class=\"fusion-column-wrapper fusion-column-has-shadow fusion-flex-justify-content-flex-start fusion-content-layout-column\"><div class=\"fusion-image-element \" style=\"--awb-caption-title-font-family:var(--h2_typography-font-family);--awb-caption-title-font-weight:var(--h2_typography-font-weight);--awb-caption-title-font-style:var(--h2_typography-font-style);--awb-caption-title-size:var(--h2_typography-font-size);--awb-caption-title-transform:var(--h2_typography-text-transform);--awb-caption-title-line-height:var(--h2_typography-line-height);--awb-caption-title-letter-spacing:var(--h2_typography-letter-spacing);\"><span class=\" fusion-imageframe imageframe-none imageframe-1 hover-type-none\"><img decoding=\"async\" width=\"1920\" height=\"700\" title=\"Il Bosco del Sorriso\" src=\"https:\/\/www.alpibiellesi.eu\/wp-content\/uploads\/2022\/11\/Copertina-esperienze-BoscoSorriso.jpg\" alt class=\"img-responsive wp-image-53302\" srcset=\"https:\/\/www.alpibiellesi.eu\/wp-content\/uploads\/2022\/11\/Copertina-esperienze-BoscoSorriso-200x73.jpg 200w, https:\/\/www.alpibiellesi.eu\/wp-content\/uploads\/2022\/11\/Copertina-esperienze-BoscoSorriso-400x146.jpg 400w, https:\/\/www.alpibiellesi.eu\/wp-content\/uploads\/2022\/11\/Copertina-esperienze-BoscoSorriso-600x219.jpg 600w, https:\/\/www.alpibiellesi.eu\/wp-content\/uploads\/2022\/11\/Copertina-esperienze-BoscoSorriso-800x292.jpg 800w, https:\/\/www.alpibiellesi.eu\/wp-content\/uploads\/2022\/11\/Copertina-esperienze-BoscoSorriso-1200x438.jpg 1200w, https:\/\/www.alpibiellesi.eu\/wp-content\/uploads\/2022\/11\/Copertina-esperienze-BoscoSorriso.jpg 1920w\" sizes=\"(max-width: 1024px) 100vw, (max-width: 640px) 100vw, 1200px\" \/><\/span><\/div><\/div><\/div><\/div><\/div><div class=\"fusion-fullwidth fullwidth-box fusion-builder-row-2 fusion-flex-container nonhundred-percent-fullwidth non-hundred-percent-height-scrolling\" style=\"--awb-border-radius-top-left:0px;--awb-border-radius-top-right:0px;--awb-border-radius-bottom-right:0px;--awb-border-radius-bottom-left:0px;--awb-flex-wrap:wrap;\" ><div class=\"fusion-builder-row fusion-row fusion-flex-align-items-flex-start fusion-flex-content-wrap\" style=\"max-width:1144px;margin-left: calc(-4% \/ 2 );margin-right: calc(-4% \/ 2 );\"><div class=\"fusion-layout-column fusion_builder_column fusion-builder-column-1 fusion_builder_column_2_3 2_3 fusion-flex-column\" style=\"--awb-bg-blend:overlay;--awb-bg-size:cover;--awb-width-large:66.666666666667%;--awb-margin-top-large:0px;--awb-spacing-right-large:2.88%;--awb-margin-bottom-large:20px;--awb-spacing-left-large:2.88%;--awb-width-medium:100%;--awb-spacing-right-medium:1.92%;--awb-spacing-left-medium:1.92%;--awb-width-small:100%;--awb-spacing-right-small:1.92%;--awb-spacing-left-small:1.92%;\"><div class=\"fusion-column-wrapper fusion-flex-justify-content-flex-start fusion-content-layout-column\"><div class=\"fusion-title title fusion-title-1 fusion-title-text fusion-title-size-two\"><div class=\"title-sep-container title-sep-container-left fusion-no-large-visibility fusion-no-medium-visibility fusion-no-small-visibility\"><div class=\"title-sep sep-double sep-solid\" style=\"border-color:#e0dede;\"><\/div><\/div><span class=\"awb-title-spacer fusion-no-large-visibility fusion-no-medium-visibility fusion-no-small-visibility\"><\/span><h2 class=\"fusion-title-heading title-heading-left fusion-responsive-typography-calculated\" style=\"margin:0;--fontSize:18;--minFontSize:18;line-height:1.5;\"><span style=\"vertical-align: inherit;\"><span style=\"vertical-align: inherit;\">La for\u00eat du sourire<\/span><\/span><\/h2><span class=\"awb-title-spacer\"><\/span><div class=\"title-sep-container title-sep-container-right\"><div class=\"title-sep sep-double sep-solid\" style=\"border-color:#e0dede;\"><\/div><\/div><\/div><div class=\"fusion-text fusion-text-1\"><p><span style=\"vertical-align: inherit;\"><span style=\"vertical-align: inherit;\">Se promener dans les bois est bon pour l&rsquo; <\/span><\/span><strong><span style=\"vertical-align: inherit;\"><span style=\"vertical-align: inherit;\">esprit<\/span><\/span><\/strong><span style=\"vertical-align: inherit;\"><span style=\"vertical-align: inherit;\"> et pour la <\/span><\/span><strong><span style=\"vertical-align: inherit;\"><span style=\"vertical-align: inherit;\">sant\u00e9<\/span><\/span><\/strong><span style=\"vertical-align: inherit;\"><span style=\"vertical-align: inherit;\"> .<\/span><\/span><\/p>\n<p><span style=\"vertical-align: inherit;\"><span style=\"vertical-align: inherit;\">Des \u00e9tudes r\u00e9centes ont d\u00e9couvert que les <\/span><\/span><strong><span style=\"vertical-align: inherit;\"><span style=\"vertical-align: inherit;\">champs \u00e9lectromagn\u00e9tiques<\/span><\/span><\/strong><span style=\"vertical-align: inherit;\"><span style=\"vertical-align: inherit;\"> des plantes ont un effet positif sur les humains.<\/span><\/span><\/p>\n<p><span style=\"vertical-align: inherit;\"><span style=\"vertical-align: inherit;\">Dans l&rsquo;Oasi Zegna, le Bosco del Sorriso, qui s&rsquo;\u00e9tend de <\/span><\/span><strong><span style=\"vertical-align: inherit;\"><span style=\"vertical-align: inherit;\">Bocchetto Sessera<\/span><\/span><\/strong><span style=\"vertical-align: inherit;\"><span style=\"vertical-align: inherit;\"> vers Artignaga <\/span><\/span><strong><span style=\"vertical-align: inherit;\"><span style=\"vertical-align: inherit;\">,<\/span><\/span><\/strong><span style=\"vertical-align: inherit;\"><span style=\"vertical-align: inherit;\"> est un parcours exp\u00e9rientiel qui a \u00e9t\u00e9 surveill\u00e9 selon <\/span><\/span><strong><span style=\"vertical-align: inherit;\"><span style=\"vertical-align: inherit;\">la m\u00e9thode du Paysage Bio\u00e9nerg\u00e9tique<\/span><\/span><\/strong><span style=\"vertical-align: inherit;\"><span style=\"vertical-align: inherit;\"> .<\/span><\/span><\/p>\n<p><span style=\"vertical-align: inherit;\"><span style=\"vertical-align: inherit;\">La suggestion \u00e0 chaque visiteur est de le parcourir lentement, <\/span><\/span><strong><span style=\"vertical-align: inherit;\"><span style=\"vertical-align: inherit;\">en profitant du paysage<\/span><\/span><\/strong><span style=\"vertical-align: inherit;\"><span style=\"vertical-align: inherit;\"> et en s&rsquo;arr\u00eatant pr\u00e8s de certaines plantes pour en tirer des bienfaits sp\u00e9cifiques.<\/span><\/span><!--more--><\/p>\n<\/div><\/div><\/div><div class=\"fusion-layout-column fusion_builder_column fusion-builder-column-2 fusion_builder_column_1_3 1_3 fusion-flex-column\" style=\"--awb-padding-top:25px;--awb-padding-right:18px;--awb-padding-left:16px;--awb-overflow:hidden;--awb-bg-color:hsla(var(--awb-color4-h),var(--awb-color4-s),var(--awb-color4-l),calc(var(--awb-color4-a) - 80%));--awb-bg-color-hover:hsla(var(--awb-color4-h),var(--awb-color4-s),var(--awb-color4-l),calc(var(--awb-color4-a) - 80%));--awb-bg-blend:overlay;--awb-bg-size:cover;--awb-border-color:var(--awb-color6);--awb-border-top:1px;--awb-border-right:1px;--awb-border-bottom:1px;--awb-border-left:1px;--awb-border-style:solid;--awb-border-radius:15px 15px 15px 15px;--awb-width-large:33.333333333333%;--awb-margin-top-large:13px;--awb-spacing-right-large:5.76%;--awb-margin-bottom-large:20px;--awb-spacing-left-large:5.76%;--awb-width-medium:100%;--awb-spacing-right-medium:1.92%;--awb-spacing-left-medium:1.92%;--awb-width-small:100%;--awb-spacing-right-small:1.92%;--awb-spacing-left-small:1.92%;\"><div class=\"fusion-column-wrapper fusion-flex-justify-content-flex-start fusion-content-layout-column\"><div class=\"fusion-builder-row fusion-builder-row-inner fusion-row fusion-flex-align-items-flex-start fusion-flex-content-wrap\" style=\"width:104% !important;max-width:104% !important;margin-left: calc(-4% \/ 2 );margin-right: calc(-4% \/ 2 );\"><div class=\"fusion-layout-column fusion_builder_column_inner fusion-builder-nested-column-0 fusion_builder_column_inner_1_6 1_6 fusion-flex-column\" style=\"--awb-bg-size:cover;--awb-width-large:16.666666666667%;--awb-margin-top-large:0px;--awb-spacing-right-large:11.52%;--awb-margin-bottom-large:20px;--awb-spacing-left-large:11.52%;--awb-width-medium:100%;--awb-order-medium:0;--awb-spacing-right-medium:1.92%;--awb-spacing-left-medium:1.92%;--awb-width-small:16.666666666667%;--awb-order-small:0;--awb-spacing-right-small:11.52%;--awb-spacing-left-small:11.52%;\"><div class=\"fusion-column-wrapper fusion-column-has-shadow fusion-flex-justify-content-flex-start fusion-content-layout-column\"><i class=\"fb-icon-element-1 fb-icon-element fontawesome-icon fa-map-signs fas circle-no fusion-text-flow\" style=\"--awb-iconcolor:var(--awb-color7);--awb-iconcolor-hover:var(--awb-color7);--awb-font-size:25px;--awb-margin-right:12.5px;\"><\/i><\/div><\/div><div class=\"fusion-layout-column fusion_builder_column_inner fusion-builder-nested-column-1 fusion_builder_column_inner_5_6 5_6 fusion-flex-column\" style=\"--awb-bg-size:cover;--awb-width-large:83.333333333333%;--awb-margin-top-large:0px;--awb-spacing-right-large:2.304%;--awb-margin-bottom-large:20px;--awb-spacing-left-large:2.304%;--awb-width-medium:100%;--awb-order-medium:0;--awb-spacing-right-medium:1.92%;--awb-spacing-left-medium:1.92%;--awb-width-small:83.333333333333%;--awb-order-small:0;--awb-spacing-right-small:2.304%;--awb-spacing-left-small:2.304%;\"><div class=\"fusion-column-wrapper fusion-column-has-shadow fusion-flex-justify-content-flex-start fusion-content-layout-column\"><div class=\"fusion-text fusion-text-2 fusion-text-no-margin\"><p><strong><span style=\"vertical-align: inherit;\"><span style=\"vertical-align: inherit;\">Type\u00a0<\/span><\/span><\/strong><br \/>\n<span style=\"vertical-align: inherit;\"><span style=\"vertical-align: inherit;\">lieu de promenades<\/span><\/span><\/p>\n<\/div><\/div><\/div><\/div><div class=\"fusion-builder-row fusion-builder-row-inner fusion-row fusion-flex-align-items-flex-start fusion-flex-content-wrap\" style=\"width:104% !important;max-width:104% !important;margin-left: calc(-4% \/ 2 );margin-right: calc(-4% \/ 2 );\"><div class=\"fusion-layout-column fusion_builder_column_inner fusion-builder-nested-column-2 fusion_builder_column_inner_1_6 1_6 fusion-flex-column\" style=\"--awb-bg-size:cover;--awb-width-large:16.666666666667%;--awb-margin-top-large:0px;--awb-spacing-right-large:11.52%;--awb-margin-bottom-large:20px;--awb-spacing-left-large:11.52%;--awb-width-medium:100%;--awb-order-medium:0;--awb-spacing-right-medium:1.92%;--awb-spacing-left-medium:1.92%;--awb-width-small:16.666666666667%;--awb-order-small:0;--awb-spacing-right-small:11.52%;--awb-spacing-left-small:11.52%;\"><div class=\"fusion-column-wrapper fusion-column-has-shadow fusion-flex-justify-content-flex-start fusion-content-layout-column\"><i class=\"fb-icon-element-2 fb-icon-element fontawesome-icon fa-id-card fas circle-no fusion-text-flow\" style=\"--awb-iconcolor:var(--awb-color7);--awb-iconcolor-hover:var(--awb-color7);--awb-font-size:25px;--awb-margin-right:12.5px;\"><\/i><\/div><\/div><div class=\"fusion-layout-column fusion_builder_column_inner fusion-builder-nested-column-3 fusion_builder_column_inner_5_6 5_6 fusion-flex-column\" style=\"--awb-bg-size:cover;--awb-width-large:83.333333333333%;--awb-margin-top-large:0px;--awb-spacing-right-large:2.304%;--awb-margin-bottom-large:20px;--awb-spacing-left-large:2.304%;--awb-width-medium:100%;--awb-order-medium:0;--awb-spacing-right-medium:1.92%;--awb-spacing-left-medium:1.92%;--awb-width-small:83.333333333333%;--awb-order-small:0;--awb-spacing-right-small:2.304%;--awb-spacing-left-small:2.304%;\"><div class=\"fusion-column-wrapper fusion-column-has-shadow fusion-flex-justify-content-flex-start fusion-content-layout-column\"><div class=\"fusion-text fusion-text-3 fusion-text-no-margin\"><p><strong><span style=\"vertical-align: inherit;\"><span style=\"vertical-align: inherit;\">Contacts<\/span><\/span><\/strong><br \/>\nT\u00e9l +39 347\u00a0 5744626<br \/>\nMail: info@bocchettosessera.it<\/p>\n<\/div><\/div><\/div><\/div><div class=\"fusion-builder-row fusion-builder-row-inner fusion-row fusion-flex-align-items-flex-start fusion-flex-content-wrap\" style=\"width:104% !important;max-width:104% !important;margin-left: calc(-4% \/ 2 );margin-right: calc(-4% \/ 2 );\"><div class=\"fusion-layout-column fusion_builder_column_inner fusion-builder-nested-column-4 fusion_builder_column_inner_1_6 1_6 fusion-flex-column\" style=\"--awb-bg-size:cover;--awb-width-large:16.666666666667%;--awb-margin-top-large:0px;--awb-spacing-right-large:11.52%;--awb-margin-bottom-large:20px;--awb-spacing-left-large:11.52%;--awb-width-medium:100%;--awb-order-medium:0;--awb-spacing-right-medium:1.92%;--awb-spacing-left-medium:1.92%;--awb-width-small:16.666666666667%;--awb-order-small:0;--awb-spacing-right-small:11.52%;--awb-spacing-left-small:11.52%;\"><div class=\"fusion-column-wrapper fusion-column-has-shadow fusion-flex-justify-content-flex-start fusion-content-layout-column\"><i class=\"fb-icon-element-3 fb-icon-element fontawesome-icon fa-external-link-alt fas circle-no fusion-text-flow\" style=\"--awb-iconcolor:var(--awb-color7);--awb-iconcolor-hover:var(--awb-color7);--awb-font-size:25px;--awb-margin-right:12.5px;\"><\/i><\/div><\/div><div class=\"fusion-layout-column fusion_builder_column_inner fusion-builder-nested-column-5 fusion_builder_column_inner_5_6 5_6 fusion-flex-column\" style=\"--awb-bg-size:cover;--awb-width-large:83.333333333333%;--awb-margin-top-large:0px;--awb-spacing-right-large:2.304%;--awb-margin-bottom-large:20px;--awb-spacing-left-large:2.304%;--awb-width-medium:100%;--awb-order-medium:0;--awb-spacing-right-medium:1.92%;--awb-spacing-left-medium:1.92%;--awb-width-small:83.333333333333%;--awb-order-small:0;--awb-spacing-right-small:2.304%;--awb-spacing-left-small:2.304%;\"><div class=\"fusion-column-wrapper fusion-column-has-shadow fusion-flex-justify-content-flex-start fusion-content-layout-column\"><div class=\"fusion-text fusion-text-4 fusion-text-no-margin\"><p><strong><span style=\"vertical-align: inherit;\"><span style=\"vertical-align: inherit;\">Web <\/span><\/span><\/strong><br \/>\n<a href=\"https:\/\/www.oasizegna.com\/it\/luoghi\/bosco-del-sorriso-biella-oasi-zegna_40.html\" target=\"_blank\" rel=\"noopener\"><span style=\"vertical-align: inherit;\"><span style=\"vertical-align: inherit;\">oasizegna.com\/bosco-del-sorriso&#8230;<\/span><\/span><\/a><\/p>\n<\/div><\/div><\/div><\/div><\/div><\/div><div class=\"fusion-layout-column fusion_builder_column fusion-builder-column-3 fusion_builder_column_1_1 1_1 fusion-flex-column\" style=\"--awb-bg-blend:overlay;--awb-bg-size:cover;--awb-width-large:100%;--awb-margin-top-large:0px;--awb-spacing-right-large:1.92%;--awb-margin-bottom-large:20px;--awb-spacing-left-large:1.92%;--awb-width-medium:100%;--awb-spacing-right-medium:1.92%;--awb-spacing-left-medium:1.92%;--awb-width-small:100%;--awb-spacing-right-small:1.92%;--awb-spacing-left-small:1.92%;\"><div class=\"fusion-column-wrapper fusion-flex-justify-content-flex-start fusion-content-layout-column\"><div class=\"fusion-image-carousel fusion-image-carousel-auto fusion-image-carousel-1 lightbox-enabled fusion-carousel-border\"><div class=\"awb-carousel awb-swiper awb-swiper-carousel awb-carousel--carousel awb-swiper-dots-position-bottom\" data-layout=\"carousel\" data-autoplay=\"no\" data-autoplayspeed=\"2500\" data-autoplaypause=\"no\" data-columns=\"3\" data-columnsmedium=\"1\" data-columnssmall=\"1\" data-itemmargin=\"13\" data-itemwidth=\"180\" data-touchscroll=\"no\" data-freemode=\"no\" data-imagesize=\"auto\" data-scrollitems=\"0\" data-centeredslides=\"no\" data-rotationangle=\"50\" data-depth=\"100\" data-speed=\"500\" data-shadow=\"no\" data-pagination=\"bullets\" style=\"--awb-columns:3;--awb-border-width:1px;--awb-border-color:#e9eaee;\"><div class=\"swiper-wrapper awb-image-carousel-wrapper fusion-flex-align-items-center\"><div class=\"swiper-slide\"><div class=\"fusion-carousel-item-wrapper\"><div class=\"fusion-image-wrapper hover-type-zoomin\"><a data-rel=\"iLightbox[image_carousel_1]\" data-title=\"BoscoSorriso 380&#215;241\" aria-label=\"BoscoSorriso 380&#215;241\" href=\"https:\/\/www.alpibiellesi.eu\/wp-content\/uploads\/2024\/10\/BoscoSorriso-380x241-1.jpg\" target=\"_self\"><img decoding=\"async\" width=\"380\" height=\"241\" src=\"https:\/\/www.alpibiellesi.eu\/wp-content\/uploads\/2024\/10\/BoscoSorriso-380x241-1.jpg\" class=\"attachment-full size-full\" alt=\"\" srcset=\"https:\/\/www.alpibiellesi.eu\/wp-content\/uploads\/2024\/10\/BoscoSorriso-380x241-1-200x127.jpg 200w, https:\/\/www.alpibiellesi.eu\/wp-content\/uploads\/2024\/10\/BoscoSorriso-380x241-1.jpg 380w\" sizes=\"(min-width: 2200px) 100vw, (min-width: 824px) 358px, (min-width: 732px) 537px, (min-width: 640px) 732px, \" \/><\/a><\/div><\/div><\/div><div class=\"swiper-slide\"><div class=\"fusion-carousel-item-wrapper\"><div class=\"fusion-image-wrapper hover-type-zoomin\"><a data-rel=\"iLightbox[image_carousel_1]\" data-title=\"BoscoSorriso3 380&#215;241\" aria-label=\"BoscoSorriso3 380&#215;241\" href=\"https:\/\/www.alpibiellesi.eu\/wp-content\/uploads\/2024\/10\/BoscoSorriso3-380x241-1.jpg\" target=\"_self\"><img decoding=\"async\" width=\"380\" height=\"241\" src=\"https:\/\/www.alpibiellesi.eu\/wp-content\/uploads\/2024\/10\/BoscoSorriso3-380x241-1.jpg\" class=\"attachment-full size-full\" alt=\"\" srcset=\"https:\/\/www.alpibiellesi.eu\/wp-content\/uploads\/2024\/10\/BoscoSorriso3-380x241-1-200x127.jpg 200w, https:\/\/www.alpibiellesi.eu\/wp-content\/uploads\/2024\/10\/BoscoSorriso3-380x241-1.jpg 380w\" sizes=\"(min-width: 2200px) 100vw, (min-width: 824px) 358px, (min-width: 732px) 537px, (min-width: 640px) 732px, \" \/><\/a><\/div><\/div><\/div><div class=\"swiper-slide\"><div class=\"fusion-carousel-item-wrapper\"><div class=\"fusion-image-wrapper hover-type-zoomin\"><a data-rel=\"iLightbox[image_carousel_1]\" data-title=\"BoscoSorriso 2 380&#215;241\" aria-label=\"BoscoSorriso 2 380&#215;241\" href=\"https:\/\/www.alpibiellesi.eu\/wp-content\/uploads\/2024\/10\/BoscoSorriso-2-380x241-1.jpg\" target=\"_self\"><img decoding=\"async\" width=\"380\" height=\"241\" src=\"https:\/\/www.alpibiellesi.eu\/wp-content\/uploads\/2024\/10\/BoscoSorriso-2-380x241-1.jpg\" class=\"attachment-full size-full\" alt=\"\" srcset=\"https:\/\/www.alpibiellesi.eu\/wp-content\/uploads\/2024\/10\/BoscoSorriso-2-380x241-1-200x127.jpg 200w, https:\/\/www.alpibiellesi.eu\/wp-content\/uploads\/2024\/10\/BoscoSorriso-2-380x241-1.jpg 380w\" sizes=\"(min-width: 2200px) 100vw, (min-width: 824px) 358px, (min-width: 732px) 537px, (min-width: 640px) 732px, \" \/><\/a><\/div><\/div><\/div><\/div><div class=\"awb-swiper-button awb-swiper-button-prev\"><i class=\"awb-icon-angle-left\" aria-hidden=\"true\"><\/i><\/div><div class=\"awb-swiper-button awb-swiper-button-next\"><i class=\"awb-icon-angle-right\" aria-hidden=\"true\"><\/i><\/div><\/div><\/div><\/div><\/div><\/div><\/div><\/p>\n","protected":false},"excerpt":{"rendered":"<p>Se promener dans les bois est bon pour l&rsquo; esprit et pour la sant\u00e9 . Des \u00e9tudes r\u00e9centes ont d\u00e9couvert que les champs \u00e9lectromagn\u00e9tiques des plantes ont un effet positif sur les humains. Dans l&rsquo;Oasi Zegna, le Bosco del Sorriso, qui s&rsquo;\u00e9tend de Bocchetto Sessera vers Artignaga , est un parcours exp\u00e9rientiel qui a \u00e9t\u00e9 surveill\u00e9  [&#8230;]<\/p>\n","protected":false},"author":38,"featured_media":52733,"parent":0,"menu_order":0,"comment_status":"closed","ping_status":"closed","template":"100-width.php","meta":{"footnotes":""},"class_list":["post-53298","page","type-page","status-publish","has-post-thumbnail","hentry"],"aioseo_notices":[],"_links":{"self":[{"href":"https:\/\/www.alpibiellesi.eu\/fr\/wp-json\/wp\/v2\/pages\/53298","targetHints":{"allow":["GET"]}}],"collection":[{"href":"https:\/\/www.alpibiellesi.eu\/fr\/wp-json\/wp\/v2\/pages"}],"about":[{"href":"https:\/\/www.alpibiellesi.eu\/fr\/wp-json\/wp\/v2\/types\/page"}],"author":[{"embeddable":true,"href":"https:\/\/www.alpibiellesi.eu\/fr\/wp-json\/wp\/v2\/users\/38"}],"replies":[{"embeddable":true,"href":"https:\/\/www.alpibiellesi.eu\/fr\/wp-json\/wp\/v2\/comments?post=53298"}],"version-history":[{"count":0,"href":"https:\/\/www.alpibiellesi.eu\/fr\/wp-json\/wp\/v2\/pages\/53298\/revisions"}],"wp:featuredmedia":[{"embeddable":true,"href":"https:\/\/www.alpibiellesi.eu\/fr\/wp-json\/wp\/v2\/media\/52733"}],"wp:attachment":[{"href":"https:\/\/www.alpibiellesi.eu\/fr\/wp-json\/wp\/v2\/media?parent=53298"}],"curies":[{"name":"wp","href":"https:\/\/api.w.org\/{rel}","templated":true}]}}