{"id":52567,"date":"2018-04-25T20:27:35","date_gmt":"2018-04-25T18:27:35","guid":{"rendered":"https:\/\/www.alpibiellesi.eu\/our-land\/"},"modified":"2025-04-29T12:04:00","modified_gmt":"2025-04-29T10:04:00","slug":"qui-et-ou-sommes-nous","status":"publish","type":"page","link":"https:\/\/www.alpibiellesi.eu\/fr\/qui-et-ou-sommes-nous\/","title":{"rendered":"Qui et o\u00f9 sommes-nous"},"content":{"rendered":"<p><div class=\"fusion-fullwidth fullwidth-box fusion-builder-row-1 fusion-flex-container has-pattern-background has-mask-background hundred-percent-fullwidth non-hundred-percent-height-scrolling\" style=\"--awb-border-radius-top-left:0px;--awb-border-radius-top-right:0px;--awb-border-radius-bottom-right:0px;--awb-border-radius-bottom-left:0px;--awb-padding-top:0px;--awb-padding-right:0px;--awb-padding-bottom:0px;--awb-padding-left:0px;--awb-margin-top:0px;--awb-margin-bottom:0px;--awb-flex-wrap:wrap;\" ><div class=\"fusion-builder-row fusion-row fusion-flex-align-items-flex-start fusion-flex-content-wrap\" style=\"width:104% !important;max-width:104% !important;margin-left: calc(-4% \/ 2 );margin-right: calc(-4% \/ 2 );\"><div class=\"fusion-layout-column fusion_builder_column fusion-builder-column-0 fusion_builder_column_1_1 1_1 fusion-flex-column\" style=\"--awb-bg-size:cover;--awb-width-large:100%;--awb-margin-top-large:0px;--awb-spacing-right-large:1.92%;--awb-margin-bottom-large:20px;--awb-spacing-left-large:1.92%;--awb-width-medium:100%;--awb-order-medium:0;--awb-spacing-right-medium:1.92%;--awb-spacing-left-medium:1.92%;--awb-width-small:100%;--awb-order-small:0;--awb-spacing-right-small:1.92%;--awb-spacing-left-small:1.92%;\"><div class=\"fusion-column-wrapper fusion-column-has-shadow fusion-flex-justify-content-flex-start fusion-content-layout-column\"><div class=\"fusion-image-element \" style=\"--awb-aspect-ratio: 100 \/ 28;--awb-object-position:50% 57%;--awb-caption-title-font-family:var(--h2_typography-font-family);--awb-caption-title-font-weight:var(--h2_typography-font-weight);--awb-caption-title-font-style:var(--h2_typography-font-style);--awb-caption-title-size:var(--h2_typography-font-size);--awb-caption-title-transform:var(--h2_typography-text-transform);--awb-caption-title-line-height:var(--h2_typography-line-height);--awb-caption-title-letter-spacing:var(--h2_typography-letter-spacing);\"><span class=\" fusion-imageframe imageframe-none imageframe-1 hover-type-none has-aspect-ratio\"><img decoding=\"async\" width=\"1920\" height=\"700\" title=\"Top-ChiSiamo\" src=\"https:\/\/www.alpibiellesi.eu\/wp-content\/uploads\/2022\/11\/Top-ChiSiamo.jpg\" class=\"img-responsive wp-image-52568 img-with-aspect-ratio\" data-parent-fit=\"cover\" data-parent-container=\".fusion-image-element\" alt srcset=\"https:\/\/www.alpibiellesi.eu\/wp-content\/uploads\/2022\/11\/Top-ChiSiamo-200x73.jpg 200w, https:\/\/www.alpibiellesi.eu\/wp-content\/uploads\/2022\/11\/Top-ChiSiamo-400x146.jpg 400w, https:\/\/www.alpibiellesi.eu\/wp-content\/uploads\/2022\/11\/Top-ChiSiamo-600x219.jpg 600w, https:\/\/www.alpibiellesi.eu\/wp-content\/uploads\/2022\/11\/Top-ChiSiamo-800x292.jpg 800w, https:\/\/www.alpibiellesi.eu\/wp-content\/uploads\/2022\/11\/Top-ChiSiamo-1200x438.jpg 1200w, https:\/\/www.alpibiellesi.eu\/wp-content\/uploads\/2022\/11\/Top-ChiSiamo.jpg 1920w\" sizes=\"(max-width: 1024px) 100vw, (max-width: 640px) 100vw, 1200px\" \/><\/span><\/div><\/div><\/div><\/div><\/div><div class=\"fusion-fullwidth fullwidth-box fusion-builder-row-2 fusion-flex-container has-pattern-background has-mask-background hundred-percent-fullwidth non-hundred-percent-height-scrolling\" style=\"--awb-border-radius-top-left:0px;--awb-border-radius-top-right:0px;--awb-border-radius-bottom-right:0px;--awb-border-radius-bottom-left:0px;--awb-padding-top:0px;--awb-padding-right:0px;--awb-padding-bottom:0px;--awb-padding-left:0px;--awb-margin-top:0px;--awb-margin-bottom:0px;--awb-flex-wrap:wrap;\" ><div class=\"fusion-builder-row fusion-row fusion-flex-align-items-flex-start fusion-flex-content-wrap\" style=\"width:104% !important;max-width:104% !important;margin-left: calc(-4% \/ 2 );margin-right: calc(-4% \/ 2 );\"><div class=\"fusion-layout-column fusion_builder_column fusion-builder-column-1 fusion_builder_column_1_1 1_1 fusion-flex-column\" style=\"--awb-bg-size:cover;--awb-width-large:100%;--awb-margin-top-large:0px;--awb-spacing-right-large:1.92%;--awb-margin-bottom-large:20px;--awb-spacing-left-large:1.92%;--awb-width-medium:100%;--awb-order-medium:0;--awb-spacing-right-medium:1.92%;--awb-spacing-left-medium:1.92%;--awb-width-small:100%;--awb-order-small:0;--awb-spacing-right-small:1.92%;--awb-spacing-left-small:1.92%;\"><div class=\"fusion-column-wrapper fusion-column-has-shadow fusion-flex-justify-content-flex-start fusion-content-layout-column\"><div class=\"fusion-image-element \" style=\"text-align:center;--awb-caption-title-font-family:var(--h2_typography-font-family);--awb-caption-title-font-weight:var(--h2_typography-font-weight);--awb-caption-title-font-style:var(--h2_typography-font-style);--awb-caption-title-size:var(--h2_typography-font-size);--awb-caption-title-transform:var(--h2_typography-text-transform);--awb-caption-title-line-height:var(--h2_typography-line-height);--awb-caption-title-letter-spacing:var(--h2_typography-letter-spacing);\"><span class=\" fusion-imageframe imageframe-none imageframe-2 hover-type-none\"><img decoding=\"async\" width=\"1668\" height=\"592\" alt=\"cartina alpi biellesi\" title=\"CartinaAlpiBiellesi\" src=\"https:\/\/www.alpibiellesi.eu\/wp-content\/uploads\/2025\/03\/CartinaAlpiBiellesi.gif\" class=\"img-responsive wp-image-55390\"\/><\/span><\/div><\/div><\/div><\/div><\/div><div class=\"fusion-fullwidth fullwidth-box fusion-builder-row-3 fusion-flex-container has-pattern-background has-mask-background nonhundred-percent-fullwidth non-hundred-percent-height-scrolling\" style=\"--awb-border-radius-top-left:0px;--awb-border-radius-top-right:0px;--awb-border-radius-bottom-right:0px;--awb-border-radius-bottom-left:0px;--awb-flex-wrap:wrap;\" ><div class=\"fusion-builder-row fusion-row fusion-flex-align-items-flex-start fusion-flex-content-wrap\" style=\"max-width:1144px;margin-left: calc(-4% \/ 2 );margin-right: calc(-4% \/ 2 );\"><div class=\"fusion-layout-column fusion_builder_column fusion-builder-column-2 fusion_builder_column_2_3 2_3 fusion-flex-column\" style=\"--awb-bg-size:cover;--awb-width-large:66.666666666667%;--awb-margin-top-large:0px;--awb-spacing-right-large:2.88%;--awb-margin-bottom-large:20px;--awb-spacing-left-large:2.88%;--awb-width-medium:100%;--awb-order-medium:0;--awb-spacing-right-medium:1.92%;--awb-spacing-left-medium:1.92%;--awb-width-small:100%;--awb-order-small:0;--awb-spacing-right-small:1.92%;--awb-spacing-left-small:1.92%;\"><div class=\"fusion-column-wrapper fusion-column-has-shadow fusion-flex-justify-content-flex-start fusion-content-layout-column\"><div class=\"fusion-title title fusion-title-1 fusion-title-text fusion-title-size-two\"><div class=\"title-sep-container title-sep-container-left fusion-no-large-visibility fusion-no-medium-visibility fusion-no-small-visibility\"><div class=\"title-sep sep-double sep-solid\" style=\"border-color:#e0dede;\"><\/div><\/div><span class=\"awb-title-spacer fusion-no-large-visibility fusion-no-medium-visibility fusion-no-small-visibility\"><\/span><h2 class=\"fusion-title-heading title-heading-left fusion-responsive-typography-calculated\" style=\"margin:0;--fontSize:18;--minFontSize:18;line-height:1.5;\">QUI SOMMES-NOUS<\/h2><span class=\"awb-title-spacer\"><\/span><div class=\"title-sep-container title-sep-container-right\"><div class=\"title-sep sep-double sep-solid\" style=\"border-color:#e0dede;\"><\/div><\/div><\/div><div class=\"fusion-text fusion-text-1\"><p>Notre Consortium a pour objectif de r\u00e9unir plusieurs entreprises touristiques de la r\u00e9gion alpine de Biella dans le but de promouvoir et de commercialiser leurs offres touristiques et services connexes, en tenant \u00e9galement compte des produits de montagne de qualit\u00e9 et en impliquant les diff\u00e9rents maillons des fili\u00e8res d&rsquo;approvisionnement pour le d\u00e9veloppement des activit\u00e9s locales.<br \/>\nIl intervient \u00e9galement dans la formation de tous les membres du consortium, dans l\u2019assistance technique des entreprises associ\u00e9es et dans l\u2019\u00e9laboration de projets de valorisation territoriale.<\/p>\n<\/div><div class=\"fusion-title title fusion-title-2 fusion-title-text fusion-title-size-two\"><div class=\"title-sep-container title-sep-container-left fusion-no-large-visibility fusion-no-medium-visibility fusion-no-small-visibility\"><div class=\"title-sep sep-double sep-solid\" style=\"border-color:#e0dede;\"><\/div><\/div><span class=\"awb-title-spacer fusion-no-large-visibility fusion-no-medium-visibility fusion-no-small-visibility\"><\/span><h2 class=\"fusion-title-heading title-heading-left fusion-responsive-typography-calculated\" style=\"margin:0;--fontSize:18;--minFontSize:18;line-height:1.5;\">NOTRE TERRITOIRE<\/h2><span class=\"awb-title-spacer\"><\/span><div class=\"title-sep-container title-sep-container-right\"><div class=\"title-sep sep-double sep-solid\" style=\"border-color:#e0dede;\"><\/div><\/div><\/div><div class=\"fusion-video fusion-youtube\" style=\"--awb-max-width:600px;--awb-max-height:360px;\" data-autoplay=\"1\"><div class=\"video-shortcode\"><div class=\"fluid-width-video-wrapper\" style=\"padding-top:60%;\" ><iframe title=\"YouTube video player 1\" src=\"https:\/\/www.youtube.com\/embed\/CdCTmrRq7yg?wmode=transparent&autoplay=0&amp;mute=1\" width=\"600\" height=\"360\" allowfullscreen allow=\"autoplay; clipboard-write; encrypted-media; gyroscope; picture-in-picture;\"><\/iframe><\/div><\/div><\/div><\/div><\/div><div class=\"fusion-layout-column fusion_builder_column fusion-builder-column-3 fusion_builder_column_1_3 1_3 fusion-flex-column\" style=\"--awb-padding-left:33px;--awb-bg-size:cover;--awb-border-color:var(--awb-color7);--awb-border-top:0;--awb-border-right:0;--awb-border-bottom:0;--awb-border-left:1px;--awb-border-style:solid;--awb-width-large:33.333333333333%;--awb-margin-top-large:55px;--awb-spacing-right-large:5.76%;--awb-margin-bottom-large:20px;--awb-spacing-left-large:5.76%;--awb-width-medium:100%;--awb-order-medium:0;--awb-spacing-right-medium:1.92%;--awb-spacing-left-medium:1.92%;--awb-width-small:100%;--awb-order-small:0;--awb-spacing-right-small:1.92%;--awb-spacing-left-small:1.92%;\" data-scroll-devices=\"small-visibility,medium-visibility,large-visibility\"><div class=\"fusion-column-wrapper fusion-column-has-shadow fusion-flex-justify-content-flex-start fusion-content-layout-column\"><div class=\"accordian fusion-accordian\" style=\"--awb-border-size:1px;--awb-icon-size:13px;--awb-content-font-size:13px;--awb-icon-alignment:left;--awb-hover-color:#f9f9f9;--awb-border-color:#cccccc;--awb-background-color:#ffffff;--awb-divider-color:#e0dede;--awb-divider-hover-color:#e0dede;--awb-icon-color:#ffffff;--awb-title-color:#333333;--awb-content-color:#747474;--awb-icon-box-color:#333333;--awb-toggle-hover-accent-color:#a0ce4e;--awb-title-font-family:&quot;Roboto Slab&quot;;--awb-title-font-weight:300;--awb-title-font-style:normal;--awb-title-font-size:14px;--awb-content-font-family:&quot;PT Sans&quot;;--awb-content-font-style:normal;--awb-content-font-weight:400;\"><div class=\"panel-group fusion-toggle-icon-boxed\" id=\"accordion-52567-1\"><div class=\"fusion-panel panel-default panel-5d26f372fb274ba91 fusion-toggle-has-divider\" style=\"--awb-title-color:#333333;--awb-content-color:#747474;\"><div class=\"panel-heading\"><h4 class=\"panel-title toggle\" id=\"toggle_5d26f372fb274ba91\"><a aria-expanded=\"false\" aria-controls=\"5d26f372fb274ba91\" role=\"button\" data-toggle=\"collapse\" data-parent=\"#accordion-52567-1\" data-target=\"#5d26f372fb274ba91\" href=\"#5d26f372fb274ba91\"><span class=\"fusion-toggle-icon-wrapper\" aria-hidden=\"true\"><i class=\"fa-fusion-box active-icon awb-icon-minus\" aria-hidden=\"true\"><\/i><i class=\"fa-fusion-box inactive-icon awb-icon-plus\" aria-hidden=\"true\"><\/i><\/span><span class=\"fusion-toggle-heading\">Comment acc\u00e9der \u00e0 notre territoire<\/span><\/a><\/h4><\/div><div id=\"5d26f372fb274ba91\" class=\"panel-collapse collapse \" aria-labelledby=\"toggle_5d26f372fb274ba91\"><div class=\"panel-body toggle-content fusion-clearfix\">\n<p><a href=\"https:\/\/www.alpibiellesi.eu\/come-arrivare\/\">Clicca qui &gt;&gt;\u00a0 Cliquez ici<\/a><\/p>\n<\/div><\/div><\/div><div class=\"fusion-panel panel-default panel-ca5304fb67d05d5e3 fusion-toggle-has-divider\" style=\"--awb-title-color:#333333;--awb-content-color:#747474;\"><div class=\"panel-heading\"><h4 class=\"panel-title toggle\" id=\"toggle_ca5304fb67d05d5e3\"><a aria-expanded=\"false\" aria-controls=\"ca5304fb67d05d5e3\" role=\"button\" data-toggle=\"collapse\" data-parent=\"#accordion-52567-1\" data-target=\"#ca5304fb67d05d5e3\" href=\"#ca5304fb67d05d5e3\"><span class=\"fusion-toggle-icon-wrapper\" aria-hidden=\"true\"><i class=\"fa-fusion-box active-icon awb-icon-minus\" aria-hidden=\"true\"><\/i><i class=\"fa-fusion-box inactive-icon awb-icon-plus\" aria-hidden=\"true\"><\/i><\/span><span class=\"fusion-toggle-heading\">La carte verte<\/span><\/a><\/h4><\/div><div id=\"ca5304fb67d05d5e3\" class=\"panel-collapse collapse \" aria-labelledby=\"toggle_ca5304fb67d05d5e3\"><div class=\"panel-body toggle-content fusion-clearfix\">\n<p><a href=\"https:\/\/www.alpibiellesi.eu\/cartina-verde\/\">Cliquez ici<\/a><\/p>\n<\/div><\/div><\/div><div class=\"fusion-panel panel-default panel-335b8f4b42826b6d2 fusion-toggle-has-divider\"><div class=\"panel-heading\"><h4 class=\"panel-title toggle\" id=\"toggle_335b8f4b42826b6d2\"><a aria-expanded=\"false\" aria-controls=\"335b8f4b42826b6d2\" role=\"button\" data-toggle=\"collapse\" data-parent=\"#accordion-52567-1\" data-target=\"#335b8f4b42826b6d2\" href=\"#335b8f4b42826b6d2\"><span class=\"fusion-toggle-icon-wrapper\" aria-hidden=\"true\"><i class=\"fa-fusion-box active-icon awb-icon-minus\" aria-hidden=\"true\"><\/i><i class=\"fa-fusion-box inactive-icon awb-icon-plus\" aria-hidden=\"true\"><\/i><\/span><span class=\"fusion-toggle-heading\">Google map<\/span><\/a><\/h4><\/div><div id=\"335b8f4b42826b6d2\" class=\"panel-collapse collapse \" aria-labelledby=\"toggle_335b8f4b42826b6d2\"><div class=\"panel-body toggle-content fusion-clearfix\">\n<p><a href=\"https:\/\/www.google.com\/maps\/d\/edit?mid=1PNXpgcT0Fqbna1v-jM20lDOAA_8CPqtU&amp;usp=sharing\">Clicca qui<\/a><\/p>\n<\/div><\/div><\/div><\/div><\/div><div class=\"fusion-image-element awb-imageframe-style awb-imageframe-style-below awb-imageframe-style-3\" style=\"--awb-margin-top:55px;--awb-caption-title-font-family:var(--h2_typography-font-family);--awb-caption-title-font-weight:var(--h2_typography-font-weight);--awb-caption-title-font-style:var(--h2_typography-font-style);--awb-caption-title-size:var(--h2_typography-font-size);--awb-caption-title-transform:var(--h2_typography-text-transform);--awb-caption-title-line-height:var(--h2_typography-line-height);--awb-caption-title-letter-spacing:var(--h2_typography-letter-spacing);\"><span class=\" fusion-imageframe imageframe-none imageframe-3 hover-type-none\" style=\"border:1px solid var(--awb-color7);\"><a class=\"fusion-no-lightbox\" href=\"https:\/\/www.alpibiellesi.eu\/wp-content\/uploads\/2025\/04\/CATALOGO-CONSORZIO-OASI-1_2025.pdf\" target=\"_blank\" aria-label=\"CopertinaCatalogo2025\" rel=\"noopener noreferrer\"><img decoding=\"async\" width=\"400\" height=\"402\" src=\"https:\/\/www.alpibiellesi.eu\/wp-content\/uploads\/2025\/04\/CopertinaCatalogo2025.jpg\" alt class=\"img-responsive wp-image-55974\" srcset=\"https:\/\/www.alpibiellesi.eu\/wp-content\/uploads\/2025\/04\/CopertinaCatalogo2025-200x200.jpg 200w, https:\/\/www.alpibiellesi.eu\/wp-content\/uploads\/2025\/04\/CopertinaCatalogo2025.jpg 400w\" sizes=\"(max-width: 1024px) 100vw, (max-width: 640px) 100vw, 400px\" \/><\/a><\/span><div class=\"awb-imageframe-caption-container\" style=\"text-align:center;\"><div class=\"awb-imageframe-caption\"><h2 class=\"awb-imageframe-caption-title\">Catalogue 2025<\/h2><\/div><\/div><\/div><\/div><\/div><div class=\"fusion-layout-column fusion_builder_column fusion-builder-column-4 fusion_builder_column_1_1 1_1 fusion-flex-column\" style=\"--awb-bg-size:cover;--awb-width-large:100%;--awb-margin-top-large:55px;--awb-spacing-right-large:1.92%;--awb-margin-bottom-large:20px;--awb-spacing-left-large:1.92%;--awb-width-medium:100%;--awb-order-medium:0;--awb-spacing-right-medium:1.92%;--awb-spacing-left-medium:1.92%;--awb-width-small:100%;--awb-order-small:0;--awb-spacing-right-small:1.92%;--awb-spacing-left-small:1.92%;\" data-scroll-devices=\"small-visibility,medium-visibility,large-visibility\"><div class=\"fusion-column-wrapper fusion-column-has-shadow fusion-flex-justify-content-flex-start fusion-content-layout-column\"><div class=\"fusion-text fusion-text-2\"><p>Les <strong>Alpes de Biella<\/strong> dans le Pi\u00e9mont sont un groupe de montagnes situ\u00e9 dans la zone sud-est des <strong>Alpes Pennines<\/strong>.<br \/>\nCette couronne montagneuse, avec des sommets de pr\u00e8s de 2 000 m\u00e8tres, qui borde au nord la province de Biella, est le r\u00e9sultat d&rsquo;une histoire g\u00e9ologique tr\u00e8s longue et complexe, qui a \u00e9galement vu l&rsquo;affrontement entre deux anciens continents (<strong>la pal\u00e9o-Afrique et la pal\u00e9o-Europe<\/strong>) d\u00e9terminant la <strong>ligne insubrique<\/strong>, une bande de fracture g\u00e9ologique qui traverse tout l&rsquo;arc alpin.<br \/>\nAu nord de la ligne insubrique se trouvent les roches schisteuses de l&rsquo;ancienne Europe, emplacements id\u00e9aux pour de grandes \u00e9tendues de prairies, utilis\u00e9es pour le p\u00e2turage ; au sud, des roches plus compactes et massives de pal\u00e9o-Afrique sur lesquelles se sont install\u00e9es d&rsquo;\u00e9paisses for\u00eats.<br \/>\nLes paysages et les environnements pr\u00e9sents dans cette zone montagneuse complexe sont tr\u00e8s vari\u00e9s :<br \/>\n* Les pentes et versants herbeux occup\u00e9s par les alpages, propices \u00e0 l&rsquo;\u00e9levage<br \/>\n* La grande for\u00eat couvre<br \/>\n* Les complexes religieux qui pars\u00e8ment les Alpes de Biella \u00e0 environ 1 000 m\u00e8tres d&rsquo;altitude, souvent situ\u00e9s dans des situations morphologiques particuli\u00e8res, comme le bassin glaciaire d&rsquo;Oropa ou les bosses tectoniques du sanctuaire de Graglia, de San Carlo et de San Grato di Sordevolo<br \/>\n* Les montagnes du tourisme, aussi bien en hiver qu&rsquo;en \u00e9t\u00e9, avec les remont\u00e9es m\u00e9caniques qui traversent l&rsquo;Alta Valle di Oropa et les collines autour de Bielmonte.<\/p>\n<\/div><\/div><\/div><\/div><\/div><div class=\"fusion-fullwidth fullwidth-box fusion-builder-row-4 fusion-flex-container has-pattern-background has-mask-background nonhundred-percent-fullwidth non-hundred-percent-height-scrolling\" style=\"--awb-border-radius-top-left:0px;--awb-border-radius-top-right:0px;--awb-border-radius-bottom-right:0px;--awb-border-radius-bottom-left:0px;--awb-margin-bottom:0px;--awb-flex-wrap:wrap;\" ><div class=\"fusion-builder-row fusion-row fusion-flex-align-items-flex-start fusion-flex-content-wrap\" style=\"max-width:1144px;margin-left: calc(-4% \/ 2 );margin-right: calc(-4% \/ 2 );\"><div class=\"fusion-layout-column fusion_builder_column fusion-builder-column-5 fusion_builder_column_1_1 1_1 fusion-flex-column\" style=\"--awb-bg-size:cover;--awb-width-large:100%;--awb-margin-top-large:0px;--awb-spacing-right-large:1.92%;--awb-margin-bottom-large:0px;--awb-spacing-left-large:1.92%;--awb-width-medium:100%;--awb-order-medium:0;--awb-spacing-right-medium:1.92%;--awb-spacing-left-medium:1.92%;--awb-width-small:100%;--awb-order-small:0;--awb-spacing-right-small:1.92%;--awb-spacing-left-small:1.92%;\"><div class=\"fusion-column-wrapper fusion-column-has-shadow fusion-flex-justify-content-flex-start fusion-content-layout-column\"><div class=\"fusion-image-carousel fusion-image-carousel-auto fusion-image-carousel-1\" style=\"margin-bottom:0px;\"><div class=\"awb-carousel awb-swiper awb-swiper-carousel awb-carousel--carousel awb-swiper-dots-position-bottom\" data-layout=\"carousel\" data-autoplay=\"yes\" data-autoplayspeed=\"2500\" data-autoplaypause=\"no\" data-columns=\"6\" data-columnsmedium=\"1\" data-columnssmall=\"1\" data-itemmargin=\"0\" data-itemwidth=\"180\" data-touchscroll=\"no\" data-freemode=\"no\" data-imagesize=\"auto\" data-scrollitems=\"1\" data-centeredslides=\"no\" data-rotationangle=\"50\" data-depth=\"100\" data-speed=\"500\" data-shadow=\"no\" data-pagination=\"bullets\" style=\"--awb-columns:6;--awb-column-spacing:0px;\"><div class=\"swiper-wrapper awb-image-carousel-wrapper fusion-flex-align-items-center\"><div class=\"swiper-slide\"><div class=\"fusion-carousel-item-wrapper\"><div class=\"fusion-image-wrapper hover-type-none\"><img decoding=\"async\" width=\"130\" height=\"180\" src=\"https:\/\/www.alpibiellesi.eu\/wp-content\/uploads\/2025\/03\/Tavigliano.gif\" class=\"attachment-full size-full\" alt=\"\" \/><\/div><\/div><\/div><div class=\"swiper-slide\"><div class=\"fusion-carousel-item-wrapper\"><div class=\"fusion-image-wrapper hover-type-none\"><img decoding=\"async\" width=\"130\" height=\"180\" src=\"https:\/\/www.alpibiellesi.eu\/wp-content\/uploads\/2025\/03\/Valdilana.gif\" class=\"attachment-full size-full\" alt=\"\" \/><\/div><\/div><\/div><div class=\"swiper-slide\"><div class=\"fusion-carousel-item-wrapper\"><div class=\"fusion-image-wrapper hover-type-none\"><img decoding=\"async\" width=\"130\" height=\"180\" src=\"https:\/\/www.alpibiellesi.eu\/wp-content\/uploads\/2025\/03\/Veglio.gif\" class=\"attachment-full size-full\" alt=\"\" \/><\/div><\/div><\/div><div class=\"swiper-slide\"><div class=\"fusion-carousel-item-wrapper\"><div class=\"fusion-image-wrapper hover-type-none\"><img decoding=\"async\" width=\"130\" height=\"180\" src=\"https:\/\/www.alpibiellesi.eu\/wp-content\/uploads\/2025\/03\/Portula.gif\" class=\"attachment-full size-full\" alt=\"\" \/><\/div><\/div><\/div><div class=\"swiper-slide\"><div class=\"fusion-carousel-item-wrapper\"><div class=\"fusion-image-wrapper hover-type-none\"><img decoding=\"async\" width=\"130\" height=\"180\" src=\"https:\/\/www.alpibiellesi.eu\/wp-content\/uploads\/2025\/03\/Pray.gif\" class=\"attachment-full size-full\" alt=\"\" \/><\/div><\/div><\/div><div class=\"swiper-slide\"><div class=\"fusion-carousel-item-wrapper\"><div class=\"fusion-image-wrapper hover-type-none\"><img decoding=\"async\" width=\"130\" height=\"180\" src=\"https:\/\/www.alpibiellesi.eu\/wp-content\/uploads\/2025\/03\/CoggiolaB.gif\" class=\"attachment-full size-full\" alt=\"\" \/><\/div><\/div><\/div><div class=\"swiper-slide\"><div class=\"fusion-carousel-item-wrapper\"><div class=\"fusion-image-wrapper hover-type-none\"><img decoding=\"async\" width=\"130\" height=\"180\" src=\"https:\/\/www.alpibiellesi.eu\/wp-content\/uploads\/2025\/03\/Magnano.gif\" class=\"attachment-full size-full\" alt=\"\" \/><\/div><\/div><\/div><div class=\"swiper-slide\"><div class=\"fusion-carousel-item-wrapper\"><div class=\"fusion-image-wrapper hover-type-none\"><img decoding=\"async\" width=\"180\" height=\"180\" src=\"https:\/\/www.alpibiellesi.eu\/wp-content\/uploads\/2018\/09\/Logo-Regione-Piemonte-1.jpg\" class=\"attachment-full size-full\" alt=\"\" \/><\/div><\/div><\/div><div class=\"swiper-slide\"><div class=\"fusion-carousel-item-wrapper\"><div class=\"fusion-image-wrapper hover-type-none\"><img decoding=\"async\" width=\"180\" height=\"180\" src=\"https:\/\/www.alpibiellesi.eu\/wp-content\/uploads\/2025\/03\/LogoOasiZegna180.gif\" class=\"attachment-full size-full\" alt=\"Logo Oasi Zegna\" \/><\/div><\/div><\/div><div class=\"swiper-slide\"><div class=\"fusion-carousel-item-wrapper\"><div class=\"fusion-image-wrapper hover-type-none\"><img decoding=\"async\" width=\"130\" height=\"180\" src=\"https:\/\/www.alpibiellesi.eu\/wp-content\/uploads\/2025\/03\/CAI.gif\" class=\"attachment-full size-full\" alt=\"\" \/><\/div><\/div><\/div><div class=\"swiper-slide\"><div class=\"fusion-carousel-item-wrapper\"><div class=\"fusion-image-wrapper hover-type-none\"><img decoding=\"async\" width=\"130\" height=\"180\" src=\"https:\/\/www.alpibiellesi.eu\/wp-content\/uploads\/2025\/03\/Piatto.gif\" class=\"attachment-full size-full\" alt=\"\" \/><\/div><\/div><\/div><div class=\"swiper-slide\"><div class=\"fusion-carousel-item-wrapper\"><div class=\"fusion-image-wrapper hover-type-none\"><img decoding=\"async\" width=\"130\" height=\"180\" src=\"https:\/\/www.alpibiellesi.eu\/wp-content\/uploads\/2025\/03\/Rosazza.gif\" class=\"attachment-full size-full\" alt=\"\" \/><\/div><\/div><\/div><\/div><div class=\"awb-swiper-button awb-swiper-button-prev\"><i class=\"awb-icon-angle-left\" aria-hidden=\"true\"><\/i><\/div><div class=\"awb-swiper-button awb-swiper-button-next\"><i class=\"awb-icon-angle-right\" aria-hidden=\"true\"><\/i><\/div><\/div><\/div><\/div><\/div><\/div><\/div>\n<\/p>\n","protected":false},"excerpt":{"rendered":"","protected":false},"author":12,"featured_media":53924,"parent":0,"menu_order":0,"comment_status":"open","ping_status":"closed","template":"100-width.php","meta":{"footnotes":""},"class_list":["post-52567","page","type-page","status-publish","has-post-thumbnail","hentry"],"aioseo_notices":[],"_links":{"self":[{"href":"https:\/\/www.alpibiellesi.eu\/fr\/wp-json\/wp\/v2\/pages\/52567","targetHints":{"allow":["GET"]}}],"collection":[{"href":"https:\/\/www.alpibiellesi.eu\/fr\/wp-json\/wp\/v2\/pages"}],"about":[{"href":"https:\/\/www.alpibiellesi.eu\/fr\/wp-json\/wp\/v2\/types\/page"}],"author":[{"embeddable":true,"href":"https:\/\/www.alpibiellesi.eu\/fr\/wp-json\/wp\/v2\/users\/12"}],"replies":[{"embeddable":true,"href":"https:\/\/www.alpibiellesi.eu\/fr\/wp-json\/wp\/v2\/comments?post=52567"}],"version-history":[{"count":0,"href":"https:\/\/www.alpibiellesi.eu\/fr\/wp-json\/wp\/v2\/pages\/52567\/revisions"}],"wp:featuredmedia":[{"embeddable":true,"href":"https:\/\/www.alpibiellesi.eu\/fr\/wp-json\/wp\/v2\/media\/53924"}],"wp:attachment":[{"href":"https:\/\/www.alpibiellesi.eu\/fr\/wp-json\/wp\/v2\/media?parent=52567"}],"curies":[{"name":"wp","href":"https:\/\/api.w.org\/{rel}","templated":true}]}}