{"id":52039,"date":"2022-12-06T07:52:17","date_gmt":"2022-12-06T06:52:17","guid":{"rendered":"https:\/\/www.alpibiellesi.eu\/home-page-2\/"},"modified":"2025-04-07T08:53:00","modified_gmt":"2025-04-07T06:53:00","slug":"home-page-2","status":"publish","type":"page","link":"https:\/\/www.alpibiellesi.eu\/fr\/","title":{"rendered":"Home Page"},"content":{"rendered":"<p><div class=\"fusion-fullwidth fullwidth-box fusion-builder-row-1 fusion-flex-container has-pattern-background has-mask-background nonhundred-percent-fullwidth non-hundred-percent-height-scrolling\" style=\"--awb-border-radius-top-left:0px;--awb-border-radius-top-right:0px;--awb-border-radius-bottom-right:0px;--awb-border-radius-bottom-left:0px;--awb-flex-wrap:wrap;\" ><div class=\"fusion-builder-row fusion-row fusion-flex-align-items-flex-start fusion-flex-content-wrap\" style=\"max-width:1144px;margin-left: calc(-4% \/ 2 );margin-right: calc(-4% \/ 2 );\"><div class=\"fusion-layout-column fusion_builder_column fusion-builder-column-0 fusion_builder_column_1_1 1_1 fusion-flex-column\" style=\"--awb-padding-right:10px;--awb-padding-left:10px;--awb-bg-size:cover;--awb-width-large:100%;--awb-margin-top-large:29px;--awb-spacing-right-large:3.552%;--awb-margin-bottom-large:0px;--awb-spacing-left-large:3.264%;--awb-width-medium:100%;--awb-order-medium:0;--awb-spacing-right-medium:1.92%;--awb-spacing-left-medium:1.92%;--awb-width-small:100%;--awb-order-small:0;--awb-spacing-right-small:1.92%;--awb-spacing-left-small:1.92%;\"><div class=\"fusion-column-wrapper fusion-column-has-shadow fusion-flex-justify-content-flex-start fusion-content-layout-column\"><div class=\"fusion-title title fusion-title-1 sep-underline sep-solid fusion-title-text fusion-title-size-one\" style=\"--awb-font-size:18px;\"><h1 class=\"fusion-title-heading title-heading-left fusion-responsive-typography-calculated\" style=\"font-family:var(--awb-typography1-font-family);font-weight:var(--awb-typography1-font-weight);font-style:var(--awb-typography1-font-style);margin:0;letter-spacing:1px;text-transform:uppercase;font-size:1em;--fontSize:18;--minFontSize:18;line-height:1.45;\">Planifiez vos vacances<\/h1><\/div><\/div><\/div><\/div><\/div><div class=\"fusion-fullwidth fullwidth-box fusion-builder-row-2 fusion-flex-container has-pattern-background has-mask-background hundred-percent-fullwidth non-hundred-percent-height-scrolling\" style=\"--awb-border-radius-top-left:0px;--awb-border-radius-top-right:0px;--awb-border-radius-bottom-right:0px;--awb-border-radius-bottom-left:0px;--awb-padding-right:10%;--awb-padding-left:10%;--awb-flex-wrap:wrap;\" ><div class=\"fusion-builder-row fusion-row fusion-flex-align-items-flex-start fusion-flex-content-wrap\" style=\"width:104% !important;max-width:104% !important;margin-left: calc(-4% \/ 2 );margin-right: calc(-4% \/ 2 );\"><div class=\"fusion-layout-column fusion_builder_column fusion-builder-column-1 fusion_builder_column_1_3 1_3 fusion-flex-column\" style=\"--awb-bg-blend:overlay;--awb-bg-size:cover;--awb-width-large:33.333333333333%;--awb-margin-top-large:0px;--awb-spacing-right-large:10px;--awb-margin-bottom-large:20px;--awb-spacing-left-large:10px;--awb-width-medium:100%;--awb-order-medium:0;--awb-spacing-right-medium:1.92%;--awb-spacing-left-medium:1.92%;--awb-width-small:100%;--awb-order-small:0;--awb-spacing-right-small:1.92%;--awb-spacing-left-small:1.92%;\" data-scroll-devices=\"small-visibility,medium-visibility,large-visibility\"><div class=\"fusion-column-wrapper fusion-column-has-shadow fusion-flex-justify-content-flex-start fusion-content-layout-column\"><div class=\"fusion-image-element awb-imageframe-style awb-imageframe-style-below awb-imageframe-style-1\" style=\"text-align:center;--awb-aspect-ratio:3 \/ 2;--awb-object-position:60% 39%;--awb-caption-title-color:var(--awb-custom12);--awb-caption-title-font-family:var(--awb-typography4-font-family);--awb-caption-title-font-weight:var(--awb-typography4-font-weight);--awb-caption-title-font-style:var(--awb-typography4-font-style);--awb-caption-title-size:17px;--awb-caption-title-transform:var(--awb-typography4-text-transform);--awb-caption-title-line-height:3;--awb-caption-title-letter-spacing:var(--awb-typography4-letter-spacing);\"><span class=\" fusion-imageframe imageframe-none imageframe-1 hover-type-none has-aspect-ratio\" style=\"border:1px solid var(--awb-color5);border-radius:10px;\"><a class=\"fusion-no-lightbox\" href=\"https:\/\/www.alpibiellesi.eu\/fr\/ou-manger\/\" target=\"_self\" aria-label=\"Oasi-Zegna_Bottega-del-Dahu_3\"><img decoding=\"async\" width=\"800\" height=\"600\" src=\"https:\/\/www.alpibiellesi.eu\/wp-content\/uploads\/2024\/05\/Oasi-Zegna_Bottega-del-Dahu_3.jpg\" class=\"img-responsive wp-image-47594 img-with-aspect-ratio\" data-parent-fit=\"cover\" data-parent-container=\".fusion-image-element\" alt srcset=\"https:\/\/www.alpibiellesi.eu\/wp-content\/uploads\/2024\/05\/Oasi-Zegna_Bottega-del-Dahu_3-200x150.jpg 200w, https:\/\/www.alpibiellesi.eu\/wp-content\/uploads\/2024\/05\/Oasi-Zegna_Bottega-del-Dahu_3-400x300.jpg 400w, https:\/\/www.alpibiellesi.eu\/wp-content\/uploads\/2024\/05\/Oasi-Zegna_Bottega-del-Dahu_3-600x450.jpg 600w, https:\/\/www.alpibiellesi.eu\/wp-content\/uploads\/2024\/05\/Oasi-Zegna_Bottega-del-Dahu_3.jpg 800w\" sizes=\"(max-width: 1024px) 100vw, (max-width: 640px) 100vw, 400px\" \/><\/a><\/span><div class=\"awb-imageframe-caption-container\" style=\"text-align:center;\"><div class=\"awb-imageframe-caption\"><h3 class=\"awb-imageframe-caption-title\">O\u00f9 manger<\/h3><p class=\"awb-imageframe-caption-text\"> <\/p><\/div><\/div><\/div><\/div><\/div><div class=\"fusion-layout-column fusion_builder_column fusion-builder-column-2 fusion_builder_column_1_3 1_3 fusion-flex-column\" style=\"--awb-bg-blend:overlay;--awb-bg-size:cover;--awb-width-large:33.333333333333%;--awb-margin-top-large:0px;--awb-spacing-right-large:10px;--awb-margin-bottom-large:20px;--awb-spacing-left-large:10px;--awb-width-medium:100%;--awb-order-medium:0;--awb-spacing-right-medium:1.92%;--awb-spacing-left-medium:1.92%;--awb-width-small:100%;--awb-order-small:0;--awb-spacing-right-small:1.92%;--awb-spacing-left-small:1.92%;\" data-scroll-devices=\"small-visibility,medium-visibility,large-visibility\"><div class=\"fusion-column-wrapper fusion-column-has-shadow fusion-flex-justify-content-flex-start fusion-content-layout-column\"><div class=\"fusion-image-element awb-imageframe-style awb-imageframe-style-below awb-imageframe-style-2\" style=\"text-align:center;--awb-aspect-ratio:3 \/ 2;--awb-object-position:60% 39%;--awb-caption-title-color:var(--awb-custom12);--awb-caption-title-font-family:var(--awb-typography4-font-family);--awb-caption-title-font-weight:var(--awb-typography4-font-weight);--awb-caption-title-font-style:var(--awb-typography4-font-style);--awb-caption-title-size:17px;--awb-caption-title-transform:var(--awb-typography4-text-transform);--awb-caption-title-line-height:3;--awb-caption-title-letter-spacing:var(--awb-typography4-letter-spacing);\"><span class=\" fusion-imageframe imageframe-none imageframe-2 hover-type-none has-aspect-ratio\" style=\"border:1px solid var(--awb-color5);border-radius:10px;\"><a class=\"fusion-no-lightbox\" href=\"https:\/\/www.alpibiellesi.eu\/fr\/ou-dormir\/\" target=\"_self\" aria-label=\"CascinaMedicoSalone 800 x 600\"><img decoding=\"async\" width=\"800\" height=\"600\" src=\"https:\/\/www.alpibiellesi.eu\/wp-content\/uploads\/2024\/02\/CascinaMedicoSalone-800-x-600.jpg\" class=\"img-responsive wp-image-46711 img-with-aspect-ratio\" data-parent-fit=\"cover\" data-parent-container=\".fusion-image-element\" alt srcset=\"https:\/\/www.alpibiellesi.eu\/wp-content\/uploads\/2024\/02\/CascinaMedicoSalone-800-x-600-200x150.jpg 200w, https:\/\/www.alpibiellesi.eu\/wp-content\/uploads\/2024\/02\/CascinaMedicoSalone-800-x-600-400x300.jpg 400w, https:\/\/www.alpibiellesi.eu\/wp-content\/uploads\/2024\/02\/CascinaMedicoSalone-800-x-600-600x450.jpg 600w, https:\/\/www.alpibiellesi.eu\/wp-content\/uploads\/2024\/02\/CascinaMedicoSalone-800-x-600.jpg 800w\" sizes=\"(max-width: 1024px) 100vw, (max-width: 640px) 100vw, 400px\" \/><\/a><\/span><div class=\"awb-imageframe-caption-container\" style=\"text-align:center;\"><div class=\"awb-imageframe-caption\"><h3 class=\"awb-imageframe-caption-title\">O\u00f9 dormir<\/h3><p class=\"awb-imageframe-caption-text\"> <\/p><\/div><\/div><\/div><\/div><\/div><div class=\"fusion-layout-column fusion_builder_column fusion-builder-column-3 fusion_builder_column_1_3 1_3 fusion-flex-column\" style=\"--awb-bg-blend:overlay;--awb-bg-size:cover;--awb-width-large:33.333333333333%;--awb-margin-top-large:0px;--awb-spacing-right-large:10px;--awb-margin-bottom-large:20px;--awb-spacing-left-large:10px;--awb-width-medium:100%;--awb-order-medium:0;--awb-spacing-right-medium:1.92%;--awb-spacing-left-medium:1.92%;--awb-width-small:100%;--awb-order-small:0;--awb-spacing-right-small:1.92%;--awb-spacing-left-small:1.92%;\" data-scroll-devices=\"small-visibility,medium-visibility,large-visibility\"><div class=\"fusion-column-wrapper fusion-column-has-shadow fusion-flex-justify-content-flex-start fusion-content-layout-column\"><div class=\"fusion-image-element awb-imageframe-style awb-imageframe-style-below awb-imageframe-style-3\" style=\"text-align:center;--awb-aspect-ratio:3 \/ 2;--awb-object-position:60% 39%;--awb-caption-title-color:var(--awb-custom12);--awb-caption-title-font-family:var(--awb-typography4-font-family);--awb-caption-title-font-weight:var(--awb-typography4-font-weight);--awb-caption-title-font-style:var(--awb-typography4-font-style);--awb-caption-title-size:17px;--awb-caption-title-transform:var(--awb-typography4-text-transform);--awb-caption-title-line-height:3;--awb-caption-title-letter-spacing:var(--awb-typography4-letter-spacing);\"><span class=\" fusion-imageframe imageframe-none imageframe-3 hover-type-none has-aspect-ratio\" style=\"border:1px solid var(--awb-color5);border-radius:10px;\"><a class=\"fusion-no-lightbox\" href=\"https:\/\/www.alpibiellesi.eu\/fr\/esperienze\/\" target=\"_self\" aria-label=\"escursionismo 800&#215;600\"><img decoding=\"async\" width=\"800\" height=\"600\" src=\"https:\/\/www.alpibiellesi.eu\/wp-content\/uploads\/2025\/04\/escursionismo-800x600-1.jpg\" class=\"img-responsive wp-image-55595 img-with-aspect-ratio\" data-parent-fit=\"cover\" data-parent-container=\".fusion-image-element\" alt srcset=\"https:\/\/www.alpibiellesi.eu\/wp-content\/uploads\/2025\/04\/escursionismo-800x600-1-200x150.jpg 200w, https:\/\/www.alpibiellesi.eu\/wp-content\/uploads\/2025\/04\/escursionismo-800x600-1-400x300.jpg 400w, https:\/\/www.alpibiellesi.eu\/wp-content\/uploads\/2025\/04\/escursionismo-800x600-1-600x450.jpg 600w, https:\/\/www.alpibiellesi.eu\/wp-content\/uploads\/2025\/04\/escursionismo-800x600-1.jpg 800w\" sizes=\"(max-width: 1024px) 100vw, (max-width: 640px) 100vw, 400px\" \/><\/a><\/span><div class=\"awb-imageframe-caption-container\" style=\"text-align:center;\"><div class=\"awb-imageframe-caption\"><h3 class=\"awb-imageframe-caption-title\">Exp\u00e9riences<\/h3><p class=\"awb-imageframe-caption-text\"> <\/p><\/div><\/div><\/div><\/div><\/div><\/div><\/div><div class=\"fusion-fullwidth fullwidth-box fusion-builder-row-3 fusion-flex-container has-pattern-background has-mask-background nonhundred-percent-fullwidth non-hundred-percent-height-scrolling\" style=\"--awb-border-radius-top-left:0px;--awb-border-radius-top-right:0px;--awb-border-radius-bottom-right:0px;--awb-border-radius-bottom-left:0px;--awb-margin-top:89px;--awb-margin-top-small:99px;--awb-flex-wrap:wrap;\" ><div class=\"fusion-builder-row fusion-row fusion-flex-align-items-flex-start fusion-flex-content-wrap\" style=\"max-width:1144px;margin-left: calc(-4% \/ 2 );margin-right: calc(-4% \/ 2 );\"><div class=\"fusion-layout-column fusion_builder_column fusion-builder-column-4 fusion_builder_column_1_1 1_1 fusion-flex-column\" style=\"--awb-padding-right:10px;--awb-padding-left:10px;--awb-bg-size:cover;--awb-width-large:100%;--awb-margin-top-large:0px;--awb-spacing-right-large:3.552%;--awb-margin-bottom-large:0px;--awb-spacing-left-large:3.264%;--awb-width-medium:100%;--awb-order-medium:0;--awb-spacing-right-medium:1.92%;--awb-spacing-left-medium:1.92%;--awb-width-small:100%;--awb-order-small:0;--awb-spacing-right-small:1.92%;--awb-spacing-left-small:1.92%;\"><div class=\"fusion-column-wrapper fusion-column-has-shadow fusion-flex-justify-content-flex-start fusion-content-layout-column\"><div class=\"fusion-title title fusion-title-2 sep-underline sep-solid fusion-title-text fusion-title-size-one\" style=\"--awb-font-size:18px;\"><h1 class=\"fusion-title-heading title-heading-left fusion-responsive-typography-calculated\" style=\"font-family:var(--awb-typography1-font-family);font-weight:var(--awb-typography1-font-weight);font-style:var(--awb-typography1-font-style);margin:0;letter-spacing:1px;text-transform:uppercase;font-size:1em;--fontSize:18;--minFontSize:18;line-height:1.45;\">vid\u00e9o<\/h1><\/div><\/div><\/div><\/div><\/div><div class=\"fusion-fullwidth fullwidth-box fusion-builder-row-4 fusion-flex-container has-pattern-background has-mask-background nonhundred-percent-fullwidth non-hundred-percent-height-scrolling\" style=\"--awb-border-radius-top-left:0px;--awb-border-radius-top-right:0px;--awb-border-radius-bottom-right:0px;--awb-border-radius-bottom-left:0px;--awb-margin-top:18px;--awb-margin-top-small:1px;--awb-flex-wrap:wrap;\" ><div class=\"fusion-builder-row fusion-row fusion-flex-align-items-flex-start fusion-flex-content-wrap\" style=\"max-width:1144px;margin-left: calc(-4% \/ 2 );margin-right: calc(-4% \/ 2 );\"><div class=\"fusion-layout-column fusion_builder_column fusion-builder-column-5 fusion_builder_column_1_1 1_1 fusion-flex-column\" style=\"--awb-padding-right:10px;--awb-padding-left:10px;--awb-bg-size:cover;--awb-width-large:100%;--awb-margin-top-large:0px;--awb-spacing-right-large:3.552%;--awb-margin-bottom-large:0px;--awb-spacing-left-large:3.264%;--awb-width-medium:100%;--awb-order-medium:0;--awb-spacing-right-medium:1.92%;--awb-spacing-left-medium:1.92%;--awb-width-small:100%;--awb-order-small:0;--awb-spacing-right-small:1.92%;--awb-spacing-left-small:1.92%;\"><div class=\"fusion-column-wrapper fusion-column-has-shadow fusion-flex-justify-content-flex-start fusion-content-layout-column\"><div class=\"fusion-tabs fusion-tabs-1 classic vertical-tabs icon-position-left mobile-mode-accordion\" style=\"--icon-active-color:#9e0000;--awb-title-border-radius-top-left:0px;--awb-title-border-radius-top-right:0px;--awb-title-border-radius-bottom-right:0px;--awb-title-border-radius-bottom-left:0px;--awb-content-padding-top:0px;--awb-content-padding-right:0px;--awb-content-padding-bottom:0px;--awb-content-padding-left:0px;--awb-title-font-size:11px;--awb-title-text-transform:uppercase;--awb-title-line-height:var(--awb-typography4-line-height);--awb-title-letter-spacing:var(--awb-typography4-letter-spacing);--awb-alignment:start;--awb-inactive-color:var(--awb-color2);--awb-title-text-color:var(--awb-color5);--awb-title-active-text-color:var(--awb-color7);--awb-background-color:var(--awb-color1);--awb-border-color:var(--awb-color1);--awb-active-border-color:var(--awb-color2);--awb-title-font-family:var(--awb-typography4-font-family);--awb-title-font-weight:var(--awb-typography4-font-weight);--awb-title-font-style:var(--awb-typography4-font-style);\"><div class=\"nav\"><ul class=\"nav-tabs\" role=\"tablist\"><li class=\"active\" role=\"presentation\"><a class=\"tab-link\" data-toggle=\"tab\" role=\"tab\" aria-controls=\"tab-d0f38d1a38517a73a01\" aria-selected=\"true\" id=\"fusion-tab-alad\u00e9couvertedesalpesdebiella\" href=\"#tab-d0f38d1a38517a73a01\"><h4 class=\"fusion-tab-heading\"><i class=\"fontawesome-icon fa-play-circle fas\" aria-hidden=\"true\" style=\"font-size:36px;\"><\/i>A la d\u00e9couverte des Alpes de Biella<\/h4><\/a><\/li><li role=\"presentation\"><a class=\"tab-link\" data-toggle=\"tab\" role=\"tab\" aria-controls=\"tab-efca31f42b5eb3afaf9\" aria-selected=\"false\" tabindex=\"-1\" id=\"fusion-tab-activit\u00e9sdepleinairdanslesalpesdebiella\" href=\"#tab-efca31f42b5eb3afaf9\"><h4 class=\"fusion-tab-heading\"><i class=\"fontawesome-icon fa-play-circle fas\" aria-hidden=\"true\" style=\"font-size:36px;\"><\/i>Activit\u00e9s de plein air dans les Alpes de Biella<\/h4><\/a><\/li><li role=\"presentation\"><a class=\"tab-link\" data-toggle=\"tab\" role=\"tab\" aria-controls=\"tab-ac8ea4d2669b1206c1a\" aria-selected=\"false\" tabindex=\"-1\" id=\"fusion-tab-alad\u00e9couvertedessanctuairesdebiella\" href=\"#tab-ac8ea4d2669b1206c1a\"><h4 class=\"fusion-tab-heading\"><i class=\"fontawesome-icon fa-play-circle fas\" aria-hidden=\"true\" style=\"font-size:36px;\"><\/i>A la d\u00e9couverte des sanctuaires de Biella<\/h4><\/a><\/li><li role=\"presentation\"><a class=\"tab-link\" data-toggle=\"tab\" role=\"tab\" aria-controls=\"tab-c938d73c0eef2083270\" aria-selected=\"false\" tabindex=\"-1\" id=\"fusion-tab-lepi\u00e9mont\u00e0v\u00e9lo\" href=\"#tab-c938d73c0eef2083270\"><h4 class=\"fusion-tab-heading\"><i class=\"fontawesome-icon fa-play-circle fas\" aria-hidden=\"true\" style=\"font-size:36px;\"><\/i>Le Pi\u00e9mont \u00e0 v\u00e9lo<\/h4><\/a><\/li><li role=\"presentation\"><a class=\"tab-link\" data-toggle=\"tab\" role=\"tab\" aria-controls=\"tab-16d7db7704ab4dd7d93\" aria-selected=\"false\" tabindex=\"-1\" id=\"fusion-tab-lamagiedel&#039;hiver\" href=\"#tab-16d7db7704ab4dd7d93\"><h4 class=\"fusion-tab-heading\"><i class=\"fontawesome-icon fa-play-circle fas\" aria-hidden=\"true\" style=\"font-size:36px;\"><\/i>La magie de l'hiver<\/h4><\/a><\/li><li role=\"presentation\"><a class=\"tab-link\" data-toggle=\"tab\" role=\"tab\" aria-controls=\"tab-712d56d112ed1c4b2f7\" aria-selected=\"false\" tabindex=\"-1\" id=\"fusion-tab-galmontagnesdebiella\" href=\"#tab-712d56d112ed1c4b2f7\"><h4 class=\"fusion-tab-heading\"><i class=\"fontawesome-icon fa-play-circle fas\" aria-hidden=\"true\" style=\"font-size:36px;\"><\/i>Gal Montagnes de Biella<\/h4><\/a><\/li><\/ul><\/div><div class=\"tab-content\"><div class=\"nav fusion-mobile-tab-nav\"><ul class=\"nav-tabs\" role=\"tablist\"><li class=\"active\" role=\"presentation\"><a class=\"tab-link\" data-toggle=\"tab\" role=\"tab\" aria-controls=\"tab-d0f38d1a38517a73a01\" aria-selected=\"true\" id=\"mobile-fusion-tab-alad\u00e9couvertedesalpesdebiella\" href=\"#tab-d0f38d1a38517a73a01\"><h4 class=\"fusion-tab-heading\"><i class=\"fontawesome-icon fa-play-circle fas\" aria-hidden=\"true\" style=\"font-size:36px;\"><\/i>A la d\u00e9couverte des Alpes de Biella<\/h4><\/a><\/li><\/ul><\/div><div class=\"tab-pane fade fusion-clearfix in active\" role=\"tabpanel\" tabindex=\"0\" aria-labelledby=\"fusion-tab-alad\u00e9couvertedesalpesdebiella\" id=\"tab-d0f38d1a38517a73a01\">\n<div class=\"fusion-video fusion-youtube\" style=\"--awb-max-width:600px;--awb-max-height:360px;\"><div class=\"video-shortcode\"><div class=\"fluid-width-video-wrapper\" style=\"padding-top:60%;\" ><iframe title=\"YouTube video player 1\" src=\"https:\/\/www.youtube.com\/embed\/A-sj1r8iTAA?wmode=transparent&autoplay=0\" width=\"600\" height=\"360\" allowfullscreen allow=\"autoplay; clipboard-write; encrypted-media; gyroscope; picture-in-picture;\"><\/iframe><\/div><\/div><\/div>\n<\/div><div class=\"nav fusion-mobile-tab-nav\"><ul class=\"nav-tabs\" role=\"tablist\"><li role=\"presentation\"><a class=\"tab-link\" data-toggle=\"tab\" role=\"tab\" aria-controls=\"tab-efca31f42b5eb3afaf9\" aria-selected=\"false\" tabindex=\"-1\" id=\"mobile-fusion-tab-activit\u00e9sdepleinairdanslesalpesdebiella\" href=\"#tab-efca31f42b5eb3afaf9\"><h4 class=\"fusion-tab-heading\"><i class=\"fontawesome-icon fa-play-circle fas\" aria-hidden=\"true\" style=\"font-size:36px;\"><\/i>Activit\u00e9s de plein air dans les Alpes de Biella<\/h4><\/a><\/li><\/ul><\/div><div class=\"tab-pane fade fusion-clearfix\" role=\"tabpanel\" tabindex=\"0\" aria-labelledby=\"fusion-tab-activit\u00e9sdepleinairdanslesalpesdebiella\" id=\"tab-efca31f42b5eb3afaf9\">\n<div class=\"fusion-video fusion-youtube\" style=\"--awb-max-width:600px;--awb-max-height:360px;\"><div class=\"video-shortcode\"><div class=\"fluid-width-video-wrapper\" style=\"padding-top:60%;\" ><iframe title=\"YouTube video player 2\" src=\"https:\/\/www.youtube.com\/embed\/oh9EqXdZAtc?wmode=transparent&autoplay=0\" width=\"600\" height=\"360\" allowfullscreen allow=\"autoplay; clipboard-write; encrypted-media; gyroscope; picture-in-picture;\"><\/iframe><\/div><\/div><\/div>\n<\/div><div class=\"nav fusion-mobile-tab-nav\"><ul class=\"nav-tabs\" role=\"tablist\"><li role=\"presentation\"><a class=\"tab-link\" data-toggle=\"tab\" role=\"tab\" aria-controls=\"tab-ac8ea4d2669b1206c1a\" aria-selected=\"false\" tabindex=\"-1\" id=\"mobile-fusion-tab-alad\u00e9couvertedessanctuairesdebiella\" href=\"#tab-ac8ea4d2669b1206c1a\"><h4 class=\"fusion-tab-heading\"><i class=\"fontawesome-icon fa-play-circle fas\" aria-hidden=\"true\" style=\"font-size:36px;\"><\/i>A la d\u00e9couverte des sanctuaires de Biella<\/h4><\/a><\/li><\/ul><\/div><div class=\"tab-pane fade fusion-clearfix\" role=\"tabpanel\" tabindex=\"0\" aria-labelledby=\"fusion-tab-alad\u00e9couvertedessanctuairesdebiella\" id=\"tab-ac8ea4d2669b1206c1a\">\n<div class=\"fusion-video fusion-youtube\" style=\"--awb-max-width:600px;--awb-max-height:360px;\"><div class=\"video-shortcode\"><div class=\"fluid-width-video-wrapper\" style=\"padding-top:60%;\" ><iframe title=\"YouTube video player 3\" src=\"https:\/\/www.youtube.com\/embed\/eodD0a-lg8w?wmode=transparent&autoplay=0\" width=\"600\" height=\"360\" allowfullscreen allow=\"autoplay; clipboard-write; encrypted-media; gyroscope; picture-in-picture;\"><\/iframe><\/div><\/div><\/div>\n<\/div><div class=\"nav fusion-mobile-tab-nav\"><ul class=\"nav-tabs\" role=\"tablist\"><li role=\"presentation\"><a class=\"tab-link\" data-toggle=\"tab\" role=\"tab\" aria-controls=\"tab-c938d73c0eef2083270\" aria-selected=\"false\" tabindex=\"-1\" id=\"mobile-fusion-tab-lepi\u00e9mont\u00e0v\u00e9lo\" href=\"#tab-c938d73c0eef2083270\"><h4 class=\"fusion-tab-heading\"><i class=\"fontawesome-icon fa-play-circle fas\" aria-hidden=\"true\" style=\"font-size:36px;\"><\/i>Le Pi\u00e9mont \u00e0 v\u00e9lo<\/h4><\/a><\/li><\/ul><\/div><div class=\"tab-pane fade fusion-clearfix\" role=\"tabpanel\" tabindex=\"0\" aria-labelledby=\"fusion-tab-lepi\u00e9mont\u00e0v\u00e9lo\" id=\"tab-c938d73c0eef2083270\">\n<div class=\"fusion-video fusion-youtube\" style=\"--awb-max-width:600px;--awb-max-height:360px;\"><div class=\"video-shortcode\"><div class=\"fluid-width-video-wrapper\" style=\"padding-top:60%;\" ><iframe title=\"YouTube video player 4\" src=\"https:\/\/www.youtube.com\/embed\/-XSC3k1Zq7k?wmode=transparent&autoplay=0\" width=\"600\" height=\"360\" allowfullscreen allow=\"autoplay; clipboard-write; encrypted-media; gyroscope; picture-in-picture;\"><\/iframe><\/div><\/div><\/div>\n<\/div><div class=\"nav fusion-mobile-tab-nav\"><ul class=\"nav-tabs\" role=\"tablist\"><li role=\"presentation\"><a class=\"tab-link\" data-toggle=\"tab\" role=\"tab\" aria-controls=\"tab-16d7db7704ab4dd7d93\" aria-selected=\"false\" tabindex=\"-1\" id=\"mobile-fusion-tab-lamagiedel&#039;hiver\" href=\"#tab-16d7db7704ab4dd7d93\"><h4 class=\"fusion-tab-heading\"><i class=\"fontawesome-icon fa-play-circle fas\" aria-hidden=\"true\" style=\"font-size:36px;\"><\/i>La magie de l'hiver<\/h4><\/a><\/li><\/ul><\/div><div class=\"tab-pane fade fusion-clearfix\" role=\"tabpanel\" tabindex=\"0\" aria-labelledby=\"fusion-tab-lamagiedel&#039;hiver\" id=\"tab-16d7db7704ab4dd7d93\">\n<div class=\"fusion-video fusion-youtube\" style=\"--awb-max-width:600px;--awb-max-height:360px;\" data-autoplay=\"1\"><div class=\"video-shortcode\"><div class=\"fluid-width-video-wrapper\" style=\"padding-top:60%;\" ><iframe title=\"YouTube video player 5\" src=\"https:\/\/www.youtube.com\/embed\/Co9w4v3gl68?wmode=transparent&autoplay=0&amp;mute=1&amp;loop=1&amp;playlist=Co9w4v3gl68\" width=\"600\" height=\"360\" allowfullscreen allow=\"autoplay; clipboard-write; encrypted-media; gyroscope; picture-in-picture;\"><\/iframe><\/div><\/div><\/div>\n<\/div><div class=\"nav fusion-mobile-tab-nav\"><ul class=\"nav-tabs\" role=\"tablist\"><li role=\"presentation\"><a class=\"tab-link\" data-toggle=\"tab\" role=\"tab\" aria-controls=\"tab-712d56d112ed1c4b2f7\" aria-selected=\"false\" tabindex=\"-1\" id=\"mobile-fusion-tab-galmontagnesdebiella\" href=\"#tab-712d56d112ed1c4b2f7\"><h4 class=\"fusion-tab-heading\"><i class=\"fontawesome-icon fa-play-circle fas\" aria-hidden=\"true\" style=\"font-size:36px;\"><\/i>Gal Montagnes de Biella<\/h4><\/a><\/li><\/ul><\/div><div class=\"tab-pane fade fusion-clearfix\" role=\"tabpanel\" tabindex=\"0\" aria-labelledby=\"fusion-tab-galmontagnesdebiella\" id=\"tab-712d56d112ed1c4b2f7\"><div class=\"fusion-video fusion-youtube\" style=\"--awb-max-width:600px;--awb-max-height:360px;\"><div class=\"video-shortcode\"><div class=\"fluid-width-video-wrapper\" style=\"padding-top:60%;\" ><iframe title=\"YouTube video player 6\" src=\"https:\/\/www.youtube.com\/embed\/CdCTmrRq7yg?wmode=transparent&autoplay=0\" width=\"600\" height=\"360\" allowfullscreen allow=\"autoplay; clipboard-write; encrypted-media; gyroscope; picture-in-picture;\"><\/iframe><\/div><\/div><\/div><\/div><\/div><\/div><\/div><\/div><\/div><\/div><\/p>\n","protected":false},"excerpt":{"rendered":"","protected":false},"author":38,"featured_media":0,"parent":0,"menu_order":0,"comment_status":"closed","ping_status":"closed","template":"100-width.php","meta":{"footnotes":""},"class_list":["post-52039","page","type-page","status-publish","hentry"],"aioseo_notices":[],"_links":{"self":[{"href":"https:\/\/www.alpibiellesi.eu\/fr\/wp-json\/wp\/v2\/pages\/52039","targetHints":{"allow":["GET"]}}],"collection":[{"href":"https:\/\/www.alpibiellesi.eu\/fr\/wp-json\/wp\/v2\/pages"}],"about":[{"href":"https:\/\/www.alpibiellesi.eu\/fr\/wp-json\/wp\/v2\/types\/page"}],"author":[{"embeddable":true,"href":"https:\/\/www.alpibiellesi.eu\/fr\/wp-json\/wp\/v2\/users\/38"}],"replies":[{"embeddable":true,"href":"https:\/\/www.alpibiellesi.eu\/fr\/wp-json\/wp\/v2\/comments?post=52039"}],"version-history":[{"count":0,"href":"https:\/\/www.alpibiellesi.eu\/fr\/wp-json\/wp\/v2\/pages\/52039\/revisions"}],"wp:attachment":[{"href":"https:\/\/www.alpibiellesi.eu\/fr\/wp-json\/wp\/v2\/media?parent=52039"}],"curies":[{"name":"wp","href":"https:\/\/api.w.org\/{rel}","templated":true}]}}